{"id":390129,"date":"2025-09-02T10:57:22","date_gmt":"2025-09-02T10:57:22","guid":{"rendered":"https:\/\/glotomania.com\/p\/pasta-de-vainilla-bourbon-bio-eurovanille-270-g-2\/"},"modified":"2026-04-24T13:03:23","modified_gmt":"2026-04-24T13:03:23","slug":"pasta-de-vainilla-bourbon-bio-eurovanille-270-g-2","status":"publish","type":"product","link":"https:\/\/glotomania.com\/pt-pt\/p\/pasta-de-vainilla-bourbon-bio-eurovanille-270-g-2\/","title":{"rendered":"Pasta De Baunilha Bourbon Biol\u00d3gica Eurovanille &#8211; 270 G"},"content":{"rendered":"<p>&nbsp;<\/p>\n<p><span style=\"font-size:14px\"><span style=\"color:#000000\">Pasta de&nbsp;<strong>baunilha de bourbon 100% natural e biol&oacute;gica<\/strong>: sem corantes, sem conservantes, sem aditivos, ela vai real&ccedil;ar as suas cria&ccedil;&otilde;es!<\/span><\/span><\/p>\n<p><span style=\"font-size:14px\"><span style=\"color:#000000\">Extra&iacute;do da variedade <strong>baunilha planifolia<\/strong>, cultivada em Madag&aacute;scar. O seu aroma &eacute; composto por mais de 200 mol&eacute;culas arom&aacute;ticas, oferecendo notas amadeiradas, bals&acirc;micas e de rum.&nbsp;<\/span><\/span><\/p>\n<table align=\"center\" border=\"1\" cellpadding=\"1\" cellspacing=\"1\" style=\"width:500px\">\n<thead>\n<tr>\n<th scope=\"col\">\n<p><strong><span style=\"font-size: 14px\">&nbsp; &nbsp; &nbsp; &nbsp; &nbsp; &nbsp; &nbsp; &nbsp; &nbsp; &nbsp; &nbsp; &nbsp; &nbsp;<\/span><\/strong><strong><span style=\"font-size: 14px\">APLICA&Ccedil;&Otilde;ES&nbsp; &nbsp; &nbsp; &nbsp; &nbsp; &nbsp; &nbsp; &nbsp; &nbsp; &nbsp; &nbsp; &nbsp; &nbsp; &nbsp; &nbsp; &nbsp;&nbsp;<\/span><\/strong><\/p>\n<\/th>\n<th scope=\"col\" style=\"text-align: center\"><strong><span style=\"font-size: 14px\">DOSAGEM RECOMENDADA 1 L \/ 1 KG<\/span><\/strong><\/th>\n<\/tr>\n<\/thead>\n<tbody>\n<tr>\n<td style=\"text-align: center\"><span style=\"font-size: 14px\">Cremes ( pastelaria, inglesas), creme br&ucirc;l&eacute;e, creme catal&atilde;o<\/span><\/td>\n<td style=\"text-align: center\"><span style=\"font-size: 14px\">+\/- 20 gramas<\/span><\/td>\n<\/tr>\n<tr>\n<td style=\"text-align: center\"><span style=\"font-size: 14px\">Biscoitos e bolos<\/span><\/td>\n<td style=\"text-align: center\"><span style=\"font-size: 14px\">+\/- 20 gramas<\/span><\/td>\n<\/tr>\n<tr>\n<td style=\"text-align: center\"><span style=\"font-size: 14px\">Iogurtes<\/span><\/td>\n<td style=\"text-align: center\">7 &#8211; 10 gramos<br \/>\n\t\t\t&nbsp;<\/td>\n<\/tr>\n<\/tbody>\n<\/table>\n","protected":false},"excerpt":{"rendered":"<p>Pasta de baunilha de bourbon de Madag\u00e1scar 100% biol\u00f3gica, ideal para utilizar como aromatizante ou cobertura, trazendo notas doces de baunilha \u00e0s nossas cria\u00e7\u00f5es.<\/p>\n","protected":false},"featured_media":44535,"comment_status":"open","ping_status":"closed","template":"","meta":{"_acf_changed":false},"pwb-brand":[],"product_brand":[],"product_cat":[2943,2945,1834,1830,2952,1880,1832,1954,1902,1930,1845,1833,2999,2996,3001,3004],"product_tag":[],"class_list":{"0":"post-390129","1":"product","2":"type-product","3":"status-publish","4":"has-post-thumbnail","6":"product_cat-aromas-e-extractos","7":"product_cat-aromas-em-pasta","8":"product_cat-aroma-pasta","9":"product_cat-aromas-y-extractos","10":"product_cat-coberturas-2","11":"product_cat-cobertura","12":"product_cat-diestas-especiales","13":"product_cat-ingredientes-bio-para-reposteria","14":"product_cat-dieta-kosher","15":"product_cat-ingredientes-organicos-para-reposteria","16":"product_cat-dieta-sin-e-171","17":"product_cat-dieta-sin-gluten","18":"product_cat-kosher-2","19":"product_cat-produtos-vegetarianos","20":"product_cat-sem-e-171-2","21":"product_cat-sem-gluten-2","23":"first","24":"instock","25":"taxable","26":"shipping-taxable","27":"purchasable","28":"product-type-simple"},"acf":[],"df_price":19.28,"df_sale_price":"","df_regular_price":20.95,"df_image_link":"https:\/\/glotomania.com\/wp-content\/uploads\/2024\/10\/img_24922_f2da446c504418ee29965984f4170731_1-300x300.png","brands":[],"_links":{"self":[{"href":"https:\/\/glotomania.com\/pt-pt\/wp-json\/wp\/v2\/product\/390129","targetHints":{"allow":["GET"]}}],"collection":[{"href":"https:\/\/glotomania.com\/pt-pt\/wp-json\/wp\/v2\/product"}],"about":[{"href":"https:\/\/glotomania.com\/pt-pt\/wp-json\/wp\/v2\/types\/product"}],"replies":[{"embeddable":true,"href":"https:\/\/glotomania.com\/pt-pt\/wp-json\/wp\/v2\/comments?post=390129"}],"wp:featuredmedia":[{"embeddable":true,"href":"https:\/\/glotomania.com\/pt-pt\/wp-json\/wp\/v2\/media\/44535"}],"wp:attachment":[{"href":"https:\/\/glotomania.com\/pt-pt\/wp-json\/wp\/v2\/media?parent=390129"}],"wp:term":[{"taxonomy":"pwb-brand","embeddable":true,"href":"https:\/\/glotomania.com\/pt-pt\/wp-json\/wp\/v2\/pwb-brand?post=390129"},{"taxonomy":"product_brand","embeddable":true,"href":"https:\/\/glotomania.com\/pt-pt\/wp-json\/wp\/v2\/product_brand?post=390129"},{"taxonomy":"product_cat","embeddable":true,"href":"https:\/\/glotomania.com\/pt-pt\/wp-json\/wp\/v2\/product_cat?post=390129"},{"taxonomy":"product_tag","embeddable":true,"href":"https:\/\/glotomania.com\/pt-pt\/wp-json\/wp\/v2\/product_tag?post=390129"}],"curies":[{"name":"wp","href":"https:\/\/api.w.org\/{rel}","templated":true}]}}