{"id":390133,"date":"2025-09-02T10:57:26","date_gmt":"2025-09-02T10:57:26","guid":{"rendered":"https:\/\/glotomania.com\/p\/set-bases-de-madera-o-30-cm-9-mm-grosor-palos-50-cm-2-u-dasbi\/"},"modified":"2026-03-11T02:03:42","modified_gmt":"2026-03-11T02:03:42","slug":"set-bases-de-madera-o-30-cm-9-mm-grosor-palos-50-cm-2-u-dasbi","status":"publish","type":"product","link":"https:\/\/glotomania.com\/pt-pt\/p\/set-bases-de-madera-o-30-cm-9-mm-grosor-palos-50-cm-2-u-dasbi\/","title":{"rendered":"Conjunto De Bases De Madeira (\u00d8 30 Cm &#8211; 9 Mm De Espessura) + Palitos 50 Cm (2 Pe\u00c7as) &#8211; Dasbi"},"content":{"rendered":"<p>&nbsp;<\/p>\n<p><span style=\"font-size: 14px\">O pauzinho encaixa perfeitamente no orif&iacute;cio central da base, conferindo estabilidade e resist&ecirc;ncia extra &agrave;s nossas cria&ccedil;&otilde;es.<\/span><\/p>\n<p><span style=\"font-size: 14px\"><strong>Utiliza&ccedil;&atilde;o recomendada<\/strong>: embrulhar o palito em pel&iacute;cula pl&aacute;stica antes de o introduzir no bolo.&nbsp;&nbsp;<\/span><\/p>\n<p><span style=\"font-size: 14px\">Fabricado em madeira resistente de qualidade alimentar.<\/span><\/p>\n<p><span style=\"font-size: 14px\"><strong>Dimens&otilde;es aproximadas:&nbsp;<\/strong><\/span><\/p>\n<ul>\n<li><span style=\"font-size: 14px\">BASE:&nbsp;<u>espessura<\/u>&nbsp;9&nbsp;mm &#8211;&nbsp;<strong>&Oslash; base<\/strong>&nbsp;30&nbsp;cm &#8211;&nbsp;<strong>&Oslash; furo<\/strong>&nbsp;1 cm.<\/span><\/li>\n<li><span style=\"font-size: 14px\">PAU:&nbsp;<u>altura<\/u>&nbsp;50 cm.<\/span><\/li>\n<\/ul>\n<p><span style=\"font-size: 14px\"><em>O conjunto inclui 2 bases para bolos e 2 paus.<\/em><\/span><\/p>\n","protected":false},"excerpt":{"rendered":"<p>Inclui 2 bases para bolos com furo central e 2 paus, fabricados em madeira resistente, que dar\u00e3o estabilidade e for\u00e7a aos nossos bolos em camadas e bolos de v\u00e1rias camadas.<\/p>\n","protected":false},"featured_media":184384,"comment_status":"open","ping_status":"closed","template":"","meta":{"_acf_changed":false,"_joinchat":[]},"pwb-brand":[],"product_brand":[],"product_cat":[3096,1946,3093,1768,3087,1767],"product_tag":[],"class_list":{"0":"post-390133","1":"product","2":"type-product","3":"status-publish","4":"has-post-thumbnail","6":"product_cat-bases-de-madeira-redondas","7":"product_cat-bases-madera","8":"product_cat-bases-para-bolos-2","9":"product_cat-bases","10":"product_cat-ordem-e-armazenamento","11":"product_cat-utensilios","13":"first","14":"instock","15":"taxable","16":"shipping-taxable","17":"purchasable","18":"product-type-simple"},"acf":[],"df_price":31.64,"df_sale_price":"","df_regular_price":31.64,"df_image_link":"https:\/\/e622tfk5wxd.exactdn.com\/wp-content\/uploads\/2025\/09\/img_27540_e9dbbeccc8db43c91c6060315edaa740_1-300x300.jpg?strip=all","brands":[],"_links":{"self":[{"href":"https:\/\/glotomania.com\/pt-pt\/wp-json\/wp\/v2\/product\/390133","targetHints":{"allow":["GET"]}}],"collection":[{"href":"https:\/\/glotomania.com\/pt-pt\/wp-json\/wp\/v2\/product"}],"about":[{"href":"https:\/\/glotomania.com\/pt-pt\/wp-json\/wp\/v2\/types\/product"}],"replies":[{"embeddable":true,"href":"https:\/\/glotomania.com\/pt-pt\/wp-json\/wp\/v2\/comments?post=390133"}],"wp:featuredmedia":[{"embeddable":true,"href":"https:\/\/glotomania.com\/pt-pt\/wp-json\/wp\/v2\/media\/184384"}],"wp:attachment":[{"href":"https:\/\/glotomania.com\/pt-pt\/wp-json\/wp\/v2\/media?parent=390133"}],"wp:term":[{"taxonomy":"pwb-brand","embeddable":true,"href":"https:\/\/glotomania.com\/pt-pt\/wp-json\/wp\/v2\/pwb-brand?post=390133"},{"taxonomy":"product_brand","embeddable":true,"href":"https:\/\/glotomania.com\/pt-pt\/wp-json\/wp\/v2\/product_brand?post=390133"},{"taxonomy":"product_cat","embeddable":true,"href":"https:\/\/glotomania.com\/pt-pt\/wp-json\/wp\/v2\/product_cat?post=390133"},{"taxonomy":"product_tag","embeddable":true,"href":"https:\/\/glotomania.com\/pt-pt\/wp-json\/wp\/v2\/product_tag?post=390133"}],"curies":[{"name":"wp","href":"https:\/\/api.w.org\/{rel}","templated":true}]}}