{"id":390154,"date":"2025-11-03T10:06:54","date_gmt":"2025-11-03T10:06:54","guid":{"rendered":"https:\/\/glotomania.com\/p\/calendario-de-adviento-scrapcooking-magia-2\/"},"modified":"2026-03-11T02:06:11","modified_gmt":"2026-03-11T02:06:11","slug":"calendario-de-adviento-scrapcooking-magia-2","status":"publish","type":"product","link":"https:\/\/glotomania.com\/pt-pt\/p\/calendario-de-adviento-scrapcooking-magia-2\/","title":{"rendered":"Calend\u00c1rio Do Advento Scrapcooking &#8211; Magia"},"content":{"rendered":"<p>&nbsp;<\/p>\n<p><span style=\"color:#000000\"><span style=\"font-size: 14px\">Este kit criativo &eacute; perfeito para partilhar momentos inesquec&iacute;veis com a sua fam&iacute;lia durante a contagem decrescente dos dias at&eacute; ao Natal. Cada caixa do calend&aacute;rio cont&eacute;m uma surpresa, tornando a espera ainda mais emocionante: deliciosos chocolates ou rebu&ccedil;ados em forma de&nbsp;<strong>unic&oacute;rnios, grinaldas, cora&ccedil;&otilde;es, diamantes, cartas de amor e arco-&iacute;ris.<\/strong><\/span><\/span><\/p>\n<p><span style=\"color:#000000\"><span style=\"font-size: 14px\">F&aacute;cil de utilizar, pois foi&nbsp;<strong>concebido como um livro<\/strong>, abre-se facilmente e tem&nbsp;<strong>caixas pr&eacute;-cortadas<\/strong>&nbsp;para uma utiliza&ccedil;&atilde;o simples e intuitiva.<\/span><\/span><\/p>\n<p><span style=\"color:#000000\"><span style=\"font-size: 14px\">Inclui um&nbsp;<strong>molde de pl&aacute;stico&nbsp;<\/strong>PET de qualidade alimentar (25,6 x 26,9 cm).&nbsp;<u>Pode ser utilizado no frigor&iacute;fico ou no congelador<\/u>&nbsp;e &eacute; facilmente removido sem danificar a embalagem. Antes da primeira utiliza&ccedil;&atilde;o e ap&oacute;s cada utiliza&ccedil;&atilde;o, recomenda-se lavar o molde com &aacute;gua quente e sec&aacute;-lo de seguida.&nbsp;<strong>N&atilde;o &eacute; adequado para a m&aacute;quina de lavar loi&ccedil;a ou para o forno.<\/strong><\/span><\/span><\/p>\n<p><span style=\"color:#000000\"><span style=\"font-size: 14px\"><strong>Inclui tamb&eacute;m uma receita<\/strong>&nbsp;detalhada passo a passo para o ajudar a fazer os seus chocolates caseiros &#8211; perfeito para os pequenos chefes em casa!<\/span><\/span><\/p>\n<p><span style=\"color:#000000\"><span style=\"font-size: 14px\"><strong>Dica<\/strong>: Para que seja mais f&aacute;cil para os mais pequenos apanharem os chocolates quando abrirem as caixas, recomendamos que desenformem os chocolates antes de os voltarem a colocar nas cavidades do calend&aacute;rio.<\/span><\/span><\/p>\n<p><span style=\"color:#000000\"><em><span style=\"font-size: 14px\">Este produto n&atilde;o est&aacute; dispon&iacute;vel para a B&eacute;lgica, Fran&ccedil;a e Su&iacute;&ccedil;a.<\/span><\/em><\/span><\/p>\n","protected":false},"excerpt":{"rendered":"<p>Mergulhe na magia do Natal com este fant\u00e1stico calend\u00e1rio do advento (vazio) com tema de unic\u00f3rnio da Scrapcooking.<\/p>\n","protected":false},"featured_media":46917,"comment_status":"open","ping_status":"closed","template":"","meta":{"_acf_changed":false},"pwb-brand":[],"product_brand":[],"product_cat":[2905,1829],"product_tag":[],"class_list":{"0":"post-390154","1":"product","2":"type-product","3":"status-publish","4":"has-post-thumbnail","6":"product_cat-data-de-expiracao-proxima","7":"product_cat-ingredientes","9":"first","10":"instock","11":"taxable","12":"shipping-taxable","13":"purchasable","14":"product-type-simple"},"acf":[],"df_price":8.95,"df_sale_price":"","df_regular_price":8.95,"df_image_link":"https:\/\/glotomania.com\/wp-content\/uploads\/2024\/11\/img_25156_0a879062fd02f836c009c460a6c39bee_1-300x300.jpg","brands":[],"_links":{"self":[{"href":"https:\/\/glotomania.com\/pt-pt\/wp-json\/wp\/v2\/product\/390154","targetHints":{"allow":["GET"]}}],"collection":[{"href":"https:\/\/glotomania.com\/pt-pt\/wp-json\/wp\/v2\/product"}],"about":[{"href":"https:\/\/glotomania.com\/pt-pt\/wp-json\/wp\/v2\/types\/product"}],"replies":[{"embeddable":true,"href":"https:\/\/glotomania.com\/pt-pt\/wp-json\/wp\/v2\/comments?post=390154"}],"wp:featuredmedia":[{"embeddable":true,"href":"https:\/\/glotomania.com\/pt-pt\/wp-json\/wp\/v2\/media\/46917"}],"wp:attachment":[{"href":"https:\/\/glotomania.com\/pt-pt\/wp-json\/wp\/v2\/media?parent=390154"}],"wp:term":[{"taxonomy":"pwb-brand","embeddable":true,"href":"https:\/\/glotomania.com\/pt-pt\/wp-json\/wp\/v2\/pwb-brand?post=390154"},{"taxonomy":"product_brand","embeddable":true,"href":"https:\/\/glotomania.com\/pt-pt\/wp-json\/wp\/v2\/product_brand?post=390154"},{"taxonomy":"product_cat","embeddable":true,"href":"https:\/\/glotomania.com\/pt-pt\/wp-json\/wp\/v2\/product_cat?post=390154"},{"taxonomy":"product_tag","embeddable":true,"href":"https:\/\/glotomania.com\/pt-pt\/wp-json\/wp\/v2\/product_tag?post=390154"}],"curies":[{"name":"wp","href":"https:\/\/api.w.org\/{rel}","templated":true}]}}