{"id":390156,"date":"2025-09-02T10:58:43","date_gmt":"2025-09-02T10:58:43","guid":{"rendered":"https:\/\/glotomania.com\/p\/estambres-para-flores-medianos-blancos-2\/"},"modified":"2026-04-17T10:07:28","modified_gmt":"2026-04-17T10:07:28","slug":"estambres-para-flores-medianos-blancos-2","status":"publish","type":"product","link":"https:\/\/glotomania.com\/pt-pt\/p\/estambres-para-flores-medianos-blancos-2\/","title":{"rendered":"Estames Florais M\u00c9dios &#8211; Brancos"},"content":{"rendered":"<p>&nbsp;<\/p>\n<p><span style=\"font-size:14px\">D&ecirc; um toque de eleg&acirc;ncia e frescura &agrave;s suas cria&ccedil;&otilde;es com os nossos estames brancos. Perfeitos para todo o tipo de trabalhos manuais e ocasi&otilde;es, como a cria&ccedil;&atilde;o de bouquets, scrapbooking, artigos decorativos e decora&ccedil;&otilde;es para bolos.<\/span><\/p>\n<p><span style=\"font-size:14px\">Composto por um fio de algod&atilde;o macio, que garante resist&ecirc;ncia e durabilidade, para al&eacute;m de ser ecol&oacute;gico e reutiliz&aacute;vel.<\/span><\/p>\n<p><span style=\"font-size:14px\">N&atilde;o s&atilde;o comest&iacute;veis e devem ser retirados antes de apreciar as elabora&ccedil;&otilde;es.&nbsp;<\/span><\/p>\n<p><span style=\"font-size:14px\"><strong>Dimens&otilde;es aproximadas: <\/strong>Casulo 2 mm &#8211; Comprimento 6 cm.<\/span><\/p>\n<p><em><span style=\"font-size:14px\">A embalagem inclui 72 unidades.<\/span><\/em><\/p>\n","protected":false},"excerpt":{"rendered":"<p>Inclui 72 pistilos de flores, ideais para criar fant\u00e1sticas flores e elegantes decora\u00e7\u00f5es para bolos, bem como para servir de antenas para borboletas.<\/p>\n","protected":false},"featured_media":46894,"comment_status":"open","ping_status":"closed","template":"","meta":{"_acf_changed":false},"pwb-brand":[],"product_brand":[],"product_cat":[3087,3230,1813,1767],"product_tag":[],"class_list":{"0":"post-390156","1":"product","2":"type-product","3":"status-publish","4":"has-post-thumbnail","6":"product_cat-ordem-e-armazenamento","7":"product_cat-tubos-para-flores","8":"product_cat-utensilios-flores","9":"product_cat-utensilios","11":"first","12":"instock","13":"taxable","14":"shipping-taxable","15":"purchasable","16":"product-type-simple"},"acf":[],"df_price":2.99,"df_sale_price":"","df_regular_price":2.99,"df_image_link":"https:\/\/glotomania.com\/wp-content\/uploads\/2024\/11\/img_25163_d745c06c28e6691a17578e231c38d39e_1-300x300.jpg","brands":[],"_links":{"self":[{"href":"https:\/\/glotomania.com\/pt-pt\/wp-json\/wp\/v2\/product\/390156","targetHints":{"allow":["GET"]}}],"collection":[{"href":"https:\/\/glotomania.com\/pt-pt\/wp-json\/wp\/v2\/product"}],"about":[{"href":"https:\/\/glotomania.com\/pt-pt\/wp-json\/wp\/v2\/types\/product"}],"replies":[{"embeddable":true,"href":"https:\/\/glotomania.com\/pt-pt\/wp-json\/wp\/v2\/comments?post=390156"}],"wp:featuredmedia":[{"embeddable":true,"href":"https:\/\/glotomania.com\/pt-pt\/wp-json\/wp\/v2\/media\/46894"}],"wp:attachment":[{"href":"https:\/\/glotomania.com\/pt-pt\/wp-json\/wp\/v2\/media?parent=390156"}],"wp:term":[{"taxonomy":"pwb-brand","embeddable":true,"href":"https:\/\/glotomania.com\/pt-pt\/wp-json\/wp\/v2\/pwb-brand?post=390156"},{"taxonomy":"product_brand","embeddable":true,"href":"https:\/\/glotomania.com\/pt-pt\/wp-json\/wp\/v2\/product_brand?post=390156"},{"taxonomy":"product_cat","embeddable":true,"href":"https:\/\/glotomania.com\/pt-pt\/wp-json\/wp\/v2\/product_cat?post=390156"},{"taxonomy":"product_tag","embeddable":true,"href":"https:\/\/glotomania.com\/pt-pt\/wp-json\/wp\/v2\/product_tag?post=390156"}],"curies":[{"name":"wp","href":"https:\/\/api.w.org\/{rel}","templated":true}]}}