{"id":390164,"date":"2025-09-02T10:58:49","date_gmt":"2025-09-02T10:58:49","guid":{"rendered":"https:\/\/glotomania.com\/p\/capsulas-cupcakes-para-hornear-bloom-funcakes-plata-metalico-2\/"},"modified":"2026-04-08T03:21:56","modified_gmt":"2026-04-08T03:21:56","slug":"capsulas-cupcakes-para-hornear-bloom-funcakes-plata-metalico-2","status":"publish","type":"product","link":"https:\/\/glotomania.com\/pt-pt\/p\/capsulas-cupcakes-para-hornear-bloom-funcakes-plata-metalico-2\/","title":{"rendered":"C\u00c1psulas Cupcakes \u201cbloom\u201d Funcakes &#8211; Prata Metalizado"},"content":{"rendered":"<p>&nbsp;<\/p>\n<p><span style=\"font-size: 14px\">C&aacute;psulas para cupcakes fabricadas em&nbsp;<strong>cart&atilde;o revestido de alta qualidade, espesso e dur&aacute;vel,&nbsp;<\/strong>o que lhes permite manterem-se de p&eacute; de forma independente, ideais para utiliza&ccedil;&atilde;o direta no forno (<strong>m&aacute;x. 220 &ordm;C<\/strong>).<br \/>\nGra&ccedil;as ao seu design&nbsp;<strong>anti-aderente<\/strong>, podem ser facilmente desenformados, garantindo uma apresenta&ccedil;&atilde;o impec&aacute;vel.<\/span><\/p>\n<p><span style=\"font-size: 14px\"><strong>Dimens&otilde;es aproximadas:&nbsp;<\/strong>&Oslash; 8 cm &#8211; Altura 3 cm.<\/span><\/p>\n<p><em><span style=\"font-size: 14px\">A embalagem inclui 48 unidades.<\/span><\/em><\/p>\n","protected":false},"excerpt":{"rendered":"<p>Fa\u00e7a 48 cupcakes com formas \u00fanicas e criativas sem precisar de um tabuleiro com estas c\u00e1psulas \u201cBloom\u201d da Funcakes!<\/p>\n","protected":false},"featured_media":46906,"comment_status":"open","ping_status":"closed","template":"","meta":{"_acf_changed":false,"_joinchat":[]},"pwb-brand":[],"product_brand":[],"product_cat":[3191,2009,2010,3193,2910,2907,2917,3087,1888,1849,1863,1767],"product_tag":[],"class_list":{"0":"post-390164","1":"product","2":"type-product","3":"status-publish","4":"has-post-thumbnail","6":"product_cat-capacillos-de-papel-2","7":"product_cat-capsulas","8":"product_cat-capsulas-cupcakes","9":"product_cat-capsulas-para-cupcakes-2","10":"product_cat-casamentos-2","11":"product_cat-festas","12":"product_cat-halloween","13":"product_cat-ordem-e-armazenamento","14":"product_cat-bodas","15":"product_cat-fiestas","17":"product_cat-utensilios","19":"first","20":"instock","21":"taxable","22":"shipping-taxable","23":"purchasable","24":"product-type-simple"},"acf":[],"df_price":4.6,"df_sale_price":3.22,"df_regular_price":4.6,"df_image_link":"https:\/\/e622tfk5wxd.exactdn.com\/wp-content\/uploads\/2024\/11\/img_25184_3be385bed31b4bc1c5d83ea3f011ca20_1-300x300.jpg?strip=all","brands":[],"_links":{"self":[{"href":"https:\/\/glotomania.com\/pt-pt\/wp-json\/wp\/v2\/product\/390164","targetHints":{"allow":["GET"]}}],"collection":[{"href":"https:\/\/glotomania.com\/pt-pt\/wp-json\/wp\/v2\/product"}],"about":[{"href":"https:\/\/glotomania.com\/pt-pt\/wp-json\/wp\/v2\/types\/product"}],"replies":[{"embeddable":true,"href":"https:\/\/glotomania.com\/pt-pt\/wp-json\/wp\/v2\/comments?post=390164"}],"wp:featuredmedia":[{"embeddable":true,"href":"https:\/\/glotomania.com\/pt-pt\/wp-json\/wp\/v2\/media\/46906"}],"wp:attachment":[{"href":"https:\/\/glotomania.com\/pt-pt\/wp-json\/wp\/v2\/media?parent=390164"}],"wp:term":[{"taxonomy":"pwb-brand","embeddable":true,"href":"https:\/\/glotomania.com\/pt-pt\/wp-json\/wp\/v2\/pwb-brand?post=390164"},{"taxonomy":"product_brand","embeddable":true,"href":"https:\/\/glotomania.com\/pt-pt\/wp-json\/wp\/v2\/product_brand?post=390164"},{"taxonomy":"product_cat","embeddable":true,"href":"https:\/\/glotomania.com\/pt-pt\/wp-json\/wp\/v2\/product_cat?post=390164"},{"taxonomy":"product_tag","embeddable":true,"href":"https:\/\/glotomania.com\/pt-pt\/wp-json\/wp\/v2\/product_tag?post=390164"}],"curies":[{"name":"wp","href":"https:\/\/api.w.org\/{rel}","templated":true}]}}