{"id":390177,"date":"2025-09-02T10:59:27","date_gmt":"2025-09-02T10:59:27","guid":{"rendered":"https:\/\/glotomania.com\/p\/extracto-de-vainilla-bourbon-bio-con-semillas-75-ml-eurovanille-2\/"},"modified":"2026-04-17T10:25:24","modified_gmt":"2026-04-17T10:25:24","slug":"extracto-de-vainilla-bourbon-bio-con-semillas-75-ml-eurovanille-2","status":"publish","type":"product","link":"https:\/\/glotomania.com\/pt-pt\/p\/extracto-de-vainilla-bourbon-bio-con-semillas-75-ml-eurovanille-2\/","title":{"rendered":"Extracto De Baunilha De Bourbon Biol\u00d3gico Com Sementes (75 Ml) &#8211; Eurovanille"},"content":{"rendered":"<p>&nbsp;<\/p>\n<p><span style=\"font-size:14px\">Ap&oacute;s 9 meses na vinha, as vagens verdes s&atilde;o colhidas &agrave; m&atilde;o com todo o cuidado. Um processo de prepara&ccedil;&atilde;o cuidadoso e longo, que dura v&aacute;rios meses, resulta numa vagem preta atraente, com um aroma e uma fragr&acirc;ncia carater&iacute;sticos (geralmente, as vagens maiores s&atilde;o de qualidade superior). <strong>O extrato de baunilha &eacute; obtido a partir de vagens selecionadas pela sua intensidade arom&aacute;tica.<\/strong><\/span><\/p>\n<p><span style=\"font-size:14px\">Extra&iacute;do da variedade <strong>vanilla planifolia<\/strong>, cultivada em Madag&aacute;scar. O seu aroma &eacute; composto por mais de 200 mol&eacute;culas arom&aacute;ticas, oferecendo notas amadeiradas, bals&acirc;micas e de rum.<\/span><\/p>\n<p><span style=\"font-size:14px\">Este extrato natural de baunilha &eacute; um ingrediente <strong>pronto a usar<\/strong>, adequado para a maioria das receitas que requerem baunilha. &Eacute; ideal para bolos, cremes, merengues, compotas,&#8230;<\/span><\/p>\n<p><strong><span style=\"font-size:14px\">Conselhos de utiliza&ccedil;&atilde;o:<\/span><\/strong><\/p>\n<ul>\n<li><span style=\"font-size:14px\">Agitar bem o frasco antes de o utilizar para que as sementes sejam distribu&iacute;das uniformemente.<\/span><\/li>\n<li><span style=\"font-size:14px\">Uma vagem de baunilha equivale a 2 ou 3 colheres de sopa de extrato.&nbsp;<\/span><\/li>\n<\/ul>\n","protected":false},"excerpt":{"rendered":"<p>Extrato de fava de baunilha de bourbon de Madag\u00e1scar 100% biol\u00f3gico, uma f\u00f3rmula que se assemelha \u00e0 fava original. Ideal para utilizar como aromatizante ou cobertura.<\/p>\n","protected":false},"featured_media":47569,"comment_status":"open","ping_status":"closed","template":"","meta":{"_acf_changed":false},"pwb-brand":[],"product_brand":[],"product_cat":[2943,2950,2997,2999,2996,3001,3004,1831,1830,1832,1954,1901,1902,1930,1845,1833],"product_tag":[],"class_list":{"0":"post-390177","1":"product","2":"type-product","3":"status-publish","4":"has-post-thumbnail","6":"product_cat-aromas-e-extractos","7":"product_cat-aromas-liquidos-2","8":"product_cat-halal","9":"product_cat-kosher-2","10":"product_cat-produtos-vegetarianos","11":"product_cat-sem-e-171-2","12":"product_cat-sem-gluten-2","13":"product_cat-aroma-liquido","14":"product_cat-aromas-y-extractos","15":"product_cat-diestas-especiales","16":"product_cat-ingredientes-bio-para-reposteria","17":"product_cat-dieta-halal","18":"product_cat-dieta-kosher","19":"product_cat-ingredientes-organicos-para-reposteria","20":"product_cat-dieta-sin-e-171","21":"product_cat-dieta-sin-gluten","23":"first","24":"instock","25":"taxable","26":"shipping-taxable","27":"purchasable","28":"product-type-simple"},"acf":[],"df_price":11.5,"df_sale_price":"","df_regular_price":11.5,"df_image_link":"https:\/\/glotomania.com\/wp-content\/uploads\/2024\/11\/img_25290_12ee9f1407d298e00caae5b79d7a52e1_1-300x300.jpg","brands":[],"_links":{"self":[{"href":"https:\/\/glotomania.com\/pt-pt\/wp-json\/wp\/v2\/product\/390177","targetHints":{"allow":["GET"]}}],"collection":[{"href":"https:\/\/glotomania.com\/pt-pt\/wp-json\/wp\/v2\/product"}],"about":[{"href":"https:\/\/glotomania.com\/pt-pt\/wp-json\/wp\/v2\/types\/product"}],"replies":[{"embeddable":true,"href":"https:\/\/glotomania.com\/pt-pt\/wp-json\/wp\/v2\/comments?post=390177"}],"wp:featuredmedia":[{"embeddable":true,"href":"https:\/\/glotomania.com\/pt-pt\/wp-json\/wp\/v2\/media\/47569"}],"wp:attachment":[{"href":"https:\/\/glotomania.com\/pt-pt\/wp-json\/wp\/v2\/media?parent=390177"}],"wp:term":[{"taxonomy":"pwb-brand","embeddable":true,"href":"https:\/\/glotomania.com\/pt-pt\/wp-json\/wp\/v2\/pwb-brand?post=390177"},{"taxonomy":"product_brand","embeddable":true,"href":"https:\/\/glotomania.com\/pt-pt\/wp-json\/wp\/v2\/product_brand?post=390177"},{"taxonomy":"product_cat","embeddable":true,"href":"https:\/\/glotomania.com\/pt-pt\/wp-json\/wp\/v2\/product_cat?post=390177"},{"taxonomy":"product_tag","embeddable":true,"href":"https:\/\/glotomania.com\/pt-pt\/wp-json\/wp\/v2\/product_tag?post=390177"}],"curies":[{"name":"wp","href":"https:\/\/api.w.org\/{rel}","templated":true}]}}