{"id":390179,"date":"2025-09-02T10:59:31","date_gmt":"2025-09-02T10:59:31","guid":{"rendered":"https:\/\/glotomania.com\/p\/extracto-natural-de-limon-eurovanille-40-g-2\/"},"modified":"2026-03-11T02:07:09","modified_gmt":"2026-03-11T02:07:09","slug":"extracto-natural-de-limon-eurovanille-40-g-2","status":"publish","type":"product","link":"https:\/\/glotomania.com\/pt-pt\/p\/extracto-natural-de-limon-eurovanille-40-g-2\/","title":{"rendered":"Extracto Natural De Lim\u00c3o Eurovanille &#8211; 40 G"},"content":{"rendered":"<p>&nbsp;<\/p>\n<p><span style=\"color:#000000\"><span style=\"font-size:14px\">&Eacute; perfeito para intensificar o sabor a lim&atilde;o em sopas e molhos. Pode ser utilizado em v&aacute;rias receitas como intensificador de sabor natural em concentra&ccedil;&otilde;es m&iacute;nimas (menos de 0,1 gramas por quilo).<\/span><\/span><\/p>\n<table align=\"center\" border=\"1\" cellpadding=\"1\" cellspacing=\"1\" style=\"width: 500px\">\n<caption><span style=\"color:#000000\"><span style=\"font-size:14px\"><strong>DOSES RECOMENDADAS<\/strong><\/span><\/span><\/caption>\n<thead>\n<tr>\n<th scope=\"col\"><span style=\"color:#000000\"><span style=\"font-size:14px\">ELABORA&Ccedil;&Atilde;O<\/span><\/span><\/th>\n<th scope=\"col\"><span style=\"color:#000000\"><span style=\"font-size:14px\">DOSE M&Iacute;N.<\/span><\/span><\/th>\n<th scope=\"col\"><span style=\"color:#000000\"><span style=\"font-size:14px\">DOSE M&Aacute;X.<\/span><\/span><\/th>\n<\/tr>\n<\/thead>\n<tbody>\n<tr>\n<td style=\"text-align: center\"><span style=\"color:#000000\"><span style=\"font-size:14px\"><strong>Confeitaria<\/strong><\/span><\/span><\/td>\n<td><span style=\"color:#000000\"><span style=\"font-size:14px\">&nbsp; &nbsp; &nbsp; &nbsp; &nbsp; &nbsp; &nbsp; &nbsp; &nbsp; &nbsp;2&nbsp;<\/span><\/span><\/td>\n<td style=\"text-align: center\"><span style=\"color:#000000\"><span style=\"font-size:14px\">5 gotas \/ kg<\/span><\/span><\/td>\n<\/tr>\n<tr>\n<td style=\"text-align: center\"><span style=\"color:#000000\"><span style=\"font-size:14px\"><strong>Bolachas<\/strong><\/span><\/span><\/td>\n<td style=\"text-align: center\"><span style=\"color:#000000\"><span style=\"font-size:14px\">2<\/span><\/span><\/td>\n<td style=\"text-align: center\"><span style=\"color:#000000\"><span style=\"font-size:14px\">3 gotas \/ kg<\/span><\/span><\/td>\n<\/tr>\n<tr>\n<td style=\"text-align: center\"><span style=\"color:#000000\"><span style=\"font-size:14px\"><strong>Bolos<\/strong><\/span><\/span><\/td>\n<td style=\"text-align: center\"><span style=\"color:#000000\"><span style=\"font-size:14px\">2<\/span><\/span><\/td>\n<td style=\"text-align: center\"><span style=\"color:#000000\"><span style=\"font-size:14px\">3 gotas \/ kg<\/span><\/span><\/td>\n<\/tr>\n<tr>\n<td style=\"text-align: center\"><span style=\"color:#000000\"><span style=\"font-size:14px\"><strong>Recheio gordo<\/strong><\/span><\/span><\/td>\n<td style=\"text-align: center\"><span style=\"color:#000000\"><span style=\"font-size:14px\">2<\/span><\/span><\/td>\n<td style=\"text-align: center\"><span style=\"color:#000000\"><span style=\"font-size:14px\">3 gotas \/ kg<\/span><\/span><\/td>\n<\/tr>\n<tr>\n<td style=\"text-align: center\"><span style=\"color:#000000\"><span style=\"font-size:14px\"><strong>Ganaches<\/strong><\/span><\/span><\/td>\n<td style=\"text-align: center\"><span style=\"color:#000000\"><span style=\"font-size:14px\">1<\/span><\/span><\/td>\n<td style=\"text-align: center\"><span style=\"color:#000000\"><span style=\"font-size:14px\">2&nbsp;gotas \/ kg<\/span><\/span><\/td>\n<\/tr>\n<tr>\n<td style=\"text-align: center\"><span style=\"color:#000000\"><span style=\"font-size:14px\"><strong>Chocolates<\/strong><\/span><\/span><\/td>\n<td style=\"text-align: center\"><span style=\"color:#000000\"><span style=\"font-size:14px\">1<\/span><\/span><\/td>\n<td style=\"text-align: center\"><span style=\"color:#000000\"><span style=\"font-size:14px\">2&nbsp;gotas \/ kg<\/span><\/span><\/td>\n<\/tr>\n<tr>\n<td style=\"text-align: center\"><span style=\"color:#000000\"><span style=\"font-size:14px\"><strong>Gelado<\/strong><\/span><\/span><\/td>\n<td style=\"text-align: center\"><span style=\"color:#000000\"><span style=\"font-size:14px\">1<\/span><\/span><\/td>\n<td style=\"text-align: center\"><span style=\"color:#000000\"><span style=\"font-size:14px\">2&nbsp;gotas \/ kg<\/span><\/span><\/td>\n<\/tr>\n<tr>\n<td style=\"text-align: center\"><span style=\"color:#000000\"><span style=\"font-size:14px\"><strong>Ch&aacute;<\/strong><\/span><\/span><\/td>\n<td style=\"text-align: center\"><span style=\"color:#000000\"><span style=\"font-size:14px\">1&nbsp;gotas \/ kg<\/span><\/span><\/td>\n<td>&nbsp;<\/td>\n<\/tr>\n<\/tbody>\n<\/table>\n","protected":false},"excerpt":{"rendered":"<p>O extrato natural de lim\u00e3o da Eurovanille \u00e9 ideal para todos os tipos de prepara\u00e7\u00f5es culin\u00e1rias e de pastelaria, pois proporciona um toque arom\u00e1tico de lim\u00e3o, evitando a acidez.<\/p>\n","protected":false},"featured_media":47568,"comment_status":"open","ping_status":"closed","template":"","meta":{"_acf_changed":false},"pwb-brand":[],"product_brand":[],"product_cat":[2943,2950,1831,1830,1832,1930,2996],"product_tag":[],"class_list":{"0":"post-390179","1":"product","2":"type-product","3":"status-publish","4":"has-post-thumbnail","6":"product_cat-aromas-e-extractos","7":"product_cat-aromas-liquidos-2","8":"product_cat-aroma-liquido","9":"product_cat-aromas-y-extractos","10":"product_cat-diestas-especiales","11":"product_cat-ingredientes-organicos-para-reposteria","12":"product_cat-produtos-vegetarianos","14":"first","15":"instock","16":"taxable","17":"shipping-taxable","18":"purchasable","19":"product-type-simple"},"acf":[],"df_price":27.51,"df_sale_price":"","df_regular_price":29.9,"df_image_link":"https:\/\/glotomania.com\/wp-content\/uploads\/2024\/11\/img_25299_cc0b0ff2078d8389bf03ff61c7f22f7a_1-300x300.jpg","brands":[],"_links":{"self":[{"href":"https:\/\/glotomania.com\/pt-pt\/wp-json\/wp\/v2\/product\/390179","targetHints":{"allow":["GET"]}}],"collection":[{"href":"https:\/\/glotomania.com\/pt-pt\/wp-json\/wp\/v2\/product"}],"about":[{"href":"https:\/\/glotomania.com\/pt-pt\/wp-json\/wp\/v2\/types\/product"}],"replies":[{"embeddable":true,"href":"https:\/\/glotomania.com\/pt-pt\/wp-json\/wp\/v2\/comments?post=390179"}],"wp:featuredmedia":[{"embeddable":true,"href":"https:\/\/glotomania.com\/pt-pt\/wp-json\/wp\/v2\/media\/47568"}],"wp:attachment":[{"href":"https:\/\/glotomania.com\/pt-pt\/wp-json\/wp\/v2\/media?parent=390179"}],"wp:term":[{"taxonomy":"pwb-brand","embeddable":true,"href":"https:\/\/glotomania.com\/pt-pt\/wp-json\/wp\/v2\/pwb-brand?post=390179"},{"taxonomy":"product_brand","embeddable":true,"href":"https:\/\/glotomania.com\/pt-pt\/wp-json\/wp\/v2\/product_brand?post=390179"},{"taxonomy":"product_cat","embeddable":true,"href":"https:\/\/glotomania.com\/pt-pt\/wp-json\/wp\/v2\/product_cat?post=390179"},{"taxonomy":"product_tag","embeddable":true,"href":"https:\/\/glotomania.com\/pt-pt\/wp-json\/wp\/v2\/product_tag?post=390179"}],"curies":[{"name":"wp","href":"https:\/\/api.w.org\/{rel}","templated":true}]}}