{"id":390180,"date":"2025-09-02T11:00:02","date_gmt":"2025-09-02T11:00:02","guid":{"rendered":"https:\/\/glotomania.com\/p\/calendario-de-adviento-navidad-pastkolor-2\/"},"modified":"2026-04-29T00:24:36","modified_gmt":"2026-04-29T00:24:36","slug":"calendario-de-adviento-navidad-pastkolor-2","status":"publish","type":"product","link":"https:\/\/glotomania.com\/pt-pt\/p\/calendario-de-adviento-navidad-pastkolor-2\/","title":{"rendered":"Calend\u00c1rio Do Advento De Natal &#8211; Pastkolor"},"content":{"rendered":"<p>&nbsp;<\/p>\n<p><span style=\"font-size:14px\">Este calend&aacute;rio inclui 24 caixinhas que podem ser facilmente montadas, perfeitas para encher com pequenos doces, brinquedos ou surpresas.<\/span><\/p>\n<p><span style=\"font-size:14px\">Todos os dias, ao abrir uma das caixinhas, ser&aacute; revelada uma nova surpresa que far&aacute; as del&iacute;cias dos mais pequenos e dos mais velhos, criando momentos especiais no per&iacute;odo que antecede o Natal. Com um design festivo e colorido que evoca o esp&iacute;rito natal&iacute;cio, este calend&aacute;rio n&atilde;o &eacute; apenas funcional, mas serve tamb&eacute;m como uma bela decora&ccedil;&atilde;o para a sua casa.<\/span><\/p>\n<p><span style=\"font-size:14px\">Ideal para partilhar em fam&iacute;lia ou para oferecer, &eacute; uma tradi&ccedil;&atilde;o perfeita que tornar&aacute; todos os dias de dezembro inesquec&iacute;veis &#8211; torne a &eacute;poca festiva ainda mais m&aacute;gica com este acess&oacute;rio especial que aumentar&aacute; a expetativa e a alegria em sua casa!<\/span><\/p>\n<p><span style=\"font-size:14px\"><strong>Dimens&otilde;es aproximadas:<\/strong> <u>Caixa exterior<\/u> 33,2 x 22,2 x 6,5 cm &#8211; <u>Caixas interiores<\/u> (24 unid.) 5 x 5 cm.<\/span><\/p>\n<p><span style=\"font-size:14px\">A mensagem na aba interior &eacute;:<\/span><\/p>\n<div style=\"text-align: center\"><span style=\"font-size: 14px\"><span><em><strong>24 sabores de Navidad<\/strong><\/em><\/span><\/span><\/div>\n<div><span style=\"font-size: 14px\"><span><em>&quot;Lo mejor de la Navidad siempre ser&aacute; el pasarla juntos. Brindemos para que el futuro sea mejor de lo que buscamos, dure m&aacute;s de lo que esperamos y nos haga m&aacute;s felices de lo que imaginamos. Porque no existen limitaciones para nuestros sue&ntilde;os, solo basta con creer. Mil gracias por confiar en m&iacute;, este a&ntilde;o y siempre. Feliz Navidad.&quot;<\/em><\/span><\/span><\/div>\n","protected":false},"excerpt":{"rendered":"<p>Descubra o nosso calend\u00e1rio do advento em cart\u00e3o resistente e encantador, concebido para tornar a contagem decrescente para o Natal mais m\u00e1gica e divertida.<\/p>\n","protected":false},"featured_media":47486,"comment_status":"open","ping_status":"closed","template":"","meta":{"_acf_changed":false},"pwb-brand":[],"product_brand":[],"product_cat":[3158,1782,1985,3186,2907,2920,3087,1849,1866,1767],"product_tag":[],"class_list":{"0":"post-390180","1":"product","2":"type-product","3":"status-publish","4":"has-post-thumbnail","6":"product_cat-caixas-de-pastelaria","7":"product_cat-cajas","8":"product_cat-calendarios-adviento","9":"product_cat-calendarios-do-advento-2","10":"product_cat-festas","11":"product_cat-natal-2","12":"product_cat-ordem-e-armazenamento","13":"product_cat-fiestas","14":"product_cat-navidad","15":"product_cat-utensilios","17":"first","18":"instock","19":"taxable","20":"shipping-taxable","21":"purchasable","22":"product-type-simple"},"acf":[],"df_price":13.95,"df_sale_price":11.16,"df_regular_price":13.95,"df_image_link":"https:\/\/glotomania.com\/wp-content\/uploads\/2024\/11\/img_25369_40578313c10ff2fc1af8530c19eaddb8_1-300x300.jpg","brands":[],"_links":{"self":[{"href":"https:\/\/glotomania.com\/pt-pt\/wp-json\/wp\/v2\/product\/390180","targetHints":{"allow":["GET"]}}],"collection":[{"href":"https:\/\/glotomania.com\/pt-pt\/wp-json\/wp\/v2\/product"}],"about":[{"href":"https:\/\/glotomania.com\/pt-pt\/wp-json\/wp\/v2\/types\/product"}],"replies":[{"embeddable":true,"href":"https:\/\/glotomania.com\/pt-pt\/wp-json\/wp\/v2\/comments?post=390180"}],"wp:featuredmedia":[{"embeddable":true,"href":"https:\/\/glotomania.com\/pt-pt\/wp-json\/wp\/v2\/media\/47486"}],"wp:attachment":[{"href":"https:\/\/glotomania.com\/pt-pt\/wp-json\/wp\/v2\/media?parent=390180"}],"wp:term":[{"taxonomy":"pwb-brand","embeddable":true,"href":"https:\/\/glotomania.com\/pt-pt\/wp-json\/wp\/v2\/pwb-brand?post=390180"},{"taxonomy":"product_brand","embeddable":true,"href":"https:\/\/glotomania.com\/pt-pt\/wp-json\/wp\/v2\/product_brand?post=390180"},{"taxonomy":"product_cat","embeddable":true,"href":"https:\/\/glotomania.com\/pt-pt\/wp-json\/wp\/v2\/product_cat?post=390180"},{"taxonomy":"product_tag","embeddable":true,"href":"https:\/\/glotomania.com\/pt-pt\/wp-json\/wp\/v2\/product_tag?post=390180"}],"curies":[{"name":"wp","href":"https:\/\/api.w.org\/{rel}","templated":true}]}}