{"id":390181,"date":"2025-09-02T11:00:10","date_gmt":"2025-09-02T11:00:10","guid":{"rendered":"https:\/\/glotomania.com\/p\/decoraciones-de-azucar-funcakes-cristal-de-hielo-bronce-2\/"},"modified":"2026-04-19T00:04:15","modified_gmt":"2026-04-19T00:04:15","slug":"decoraciones-de-azucar-funcakes-cristal-de-hielo-bronce-2","status":"publish","type":"product","link":"https:\/\/glotomania.com\/pt-pt\/p\/decoraciones-de-azucar-funcakes-cristal-de-hielo-bronce-2\/","title":{"rendered":"Decora\u00c7\u00d5es De A\u00c7\u00dacar Funcakes &#8211; Bronze Cristal De Gelo"},"content":{"rendered":"<p>&nbsp;<\/p>\n<p><span style=\"font-size:14px\">Fabricado com a&ccedil;&uacute;car de primeira qualidade, garantindo um sabor requintado e uma apresenta&ccedil;&atilde;o deslumbrante.<\/span><\/p>\n<p><em><span style=\"font-size:14px\">Inclui 12 decora&ccedil;&otilde;es de a&ccedil;&uacute;car, 4 unidades de cada desenho.<\/span><\/em><\/p>\n","protected":false},"excerpt":{"rendered":"<p>Inclui 12 decora\u00e7\u00f5es em a\u00e7\u00facar Funcakes ideais para dar um toque de sofistica\u00e7\u00e3o a qualquer sobremesa.<\/p>\n","protected":false},"featured_media":47471,"comment_status":"open","ping_status":"closed","template":"","meta":{"_acf_changed":false},"pwb-brand":[],"product_brand":[],"product_cat":[1839,2979,1832,2907,2988,1999,1845,1833,2920,2996,1849,1866,3001,3004],"product_tag":[],"class_list":{"0":"post-390181","1":"product","2":"type-product","3":"status-publish","4":"has-post-thumbnail","6":"product_cat-decoracion-comestible","7":"product_cat-decoracoes-comestiveis-2","8":"product_cat-diestas-especiales","9":"product_cat-festas","10":"product_cat-figuras-de-acucar-comestiveis-2","11":"product_cat-figuras-de-azucar","12":"product_cat-dieta-sin-e-171","13":"product_cat-dieta-sin-gluten","14":"product_cat-natal-2","15":"product_cat-produtos-vegetarianos","16":"product_cat-fiestas","17":"product_cat-navidad","18":"product_cat-sem-e-171-2","19":"product_cat-sem-gluten-2","21":"first","22":"instock","23":"taxable","24":"shipping-taxable","25":"purchasable","26":"product-type-simple"},"acf":[],"df_price":2.93,"df_sale_price":2.93,"df_regular_price":4.18,"df_image_link":"https:\/\/glotomania.com\/wp-content\/uploads\/2024\/11\/img_25400_f9f01d243314d5c0563f2258c1e6b2d5_1-300x300.jpg","brands":[],"_links":{"self":[{"href":"https:\/\/glotomania.com\/pt-pt\/wp-json\/wp\/v2\/product\/390181","targetHints":{"allow":["GET"]}}],"collection":[{"href":"https:\/\/glotomania.com\/pt-pt\/wp-json\/wp\/v2\/product"}],"about":[{"href":"https:\/\/glotomania.com\/pt-pt\/wp-json\/wp\/v2\/types\/product"}],"replies":[{"embeddable":true,"href":"https:\/\/glotomania.com\/pt-pt\/wp-json\/wp\/v2\/comments?post=390181"}],"wp:featuredmedia":[{"embeddable":true,"href":"https:\/\/glotomania.com\/pt-pt\/wp-json\/wp\/v2\/media\/47471"}],"wp:attachment":[{"href":"https:\/\/glotomania.com\/pt-pt\/wp-json\/wp\/v2\/media?parent=390181"}],"wp:term":[{"taxonomy":"pwb-brand","embeddable":true,"href":"https:\/\/glotomania.com\/pt-pt\/wp-json\/wp\/v2\/pwb-brand?post=390181"},{"taxonomy":"product_brand","embeddable":true,"href":"https:\/\/glotomania.com\/pt-pt\/wp-json\/wp\/v2\/product_brand?post=390181"},{"taxonomy":"product_cat","embeddable":true,"href":"https:\/\/glotomania.com\/pt-pt\/wp-json\/wp\/v2\/product_cat?post=390181"},{"taxonomy":"product_tag","embeddable":true,"href":"https:\/\/glotomania.com\/pt-pt\/wp-json\/wp\/v2\/product_tag?post=390181"}],"curies":[{"name":"wp","href":"https:\/\/api.w.org\/{rel}","templated":true}]}}