{"id":390182,"date":"2025-09-02T11:00:13","date_gmt":"2025-09-02T11:00:13","guid":{"rendered":"https:\/\/glotomania.com\/p\/decoraciones-de-chocolate-funcakes-arboles-de-navidad-2\/"},"modified":"2026-04-29T00:24:37","modified_gmt":"2026-04-29T00:24:37","slug":"decoraciones-de-chocolate-funcakes-arboles-de-navidad-2","status":"publish","type":"product","link":"https:\/\/glotomania.com\/pt-pt\/p\/decoraciones-de-chocolate-funcakes-arboles-de-navidad-2\/","title":{"rendered":"Decora\u00c7\u00d5es De Chocolate Funcakes &#8211; \u00c1rvores De Natal"},"content":{"rendered":"","protected":false},"excerpt":{"rendered":"<p>12 decora\u00e7\u00f5es de chocolate belga Funcakes, ideais para dar um toque original e delicioso aos nossos doces.<\/p>\n","protected":false},"featured_media":47537,"comment_status":"open","ping_status":"closed","template":"","meta":{"_acf_changed":false},"pwb-brand":[],"product_brand":[],"product_cat":[2979,2984,2907,2997,2920,2996,3001,1839,1890,1832,1901,1845,1849,1866],"product_tag":[],"class_list":{"0":"post-390182","1":"product","2":"type-product","3":"status-publish","4":"has-post-thumbnail","6":"product_cat-decoracoes-comestiveis-2","7":"product_cat-decoracoes-de-chocolate-2","8":"product_cat-festas","9":"product_cat-halal","10":"product_cat-natal-2","11":"product_cat-produtos-vegetarianos","12":"product_cat-sem-e-171-2","13":"product_cat-decoracion-comestible","14":"product_cat-chocolate-decorar","15":"product_cat-diestas-especiales","16":"product_cat-dieta-halal","17":"product_cat-dieta-sin-e-171","18":"product_cat-fiestas","19":"product_cat-navidad","21":"first","22":"instock","23":"taxable","24":"shipping-taxable","25":"purchasable","26":"product-type-simple"},"acf":[],"df_price":7.5,"df_sale_price":5.25,"df_regular_price":7.5,"df_image_link":"https:\/\/glotomania.com\/wp-content\/uploads\/2024\/11\/img_25409_3941ac6ef65651c3b72e994941bded23_1-300x300.jpg","brands":[],"_links":{"self":[{"href":"https:\/\/glotomania.com\/pt-pt\/wp-json\/wp\/v2\/product\/390182","targetHints":{"allow":["GET"]}}],"collection":[{"href":"https:\/\/glotomania.com\/pt-pt\/wp-json\/wp\/v2\/product"}],"about":[{"href":"https:\/\/glotomania.com\/pt-pt\/wp-json\/wp\/v2\/types\/product"}],"replies":[{"embeddable":true,"href":"https:\/\/glotomania.com\/pt-pt\/wp-json\/wp\/v2\/comments?post=390182"}],"wp:featuredmedia":[{"embeddable":true,"href":"https:\/\/glotomania.com\/pt-pt\/wp-json\/wp\/v2\/media\/47537"}],"wp:attachment":[{"href":"https:\/\/glotomania.com\/pt-pt\/wp-json\/wp\/v2\/media?parent=390182"}],"wp:term":[{"taxonomy":"pwb-brand","embeddable":true,"href":"https:\/\/glotomania.com\/pt-pt\/wp-json\/wp\/v2\/pwb-brand?post=390182"},{"taxonomy":"product_brand","embeddable":true,"href":"https:\/\/glotomania.com\/pt-pt\/wp-json\/wp\/v2\/product_brand?post=390182"},{"taxonomy":"product_cat","embeddable":true,"href":"https:\/\/glotomania.com\/pt-pt\/wp-json\/wp\/v2\/product_cat?post=390182"},{"taxonomy":"product_tag","embeddable":true,"href":"https:\/\/glotomania.com\/pt-pt\/wp-json\/wp\/v2\/product_tag?post=390182"}],"curies":[{"name":"wp","href":"https:\/\/api.w.org\/{rel}","templated":true}]}}