{"id":390186,"date":"2025-09-02T11:00:16","date_gmt":"2025-09-02T11:00:16","guid":{"rendered":"https:\/\/glotomania.com\/p\/molde-de-papel-para-panettone-mini-panettoncino-150-g-5-unidades\/"},"modified":"2026-03-13T07:00:45","modified_gmt":"2026-03-13T07:00:45","slug":"molde-de-papel-para-panettone-mini-panettoncino-150-g-5-unidades","status":"publish","type":"product","link":"https:\/\/glotomania.com\/pt-pt\/p\/molde-de-papel-para-panettone-mini-panettoncino-150-g-5-unidades\/","title":{"rendered":"Molde De Papel Para Mini Panettone (panettoncino) &#8211; 150 G [5 Pe\u00c7as]"},"content":{"rendered":"<p>&nbsp;<\/p>\n<p><span style=\"color:#000000\"><span style=\"font-size: 14px\">Concebidas para eliminar a necessidade de tabuleiros met&aacute;licos, as nossas formas oferecem uma experi&ecirc;ncia de cozedura pr&aacute;tica e eficiente: n&atilde;o &eacute; necess&aacute;rio untar!&nbsp;<strong>Resistentes a temperaturas at&eacute; 390&deg;C e seguras no congelador<\/strong>, s&atilde;o ideais para manter as suas cria&ccedil;&otilde;es frescas e prontas a saborear.<\/span><\/span><\/p>\n<p><span style=\"color:#000000\"><span style=\"font-size: 14px\">O atraente papel castanho escuro, adornado com um elegante padr&atilde;o de flores douradas, confere um toque de sofistica&ccedil;&atilde;o &agrave;s suas sobremesas. Com grande estabilidade e resist&ecirc;ncia, estas formas garantem que as suas del&iacute;cias cozinhadas ficam sempre perfeitas.<\/span><\/span><\/p>\n<p><span style=\"color:#000000\"><span style=\"font-size: 14px\">Para al&eacute;m disso, as nossas formas t&ecirc;m&nbsp;<strong>certifica&ccedil;&atilde;o Kosher KOF-K<\/strong>, o que garante a sua qualidade e conformidade.&nbsp;<\/span><\/span><\/p>\n<p><span style=\"color:#000000\"><span style=\"font-size: 14px\"><strong>Dimens&otilde;es aproximadas:<\/strong>&nbsp;<\/span><span style=\"font-size: 14px\">Altura 5,5 cm &#8211; &Oslash; base 9<\/span><span style=\"font-size: 14px\">&nbsp;cm.<\/span><\/span><\/p>\n<p><span style=\"color:#000000\"><span style=\"font-size: 14px\">O conjunto inclui 5&nbsp;formas.<\/span><\/span><\/p>\n","protected":false},"excerpt":{"rendered":"<p>Perfeitas para confecionar iguarias como panetones, muffins, p\u00e3es e bolos, estas formas permitir-lhe-\u00e3o desfrutar de um processo de cozedura limpo e sem complica\u00e7\u00f5es.<\/p>\n","protected":false},"featured_media":47489,"comment_status":"open","ping_status":"closed","template":"","meta":{"_acf_changed":false},"pwb-brand":[],"product_brand":[],"product_cat":[2907,3220,3214,2920,3087,1808,1801,1849,1866,1767],"product_tag":[],"class_list":{"0":"post-390186","1":"product","2":"type-product","3":"status-publish","4":"has-post-thumbnail","6":"product_cat-festas","7":"product_cat-moldes-de-papel-descartaveis","8":"product_cat-moldes-de-pastelaria","9":"product_cat-natal-2","10":"product_cat-ordem-e-armazenamento","11":"product_cat-moldes-papel-desechable","12":"product_cat-moldes","13":"product_cat-fiestas","14":"product_cat-navidad","15":"product_cat-utensilios","17":"first","18":"outofstock","19":"taxable","20":"shipping-taxable","21":"purchasable","22":"product-type-simple"},"acf":[],"df_price":1.51,"df_sale_price":"","df_regular_price":1.65,"df_image_link":"https:\/\/glotomania.com\/wp-content\/uploads\/2024\/11\/img_25417_fc79db5870e0a64df1a602beb1fe1c8f_1-300x300.jpg","brands":[],"_links":{"self":[{"href":"https:\/\/glotomania.com\/pt-pt\/wp-json\/wp\/v2\/product\/390186","targetHints":{"allow":["GET"]}}],"collection":[{"href":"https:\/\/glotomania.com\/pt-pt\/wp-json\/wp\/v2\/product"}],"about":[{"href":"https:\/\/glotomania.com\/pt-pt\/wp-json\/wp\/v2\/types\/product"}],"replies":[{"embeddable":true,"href":"https:\/\/glotomania.com\/pt-pt\/wp-json\/wp\/v2\/comments?post=390186"}],"wp:featuredmedia":[{"embeddable":true,"href":"https:\/\/glotomania.com\/pt-pt\/wp-json\/wp\/v2\/media\/47489"}],"wp:attachment":[{"href":"https:\/\/glotomania.com\/pt-pt\/wp-json\/wp\/v2\/media?parent=390186"}],"wp:term":[{"taxonomy":"pwb-brand","embeddable":true,"href":"https:\/\/glotomania.com\/pt-pt\/wp-json\/wp\/v2\/pwb-brand?post=390186"},{"taxonomy":"product_brand","embeddable":true,"href":"https:\/\/glotomania.com\/pt-pt\/wp-json\/wp\/v2\/product_brand?post=390186"},{"taxonomy":"product_cat","embeddable":true,"href":"https:\/\/glotomania.com\/pt-pt\/wp-json\/wp\/v2\/product_cat?post=390186"},{"taxonomy":"product_tag","embeddable":true,"href":"https:\/\/glotomania.com\/pt-pt\/wp-json\/wp\/v2\/product_tag?post=390186"}],"curies":[{"name":"wp","href":"https:\/\/api.w.org\/{rel}","templated":true}]}}