{"id":390188,"date":"2025-09-02T11:00:17","date_gmt":"2025-09-02T11:00:17","guid":{"rendered":"https:\/\/glotomania.com\/p\/fideos-de-azucar-funcakes-rojos-80-g-2\/"},"modified":"2026-03-11T02:08:36","modified_gmt":"2026-03-11T02:08:36","slug":"fideos-de-azucar-funcakes-rojos-80-g-2","status":"publish","type":"product","link":"https:\/\/glotomania.com\/pt-pt\/p\/fideos-de-azucar-funcakes-rojos-80-g-2\/","title":{"rendered":"Granulados De A\u00c7ucar Funcakes &#8211; Vermelhos (80 G)"},"content":{"rendered":"","protected":false},"excerpt":{"rendered":"<p>Mistura de granulados de a\u00e7\u00facar comest\u00edvel Funcakes, ideal para decorar as nossas cria\u00e7\u00f5es com facilidade.<\/p>\n","protected":false},"featured_media":47539,"comment_status":"open","ping_status":"closed","template":"","meta":{"_acf_changed":false},"pwb-brand":[],"product_brand":[],"product_cat":[1852,1839,1840,2979,2982,1832,2907,2997,1901,1845,2920,2996,1849,1866,2924,3001],"product_tag":[],"class_list":{"0":"post-390188","1":"product","2":"type-product","3":"status-publish","4":"has-post-thumbnail","6":"product_cat-san-valentin","7":"product_cat-decoracion-comestible","8":"product_cat-decoraciones-azucar-comestibles","9":"product_cat-decoracoes-comestiveis-2","10":"product_cat-decoracoes-de-acucar","11":"product_cat-diestas-especiales","12":"product_cat-festas","13":"product_cat-halal","14":"product_cat-dieta-halal","15":"product_cat-dieta-sin-e-171","16":"product_cat-natal-2","17":"product_cat-produtos-vegetarianos","18":"product_cat-fiestas","19":"product_cat-navidad","20":"product_cat-sao-valentim-2","21":"product_cat-sem-e-171-2","23":"first","24":"instock","25":"taxable","26":"shipping-taxable","27":"purchasable","28":"product-type-simple"},"acf":[],"df_price":2.5,"df_sale_price":"","df_regular_price":2.5,"df_image_link":"https:\/\/glotomania.com\/wp-content\/uploads\/2024\/11\/img_25420_1bb24faf7d207146cdd6e470ba88f9e3_1-300x300.jpg","brands":[],"_links":{"self":[{"href":"https:\/\/glotomania.com\/pt-pt\/wp-json\/wp\/v2\/product\/390188","targetHints":{"allow":["GET"]}}],"collection":[{"href":"https:\/\/glotomania.com\/pt-pt\/wp-json\/wp\/v2\/product"}],"about":[{"href":"https:\/\/glotomania.com\/pt-pt\/wp-json\/wp\/v2\/types\/product"}],"replies":[{"embeddable":true,"href":"https:\/\/glotomania.com\/pt-pt\/wp-json\/wp\/v2\/comments?post=390188"}],"wp:featuredmedia":[{"embeddable":true,"href":"https:\/\/glotomania.com\/pt-pt\/wp-json\/wp\/v2\/media\/47539"}],"wp:attachment":[{"href":"https:\/\/glotomania.com\/pt-pt\/wp-json\/wp\/v2\/media?parent=390188"}],"wp:term":[{"taxonomy":"pwb-brand","embeddable":true,"href":"https:\/\/glotomania.com\/pt-pt\/wp-json\/wp\/v2\/pwb-brand?post=390188"},{"taxonomy":"product_brand","embeddable":true,"href":"https:\/\/glotomania.com\/pt-pt\/wp-json\/wp\/v2\/product_brand?post=390188"},{"taxonomy":"product_cat","embeddable":true,"href":"https:\/\/glotomania.com\/pt-pt\/wp-json\/wp\/v2\/product_cat?post=390188"},{"taxonomy":"product_tag","embeddable":true,"href":"https:\/\/glotomania.com\/pt-pt\/wp-json\/wp\/v2\/product_tag?post=390188"}],"curies":[{"name":"wp","href":"https:\/\/api.w.org\/{rel}","templated":true}]}}