{"id":390189,"date":"2025-09-02T11:00:18","date_gmt":"2025-09-02T11:00:18","guid":{"rendered":"https:\/\/glotomania.com\/p\/perlas-de-azucar-blandas-funcakes-rosas-o-10-mm-70-g-2\/"},"modified":"2026-04-15T19:06:18","modified_gmt":"2026-04-15T19:06:18","slug":"perlas-de-azucar-blandas-funcakes-rosas-o-10-mm-70-g-2","status":"publish","type":"product","link":"https:\/\/glotomania.com\/pt-pt\/p\/perlas-de-azucar-blandas-funcakes-rosas-o-10-mm-70-g-2\/","title":{"rendered":"P\u00c9rolas De A\u00c7\u00dacar Moles Funcakes &#8211; Cor-de-rosa (\u00d8 10 Mm) 70 G"},"content":{"rendered":"<p>&nbsp;<\/p>\n<p><span style=\"color:#000000\"><span style=\"font-size:14px\">Agora pode fazer belas decora&ccedil;&otilde;es nos seus bolos ou cupcakes com estas p&eacute;rolas comest&iacute;veis <b>moles<\/b>&nbsp;da Funcakes. As p&eacute;rolas s&atilde;o <strong>macias<\/strong> e adequadas para crian&ccedil;as.<\/span><\/span><\/p>\n<p><span style=\"color:#000000\"><span style=\"font-size:14px\"><strong>Dimens&otilde;es aproximadas:<\/strong> &Oslash; 10 mm.<\/span><\/span><\/p>\n","protected":false},"excerpt":{"rendered":"<p>As p\u00e9rolas de a\u00e7\u00facar comest\u00edveis Funcakes s\u00e3o suaves e macias, cor-de-rosa brilhante e t\u00eam 10 mm de di\u00e2metro.<\/p>\n","protected":false},"featured_media":47474,"comment_status":"open","ping_status":"closed","template":"","meta":{"_acf_changed":false},"pwb-brand":[],"product_brand":[],"product_cat":[2908,2911,2979,2982,2913,2907,2921,2996,2924,3001,1852,1839,1840,1832,1845,1862,1885,1851,1849,1858],"product_tag":[],"class_list":{"0":"post-390189","1":"product","2":"type-product","3":"status-publish","4":"has-post-thumbnail","6":"product_cat-batizados","7":"product_cat-comunhoes","8":"product_cat-decoracoes-comestiveis-2","9":"product_cat-decoracoes-de-acucar","10":"product_cat-dia-das-maes","11":"product_cat-festas","12":"product_cat-pascoa","13":"product_cat-produtos-vegetarianos","14":"product_cat-sao-valentim-2","15":"product_cat-sem-e-171-2","16":"product_cat-san-valentin","17":"product_cat-decoracion-comestible","18":"product_cat-decoraciones-azucar-comestibles","19":"product_cat-diestas-especiales","20":"product_cat-dieta-sin-e-171","21":"product_cat-comuniones","22":"product_cat-bautizos","23":"product_cat-dia-de-la-madre","24":"product_cat-fiestas","25":"product_cat-pascua","27":"first","28":"instock","29":"taxable","30":"shipping-taxable","31":"purchasable","32":"product-type-simple"},"acf":[],"df_price":2.95,"df_sale_price":"","df_regular_price":2.95,"df_image_link":"https:\/\/glotomania.com\/wp-content\/uploads\/2024\/11\/img_25422_62654a32a2e4785044a507859be83822_1-300x300.jpg","brands":[],"_links":{"self":[{"href":"https:\/\/glotomania.com\/pt-pt\/wp-json\/wp\/v2\/product\/390189","targetHints":{"allow":["GET"]}}],"collection":[{"href":"https:\/\/glotomania.com\/pt-pt\/wp-json\/wp\/v2\/product"}],"about":[{"href":"https:\/\/glotomania.com\/pt-pt\/wp-json\/wp\/v2\/types\/product"}],"replies":[{"embeddable":true,"href":"https:\/\/glotomania.com\/pt-pt\/wp-json\/wp\/v2\/comments?post=390189"}],"wp:featuredmedia":[{"embeddable":true,"href":"https:\/\/glotomania.com\/pt-pt\/wp-json\/wp\/v2\/media\/47474"}],"wp:attachment":[{"href":"https:\/\/glotomania.com\/pt-pt\/wp-json\/wp\/v2\/media?parent=390189"}],"wp:term":[{"taxonomy":"pwb-brand","embeddable":true,"href":"https:\/\/glotomania.com\/pt-pt\/wp-json\/wp\/v2\/pwb-brand?post=390189"},{"taxonomy":"product_brand","embeddable":true,"href":"https:\/\/glotomania.com\/pt-pt\/wp-json\/wp\/v2\/product_brand?post=390189"},{"taxonomy":"product_cat","embeddable":true,"href":"https:\/\/glotomania.com\/pt-pt\/wp-json\/wp\/v2\/product_cat?post=390189"},{"taxonomy":"product_tag","embeddable":true,"href":"https:\/\/glotomania.com\/pt-pt\/wp-json\/wp\/v2\/product_tag?post=390189"}],"curies":[{"name":"wp","href":"https:\/\/api.w.org\/{rel}","templated":true}]}}