{"id":390190,"date":"2025-09-02T11:00:19","date_gmt":"2025-09-02T11:00:19","guid":{"rendered":"https:\/\/glotomania.com\/p\/fideos-de-azucar-funcakes-rosas-80-g-2\/"},"modified":"2026-04-13T11:50:50","modified_gmt":"2026-04-13T11:50:50","slug":"fideos-de-azucar-funcakes-rosas-80-g-2","status":"publish","type":"product","link":"https:\/\/glotomania.com\/pt-pt\/p\/fideos-de-azucar-funcakes-rosas-80-g-2\/","title":{"rendered":"Granulados De A\u00c7ucar Funcakes &#8211; Rosas (80 G)"},"content":{"rendered":"","protected":false},"excerpt":{"rendered":"<p>Mistura de granulados de a\u00e7\u00facar comest\u00edvel Funcakes, ideal para decorar as nossas cria\u00e7\u00f5es com facilidade.<\/p>\n","protected":false},"featured_media":47566,"comment_status":"open","ping_status":"closed","template":"","meta":{"_acf_changed":false},"pwb-brand":[],"product_brand":[],"product_cat":[2908,2911,2979,2982,2913,2907,2997,2921,2996,2924,3001,1852,1839,1840,1832,1901,1845,1862,1885,1851,1849,1858],"product_tag":[],"class_list":{"0":"post-390190","1":"product","2":"type-product","3":"status-publish","4":"has-post-thumbnail","6":"product_cat-batizados","7":"product_cat-comunhoes","8":"product_cat-decoracoes-comestiveis-2","9":"product_cat-decoracoes-de-acucar","10":"product_cat-dia-das-maes","11":"product_cat-festas","12":"product_cat-halal","13":"product_cat-pascoa","14":"product_cat-produtos-vegetarianos","15":"product_cat-sao-valentim-2","16":"product_cat-sem-e-171-2","17":"product_cat-san-valentin","18":"product_cat-decoracion-comestible","19":"product_cat-decoraciones-azucar-comestibles","20":"product_cat-diestas-especiales","21":"product_cat-dieta-halal","22":"product_cat-dieta-sin-e-171","23":"product_cat-comuniones","24":"product_cat-bautizos","25":"product_cat-dia-de-la-madre","26":"product_cat-fiestas","27":"product_cat-pascua","29":"first","30":"instock","31":"taxable","32":"shipping-taxable","33":"purchasable","34":"product-type-simple"},"acf":[],"df_price":2.5,"df_sale_price":"","df_regular_price":2.5,"df_image_link":"https:\/\/glotomania.com\/wp-content\/uploads\/2024\/11\/img_25424_aa141e2693ac85e9618a0f069bbc58ac_1-300x300.jpg","brands":[],"_links":{"self":[{"href":"https:\/\/glotomania.com\/pt-pt\/wp-json\/wp\/v2\/product\/390190","targetHints":{"allow":["GET"]}}],"collection":[{"href":"https:\/\/glotomania.com\/pt-pt\/wp-json\/wp\/v2\/product"}],"about":[{"href":"https:\/\/glotomania.com\/pt-pt\/wp-json\/wp\/v2\/types\/product"}],"replies":[{"embeddable":true,"href":"https:\/\/glotomania.com\/pt-pt\/wp-json\/wp\/v2\/comments?post=390190"}],"wp:featuredmedia":[{"embeddable":true,"href":"https:\/\/glotomania.com\/pt-pt\/wp-json\/wp\/v2\/media\/47566"}],"wp:attachment":[{"href":"https:\/\/glotomania.com\/pt-pt\/wp-json\/wp\/v2\/media?parent=390190"}],"wp:term":[{"taxonomy":"pwb-brand","embeddable":true,"href":"https:\/\/glotomania.com\/pt-pt\/wp-json\/wp\/v2\/pwb-brand?post=390190"},{"taxonomy":"product_brand","embeddable":true,"href":"https:\/\/glotomania.com\/pt-pt\/wp-json\/wp\/v2\/product_brand?post=390190"},{"taxonomy":"product_cat","embeddable":true,"href":"https:\/\/glotomania.com\/pt-pt\/wp-json\/wp\/v2\/product_cat?post=390190"},{"taxonomy":"product_tag","embeddable":true,"href":"https:\/\/glotomania.com\/pt-pt\/wp-json\/wp\/v2\/product_tag?post=390190"}],"curies":[{"name":"wp","href":"https:\/\/api.w.org\/{rel}","templated":true}]}}