{"id":390192,"date":"2025-09-02T11:00:20","date_gmt":"2025-09-02T11:00:20","guid":{"rendered":"https:\/\/glotomania.com\/p\/fideos-de-azucar-funcakes-verdes-80-g-2\/"},"modified":"2026-04-22T14:31:18","modified_gmt":"2026-04-22T14:31:18","slug":"fideos-de-azucar-funcakes-verdes-80-g-2","status":"publish","type":"product","link":"https:\/\/glotomania.com\/pt-pt\/p\/fideos-de-azucar-funcakes-verdes-80-g-2\/","title":{"rendered":"Granulados De A\u00c7ucar Funcakes &#8211; Verdes (80 G)"},"content":{"rendered":"","protected":false},"excerpt":{"rendered":"<p>Mistura de granulados de a\u00e7\u00facar comest\u00edvel Funcakes, ideal para decorar as nossas cria\u00e7\u00f5es com facilidade.<\/p>\n","protected":false},"featured_media":47541,"comment_status":"open","ping_status":"closed","template":"","meta":{"_acf_changed":false},"pwb-brand":[],"product_brand":[],"product_cat":[2979,2982,2907,2997,2920,2921,2996,3001,1839,1840,1832,1901,1845,1849,1866,1858],"product_tag":[],"class_list":{"0":"post-390192","1":"product","2":"type-product","3":"status-publish","4":"has-post-thumbnail","6":"product_cat-decoracoes-comestiveis-2","7":"product_cat-decoracoes-de-acucar","8":"product_cat-festas","9":"product_cat-halal","10":"product_cat-natal-2","11":"product_cat-pascoa","12":"product_cat-produtos-vegetarianos","13":"product_cat-sem-e-171-2","14":"product_cat-decoracion-comestible","15":"product_cat-decoraciones-azucar-comestibles","16":"product_cat-diestas-especiales","17":"product_cat-dieta-halal","18":"product_cat-dieta-sin-e-171","19":"product_cat-fiestas","20":"product_cat-navidad","21":"product_cat-pascua","23":"first","24":"instock","25":"taxable","26":"shipping-taxable","27":"purchasable","28":"product-type-simple"},"acf":[],"df_price":2.5,"df_sale_price":"","df_regular_price":2.5,"df_image_link":"https:\/\/glotomania.com\/wp-content\/uploads\/2024\/11\/img_25427_d6ceddfcc28c27463a2dbb904a8248c4_1-300x300.jpg","brands":[],"_links":{"self":[{"href":"https:\/\/glotomania.com\/pt-pt\/wp-json\/wp\/v2\/product\/390192","targetHints":{"allow":["GET"]}}],"collection":[{"href":"https:\/\/glotomania.com\/pt-pt\/wp-json\/wp\/v2\/product"}],"about":[{"href":"https:\/\/glotomania.com\/pt-pt\/wp-json\/wp\/v2\/types\/product"}],"replies":[{"embeddable":true,"href":"https:\/\/glotomania.com\/pt-pt\/wp-json\/wp\/v2\/comments?post=390192"}],"wp:featuredmedia":[{"embeddable":true,"href":"https:\/\/glotomania.com\/pt-pt\/wp-json\/wp\/v2\/media\/47541"}],"wp:attachment":[{"href":"https:\/\/glotomania.com\/pt-pt\/wp-json\/wp\/v2\/media?parent=390192"}],"wp:term":[{"taxonomy":"pwb-brand","embeddable":true,"href":"https:\/\/glotomania.com\/pt-pt\/wp-json\/wp\/v2\/pwb-brand?post=390192"},{"taxonomy":"product_brand","embeddable":true,"href":"https:\/\/glotomania.com\/pt-pt\/wp-json\/wp\/v2\/product_brand?post=390192"},{"taxonomy":"product_cat","embeddable":true,"href":"https:\/\/glotomania.com\/pt-pt\/wp-json\/wp\/v2\/product_cat?post=390192"},{"taxonomy":"product_tag","embeddable":true,"href":"https:\/\/glotomania.com\/pt-pt\/wp-json\/wp\/v2\/product_tag?post=390192"}],"curies":[{"name":"wp","href":"https:\/\/api.w.org\/{rel}","templated":true}]}}