{"id":390193,"date":"2025-10-08T17:20:11","date_gmt":"2025-10-08T17:20:11","guid":{"rendered":"https:\/\/glotomania.com\/p\/molde-de-papel-para-panettone-mini-panettoncino-150-g-25-unidades\/"},"modified":"2026-03-23T09:47:32","modified_gmt":"2026-03-23T09:47:32","slug":"molde-de-papel-para-panettone-mini-panettoncino-150-g-25-unidades","status":"publish","type":"product","link":"https:\/\/glotomania.com\/pt-pt\/p\/molde-de-papel-para-panettone-mini-panettoncino-150-g-25-unidades\/","title":{"rendered":"Molde De Papel Para Mini Panettone (panettoncino) &#8211; 150 G [25 Pe\u00c7as]"},"content":{"rendered":"<p>&nbsp;<\/p>\n<p><span style=\"color:#000000\"><span style=\"font-size:14px\">Concebidas para eliminar a necessidade de tabuleiros met&aacute;licos, as nossas formas oferecem uma experi&ecirc;ncia de cozedura pr&aacute;tica e eficiente: n&atilde;o &eacute; necess&aacute;rio untar! <strong>Resistentes a temperaturas at&eacute; 390&deg;C e seguras no congelador<\/strong>, s&atilde;o ideais para manter as suas cria&ccedil;&otilde;es frescas e prontas a saborear.<\/span><\/span><\/p>\n<p><span style=\"color:#000000\"><span style=\"font-size:14px\">O atraente papel castanho escuro, adornado com um elegante padr&atilde;o de flores douradas, confere um toque de sofistica&ccedil;&atilde;o &agrave;s suas sobremesas. Com grande estabilidade e resist&ecirc;ncia, estas formas garantem que as suas del&iacute;cias cozinhadas ficam sempre perfeitas.<\/span><\/span><\/p>\n<p><span style=\"color:#000000\"><span style=\"font-size:14px\">Para al&eacute;m disso, as nossas formas t&ecirc;m <strong>certifica&ccedil;&atilde;o Kosher KOF-K<\/strong>, o que garante a sua qualidade e conformidade.&nbsp;<\/span><\/span><\/p>\n<p><span style=\"color:#000000\"><span style=\"font-size:14px\"><strong>Dimens&otilde;es aproximadas:<\/strong> <\/span><span style=\"font-size: 14px\">Altura 5,5 cm &#8211; &Oslash; base 9<\/span><span style=\"font-size: 14px\">&nbsp;cm.<\/span><\/span><\/p>\n<p><span style=\"color:#000000\"><span style=\"font-size:14px\">O conjunto inclui 25 formas.<\/span><\/span><\/p>\n","protected":false},"excerpt":{"rendered":"<p>Perfeitas para confecionar iguarias como panetones, muffins, p\u00e3es e bolos, estas formas permitir-lhe-\u00e3o desfrutar de um processo de cozedura limpo e sem complica\u00e7\u00f5es.<\/p>\n","protected":false},"featured_media":47572,"comment_status":"open","ping_status":"closed","template":"","meta":{"_acf_changed":false},"pwb-brand":[],"product_brand":[],"product_cat":[2907,3214,1801,2920,3087,1849,1866,1767],"product_tag":[],"class_list":{"0":"post-390193","1":"product","2":"type-product","3":"status-publish","4":"has-post-thumbnail","6":"product_cat-festas","7":"product_cat-moldes-de-pastelaria","8":"product_cat-moldes","9":"product_cat-natal-2","10":"product_cat-ordem-e-armazenamento","11":"product_cat-fiestas","12":"product_cat-navidad","13":"product_cat-utensilios","15":"first","16":"outofstock","17":"taxable","18":"shipping-taxable","19":"purchasable","20":"product-type-simple"},"acf":[],"df_price":4.24,"df_sale_price":"","df_regular_price":4.24,"df_image_link":"https:\/\/glotomania.com\/wp-content\/uploads\/2024\/11\/img_25429_fc3cd409d753547b47abd1617f6ef9f5_1-300x300.jpg","brands":[],"_links":{"self":[{"href":"https:\/\/glotomania.com\/pt-pt\/wp-json\/wp\/v2\/product\/390193","targetHints":{"allow":["GET"]}}],"collection":[{"href":"https:\/\/glotomania.com\/pt-pt\/wp-json\/wp\/v2\/product"}],"about":[{"href":"https:\/\/glotomania.com\/pt-pt\/wp-json\/wp\/v2\/types\/product"}],"replies":[{"embeddable":true,"href":"https:\/\/glotomania.com\/pt-pt\/wp-json\/wp\/v2\/comments?post=390193"}],"wp:featuredmedia":[{"embeddable":true,"href":"https:\/\/glotomania.com\/pt-pt\/wp-json\/wp\/v2\/media\/47572"}],"wp:attachment":[{"href":"https:\/\/glotomania.com\/pt-pt\/wp-json\/wp\/v2\/media?parent=390193"}],"wp:term":[{"taxonomy":"pwb-brand","embeddable":true,"href":"https:\/\/glotomania.com\/pt-pt\/wp-json\/wp\/v2\/pwb-brand?post=390193"},{"taxonomy":"product_brand","embeddable":true,"href":"https:\/\/glotomania.com\/pt-pt\/wp-json\/wp\/v2\/product_brand?post=390193"},{"taxonomy":"product_cat","embeddable":true,"href":"https:\/\/glotomania.com\/pt-pt\/wp-json\/wp\/v2\/product_cat?post=390193"},{"taxonomy":"product_tag","embeddable":true,"href":"https:\/\/glotomania.com\/pt-pt\/wp-json\/wp\/v2\/product_tag?post=390193"}],"curies":[{"name":"wp","href":"https:\/\/api.w.org\/{rel}","templated":true}]}}