{"id":390194,"date":"2025-10-08T17:20:14","date_gmt":"2025-10-08T17:20:14","guid":{"rendered":"https:\/\/glotomania.com\/p\/molde-de-papel-para-panettone-mini-panettoncino-150-g-50-unidades\/"},"modified":"2026-03-13T07:01:18","modified_gmt":"2026-03-13T07:01:18","slug":"molde-de-papel-para-panettone-mini-panettoncino-150-g-50-unidades","status":"publish","type":"product","link":"https:\/\/glotomania.com\/pt-pt\/p\/molde-de-papel-para-panettone-mini-panettoncino-150-g-50-unidades\/","title":{"rendered":"Molde De Papel Para Mini Panettone (panettoncino) &#8211; 150 G [50 Pe\u00c7as]"},"content":{"rendered":"<p>&nbsp;<\/p>\n<p><span style=\"color:#000000\"><span style=\"font-size: 14px\">Concebidas para eliminar a necessidade de tabuleiros met&aacute;licos, as nossas formas oferecem uma experi&ecirc;ncia de cozedura pr&aacute;tica e eficiente: n&atilde;o &eacute; necess&aacute;rio untar!&nbsp;<strong>Resistentes a temperaturas at&eacute; 390&deg;C e seguras no congelador<\/strong>, s&atilde;o ideais para manter as suas cria&ccedil;&otilde;es frescas e prontas a saborear.<\/span><\/span><\/p>\n<p><span style=\"color:#000000\"><span style=\"font-size: 14px\">O atraente papel castanho escuro, adornado com um elegante padr&atilde;o de flores douradas, confere um toque de sofistica&ccedil;&atilde;o &agrave;s suas sobremesas. Com grande estabilidade e resist&ecirc;ncia, estas formas garantem que as suas del&iacute;cias cozinhadas ficam sempre perfeitas.<\/span><\/span><\/p>\n<p><span style=\"color:#000000\"><span style=\"font-size: 14px\">Para al&eacute;m disso, as nossas formas t&ecirc;m&nbsp;<strong>certifica&ccedil;&atilde;o Kosher KOF-K<\/strong>, o que garante a sua qualidade e conformidade.&nbsp;<\/span><\/span><\/p>\n<p><span style=\"color:#000000\"><span style=\"font-size: 14px\"><strong>Dimens&otilde;es aproximadas:<\/strong>&nbsp;<\/span><span style=\"font-size: 14px\">Altura 5,5 cm &#8211; &Oslash; base 9<\/span><span style=\"font-size: 14px\">&nbsp;cm.<\/span><\/span><\/p>\n<p><span style=\"color:#000000\"><span style=\"font-size: 14px\">O conjunto inclui 50&nbsp;formas.<\/span><\/span><\/p>\n","protected":false},"excerpt":{"rendered":"<p>Perfeitas para confecionar iguarias como panetones, muffins, p\u00e3es e bolos, estas formas permitir-lhe-\u00e3o desfrutar de um processo de cozedura limpo e sem complica\u00e7\u00f5es.<\/p>\n","protected":false},"featured_media":47573,"comment_status":"open","ping_status":"closed","template":"","meta":{"_acf_changed":false},"pwb-brand":[],"product_brand":[],"product_cat":[2907,3220,1808,3214,1801,2920,3087,1849,1866,1767],"product_tag":[],"class_list":{"0":"post-390194","1":"product","2":"type-product","3":"status-publish","4":"has-post-thumbnail","6":"product_cat-festas","7":"product_cat-moldes-de-papel-descartaveis","8":"product_cat-moldes-papel-desechable","9":"product_cat-moldes-de-pastelaria","10":"product_cat-moldes","11":"product_cat-natal-2","12":"product_cat-ordem-e-armazenamento","13":"product_cat-fiestas","14":"product_cat-navidad","15":"product_cat-utensilios","17":"first","18":"outofstock","19":"taxable","20":"shipping-taxable","21":"purchasable","22":"product-type-simple"},"acf":[],"df_price":7.87,"df_sale_price":"","df_regular_price":7.87,"df_image_link":"https:\/\/glotomania.com\/wp-content\/uploads\/2024\/11\/img_25430_ea01b359a63b4f5577dd00a013b755ba_1-300x300.jpg","brands":[],"_links":{"self":[{"href":"https:\/\/glotomania.com\/pt-pt\/wp-json\/wp\/v2\/product\/390194","targetHints":{"allow":["GET"]}}],"collection":[{"href":"https:\/\/glotomania.com\/pt-pt\/wp-json\/wp\/v2\/product"}],"about":[{"href":"https:\/\/glotomania.com\/pt-pt\/wp-json\/wp\/v2\/types\/product"}],"replies":[{"embeddable":true,"href":"https:\/\/glotomania.com\/pt-pt\/wp-json\/wp\/v2\/comments?post=390194"}],"wp:featuredmedia":[{"embeddable":true,"href":"https:\/\/glotomania.com\/pt-pt\/wp-json\/wp\/v2\/media\/47573"}],"wp:attachment":[{"href":"https:\/\/glotomania.com\/pt-pt\/wp-json\/wp\/v2\/media?parent=390194"}],"wp:term":[{"taxonomy":"pwb-brand","embeddable":true,"href":"https:\/\/glotomania.com\/pt-pt\/wp-json\/wp\/v2\/pwb-brand?post=390194"},{"taxonomy":"product_brand","embeddable":true,"href":"https:\/\/glotomania.com\/pt-pt\/wp-json\/wp\/v2\/product_brand?post=390194"},{"taxonomy":"product_cat","embeddable":true,"href":"https:\/\/glotomania.com\/pt-pt\/wp-json\/wp\/v2\/product_cat?post=390194"},{"taxonomy":"product_tag","embeddable":true,"href":"https:\/\/glotomania.com\/pt-pt\/wp-json\/wp\/v2\/product_tag?post=390194"}],"curies":[{"name":"wp","href":"https:\/\/api.w.org\/{rel}","templated":true}]}}