{"id":390217,"date":"2025-09-02T11:00:25","date_gmt":"2025-09-02T11:00:25","guid":{"rendered":"https:\/\/glotomania.com\/p\/extracto-de-vainilla-bourbon-con-semillas-72-g-l-eurovanille-2\/"},"modified":"2026-04-01T12:41:55","modified_gmt":"2026-04-01T12:41:55","slug":"extracto-de-vainilla-bourbon-con-semillas-72-g-l-eurovanille-2","status":"publish","type":"product","link":"https:\/\/glotomania.com\/pt-pt\/p\/extracto-de-vainilla-bourbon-con-semillas-72-g-l-eurovanille-2\/","title":{"rendered":"Extracto De Baunilha De Bourbon Com Sementes (72 G\/l) &#8211; Eurovanille"},"content":{"rendered":"<p>&nbsp;<\/p>\n<p><span style=\"color:#000000\"><span style=\"font-size:14px\">Elaborado atrav&eacute;s de um processo tradicional de extra&ccedil;&atilde;o hidroalco&oacute;lica e evapora&ccedil;&atilde;o, garantindo a pureza e a intensidade do aroma.&nbsp; A mistura de concentrado de baunilha Bourbon com xarope de a&ccedil;&uacute;car invertido e favas de baunilha pretas passadas cria uma textura e um sabor &uacute;nicos.<\/span><\/span><\/p>\n<p><span style=\"color:#000000\"><span style=\"font-size:14px\">Extra&iacute;do da variedade <strong>vanilla planifolia<\/strong>, cultivada em Madag&aacute;scar. O seu aroma &eacute; composto por mais de 200 mol&eacute;culas arom&aacute;ticas, oferecendo notas amadeiradas, bals&acirc;micas e de rum, com um sabor intenso e aut&ecirc;ntico, perfeito para real&ccedil;ar o aroma e o sabor das suas receitas.<\/span><\/span><\/p>\n<p><span style=\"color:#000000\"><span style=\"font-size:14px\">Este extrato natural de baunilha &eacute; um ingrediente <strong>pronto a usar<\/strong>, adequado para a maioria das receitas que requerem baunilha. &Eacute; perfeito para sobremesas, bebidas, molhos, gelados, pratos salgados? E muito mais!<\/span><\/span><\/p>\n<p><strong><span style=\"color:#000000\"><span style=\"font-size:14px\">Conselhos de utiliza&ccedil;&atilde;o:<\/span><\/span><\/strong><\/p>\n<p><span style=\"color:#000000\"><span style=\"font-size:14px\">Agitar bem o frasco antes de o utilizar para que as sementes sejam distribu&iacute;das uniformemente.<br \/>\n<strong>Dose recomendada:<\/strong> 0,8 &#8211; 2 %.<\/span><\/span><\/p>\n<p>&nbsp;<\/p>\n<table align=\"center\" border=\"1\" cellpadding=\"1\" cellspacing=\"1\" style=\"width: 500px\">\n<caption>DOSAGEM RECOMENDADA<\/caption>\n<thead>\n<tr>\n<th scope=\"col\"><span style=\"font-weight: 400\">PROCESSAMENTO&nbsp;<\/span><\/th>\n<th scope=\"col\"><span style=\"font-weight: 400\">DOSAGEM M&Iacute;N.<\/span><\/th>\n<th scope=\"col\"><span style=\"font-weight: 400\"><span style=\"text-align: center\">DOSAGEM&nbsp;<\/span>M&Aacute;X.<\/span><\/th>\n<\/tr>\n<\/thead>\n<tbody>\n<tr>\n<td style=\"text-align: center\">Sobremesas l&aacute;cteas<\/td>\n<td style=\"text-align: center\">2 %<\/td>\n<td>&nbsp;<\/td>\n<\/tr>\n<tr>\n<td style=\"text-align: center\">Confeitaria&nbsp;<\/td>\n<td style=\"text-align: center\">2 %<\/td>\n<td>&nbsp;<\/td>\n<\/tr>\n<tr>\n<td style=\"text-align: center\">Frutas<\/td>\n<td style=\"text-align: center\">2 %<\/td>\n<td>&nbsp;<\/td>\n<\/tr>\n<tr>\n<td style=\"text-align: center\">Bolos \/ biscoitos<\/td>\n<td style=\"text-align: center\">1,6 %<\/td>\n<td>&nbsp;<\/td>\n<\/tr>\n<tr>\n<td style=\"text-align: center\">Chocolates<\/td>\n<td style=\"text-align: center\">1,2 %<\/td>\n<td>&nbsp;<\/td>\n<\/tr>\n<tr>\n<td style=\"text-align: center\">Leite&nbsp;<\/td>\n<td style=\"text-align: center\">1,2 %<\/td>\n<td>&nbsp;<\/td>\n<\/tr>\n<tr>\n<td style=\"text-align: center\">Iogurtes&nbsp;<\/td>\n<td style=\"text-align: center\">1,2 %<\/td>\n<td>&nbsp;<\/td>\n<\/tr>\n<tr>\n<td style=\"text-align: center\">Gelados<\/td>\n<td style=\"text-align: center\">1,2 %<\/td>\n<td>&nbsp;<\/td>\n<\/tr>\n<\/tbody>\n<\/table>\n","protected":false},"excerpt":{"rendered":"<p>Extrato de baunilha Bourbon com sementes de Madag\u00e1scar, uma f\u00f3rmula que se assemelha \u00e0 vagem original. Ideal para utilizar como aromatizante ou topping.<\/p>\n","protected":false},"featured_media":47476,"comment_status":"open","ping_status":"closed","template":"","meta":{"_acf_changed":false},"pwb-brand":[],"product_brand":[],"product_cat":[2943,2950,1831,1830,1832,2997,1901,1902,1930,2999,2996],"product_tag":[],"class_list":{"0":"post-390217","1":"product","2":"type-product","3":"status-publish","4":"has-post-thumbnail","6":"product_cat-aromas-e-extractos","7":"product_cat-aromas-liquidos-2","8":"product_cat-aroma-liquido","9":"product_cat-aromas-y-extractos","10":"product_cat-diestas-especiales","11":"product_cat-halal","12":"product_cat-dieta-halal","13":"product_cat-dieta-kosher","14":"product_cat-ingredientes-organicos-para-reposteria","15":"product_cat-kosher-2","16":"product_cat-produtos-vegetarianos","18":"first","19":"instock","20":"taxable","21":"shipping-taxable","22":"purchasable","23":"product-type-simple"},"acf":[],"df_price":84.51,"df_sale_price":"","df_regular_price":84.51,"df_image_link":"https:\/\/glotomania.com\/wp-content\/uploads\/2024\/11\/img_25478_c7110d66fd3b6abedc4b0da7b952e325_1-300x300.jpg","brands":[],"_links":{"self":[{"href":"https:\/\/glotomania.com\/pt-pt\/wp-json\/wp\/v2\/product\/390217","targetHints":{"allow":["GET"]}}],"collection":[{"href":"https:\/\/glotomania.com\/pt-pt\/wp-json\/wp\/v2\/product"}],"about":[{"href":"https:\/\/glotomania.com\/pt-pt\/wp-json\/wp\/v2\/types\/product"}],"replies":[{"embeddable":true,"href":"https:\/\/glotomania.com\/pt-pt\/wp-json\/wp\/v2\/comments?post=390217"}],"wp:featuredmedia":[{"embeddable":true,"href":"https:\/\/glotomania.com\/pt-pt\/wp-json\/wp\/v2\/media\/47476"}],"wp:attachment":[{"href":"https:\/\/glotomania.com\/pt-pt\/wp-json\/wp\/v2\/media?parent=390217"}],"wp:term":[{"taxonomy":"pwb-brand","embeddable":true,"href":"https:\/\/glotomania.com\/pt-pt\/wp-json\/wp\/v2\/pwb-brand?post=390217"},{"taxonomy":"product_brand","embeddable":true,"href":"https:\/\/glotomania.com\/pt-pt\/wp-json\/wp\/v2\/product_brand?post=390217"},{"taxonomy":"product_cat","embeddable":true,"href":"https:\/\/glotomania.com\/pt-pt\/wp-json\/wp\/v2\/product_cat?post=390217"},{"taxonomy":"product_tag","embeddable":true,"href":"https:\/\/glotomania.com\/pt-pt\/wp-json\/wp\/v2\/product_tag?post=390217"}],"curies":[{"name":"wp","href":"https:\/\/api.w.org\/{rel}","templated":true}]}}