{"id":390221,"date":"2025-09-02T11:00:47","date_gmt":"2025-09-02T11:00:47","guid":{"rendered":"https:\/\/glotomania.com\/p\/emulsion-de-panaderia-lorann-red-velvet-473-ml-2\/"},"modified":"2026-04-09T11:56:49","modified_gmt":"2026-04-09T11:56:49","slug":"emulsion-de-panaderia-lorann-red-velvet-473-ml-2","status":"publish","type":"product","link":"https:\/\/glotomania.com\/pt-pt\/p\/emulsion-de-panaderia-lorann-red-velvet-473-ml-2\/","title":{"rendered":"Emuls\u00c3o De Padaria Lorann &#8211; Red Velvet (473 Ml)"},"content":{"rendered":"<p>&nbsp;<\/p>\n<div>&Eacute; altamente concentrado, mantendo um sabor rico e poderoso mesmo em condi&ccedil;&otilde;es extremas de temperatura, o que o torna perfeito para&nbsp;<strong>receitas de pastelaria<\/strong>, tais como biscoitos, bolachas, bolos, gelados,&#8230; Emuls&atilde;o&nbsp;<strong>&agrave; base de &aacute;gua<\/strong>, pelo que n&atilde;o se desvanece no sabor, mas permanece saborosa e intensa.<\/div>\n<div>&nbsp;<\/div>\n<div><strong>&Eacute; sol&uacute;vel em &aacute;gua,<\/strong>&nbsp;ideal para misturar em bebidas, produtos l&aacute;cteos, entre outras prepara&ccedil;&otilde;es.<\/div>\n<div>&nbsp;<\/div>\n<div>N&atilde;o &eacute; recomendada para utiliza&ccedil;&atilde;o em&nbsp;<u>produtos &agrave; base de &oacute;leo<\/u>, uma vez que pode provocar a fixa&ccedil;&atilde;o ou engrossamento dos chocolates.&nbsp;&nbsp;<\/div>\n<div>&nbsp;<\/div>\n<div>\n<div><strong><span style=\"font-size: 14px\">M&eacute;todo de utiliza&ccedil;&atilde;o:<\/span><\/strong><\/div>\n<div><span style=\"font-size: 14px\">Para cada bolo de 20 &#8211; 22,5 cm, ou 12 cupcakes, misturar uma colher de ch&aacute; de emuls&atilde;o LorAnn &agrave; massa preparada e misturar bem. &#8211;&nbsp;<strong>N&Atilde;O &Eacute; NECESS&Aacute;RIA QUALQUER COLORA&Ccedil;&Atilde;O ADICIONAL<\/strong><\/span><\/div>\n<\/div>\n<div>&nbsp;<\/div>\n<div><strong>Sugest&otilde;es para aumentar a solubilidade do aroma&nbsp;<\/strong>se estiver a ter dificuldades:<\/div>\n<ul>\n<li>Diminuir o&nbsp;n&iacute;vel de aromatiza&ccedil;&atilde;o utilizado (demais pode causar a apreens&atilde;o dos chocolates).<\/li>\n<li>Aumentar o tempo ou n&iacute;vel de mistura, se poss&iacute;vel.<\/li>\n<li>Aumentar ligeiramente a temperatura da mistura ao adicionar o aroma.<\/li>\n<li>Considerar adicionar um emulsionante, tal como lecitina, goma xantana ou goma ar&aacute;bica.<\/li>\n<\/ul>\n","protected":false},"excerpt":{"rendered":"<p>Adicione o fant\u00e1stico sabor e cor do Red Velvet \u00e0s suas elabora\u00e7\u00f5es com a emuls\u00e3o de padaria LorAnn.<\/p>\n","protected":false},"featured_media":48053,"comment_status":"open","ping_status":"closed","template":"","meta":{"_acf_changed":false},"pwb-brand":[],"product_brand":[],"product_cat":[2924,2943,2950,2950,2943,2996,2907,2999,3002,3004,2999,2920,2996,2907,2920,2924,3002,3004],"product_tag":[],"class_list":{"0":"post-390221","1":"product","2":"type-product","3":"status-publish","4":"has-post-thumbnail","6":"product_cat-sao-valentim-2","7":"product_cat-aromas-e-extractos","8":"product_cat-aromas-liquidos-2","11":"product_cat-produtos-vegetarianos","12":"product_cat-festas","13":"product_cat-kosher-2","14":"product_cat-sem-acucar","15":"product_cat-sem-gluten-2","17":"product_cat-natal-2","25":"first","26":"instock","27":"taxable","28":"shipping-taxable","29":"purchasable","30":"product-type-simple"},"acf":[],"df_price":25.95,"df_sale_price":"","df_regular_price":25.95,"df_image_link":"https:\/\/glotomania.com\/wp-content\/uploads\/2024\/11\/img_25522_b40e3d830a90b04ad8bfb49bde87edad_1-300x300.jpg","brands":[],"_links":{"self":[{"href":"https:\/\/glotomania.com\/pt-pt\/wp-json\/wp\/v2\/product\/390221","targetHints":{"allow":["GET"]}}],"collection":[{"href":"https:\/\/glotomania.com\/pt-pt\/wp-json\/wp\/v2\/product"}],"about":[{"href":"https:\/\/glotomania.com\/pt-pt\/wp-json\/wp\/v2\/types\/product"}],"replies":[{"embeddable":true,"href":"https:\/\/glotomania.com\/pt-pt\/wp-json\/wp\/v2\/comments?post=390221"}],"wp:featuredmedia":[{"embeddable":true,"href":"https:\/\/glotomania.com\/pt-pt\/wp-json\/wp\/v2\/media\/48053"}],"wp:attachment":[{"href":"https:\/\/glotomania.com\/pt-pt\/wp-json\/wp\/v2\/media?parent=390221"}],"wp:term":[{"taxonomy":"pwb-brand","embeddable":true,"href":"https:\/\/glotomania.com\/pt-pt\/wp-json\/wp\/v2\/pwb-brand?post=390221"},{"taxonomy":"product_brand","embeddable":true,"href":"https:\/\/glotomania.com\/pt-pt\/wp-json\/wp\/v2\/product_brand?post=390221"},{"taxonomy":"product_cat","embeddable":true,"href":"https:\/\/glotomania.com\/pt-pt\/wp-json\/wp\/v2\/product_cat?post=390221"},{"taxonomy":"product_tag","embeddable":true,"href":"https:\/\/glotomania.com\/pt-pt\/wp-json\/wp\/v2\/product_tag?post=390221"}],"curies":[{"name":"wp","href":"https:\/\/api.w.org\/{rel}","templated":true}]}}