{"id":390223,"date":"2025-09-02T11:00:49","date_gmt":"2025-09-02T11:00:49","guid":{"rendered":"https:\/\/glotomania.com\/p\/lecitina-de-soja-loraan-118-ml-2\/"},"modified":"2026-03-11T02:10:48","modified_gmt":"2026-03-11T02:10:48","slug":"lecitina-de-soja-loraan-118-ml-2","status":"publish","type":"product","link":"https:\/\/glotomania.com\/pt-pt\/p\/lecitina-de-soja-loraan-118-ml-2\/","title":{"rendered":"[p. Caduc.] Lecitina De Soja Loraan &#8211; 118 Ml"},"content":{"rendered":"<p><span style=\"font-size: 14px\">A lecitina de soja actua como um&nbsp;<strong>poderoso emulsionante<\/strong>, conseguindo misturas homog&eacute;neas em molhos e temperos. A sua capacidade de retardar a oxida&ccedil;&atilde;o das gorduras garante que os seus biscoitos se mant&ecirc;m h&uacute;midos e os seus doces mant&ecirc;m uma textura deliciosa durante mais tempo.&nbsp;<\/span><\/p>\n<p><span style=\"font-size: 14px\">A adi&ccedil;&atilde;o de apenas algumas colheres de ch&aacute; de lecitina &agrave;s suas receitas de massa resulta numa massa mais suave e mais el&aacute;stica, contribuindo para um&nbsp;<strong>produto final leve e mastig&aacute;vel.<\/strong><br \/>\n<strong>Utiliza&ccedil;&atilde;o recomendada:&nbsp;<\/strong><\/span><\/p>\n<ul>\n<li><span style=\"font-size: 14px\">Utilizar 2 a 3 colheres de ch&aacute; de lecitina por cada 3 ch&aacute;venas de farinha, sem necessidade de ajustar outros ingredientes ou tempos de cozedura. Al&eacute;m disso, uma vez que &eacute; necess&aacute;ria apenas uma pequena quantidade, a lecitina&nbsp;<strong>n&atilde;o altera o sabor da sua comida.<\/strong><\/span><\/li>\n<li><span style=\"font-size: 14px\">Para saborear um delicioso<strong>&nbsp;milho caramelizado<\/strong>, basta adicionar um pouco de lecitina e &oacute;leo no final do processo; isto n&atilde;o s&oacute; real&ccedil;ar&aacute; o sabor a caramelo, como tamb&eacute;m garantir&aacute; uma cobertura uniforme.<\/span><\/li>\n<li><span style=\"font-size: 14px\">A lecitina &eacute; tamb&eacute;m<strong>&nbsp;perfeita para a confeitaria<\/strong>, impedindo a separa&ccedil;&atilde;o de gorduras e &oacute;leos, resultando em caramelos com um acabamento suave e sem res&iacute;duos oleosos. &Eacute; tamb&eacute;m uma op&ccedil;&atilde;o econ&oacute;mica para suavizar o chocolate, uma vez que &eacute; necess&aacute;ria uma menor quantidade em compara&ccedil;&atilde;o com a manteiga de cacau.<\/span><\/li>\n<li><span style=\"font-size: 14px\">Para um<strong>&nbsp;toque saud&aacute;vel<\/strong>, combine a lecitina com &oacute;leos vegetais e crie o seu pr&oacute;prio revestimento antiaderente de baixas calorias para untar frigideiras e saltear alimentos com facilidade.&nbsp;<\/span><\/li>\n<\/ul>\n<p><span style=\"font-size: 14px\">Com a lecitina de soja, pode<strong>&nbsp;transformar as suas receitas e desfrutar de produtos de pastelaria.<\/strong><\/span><\/p>\n","protected":false},"excerpt":{"rendered":"<p>Esta poderosa lecitina, derivada de gr\u00e3os de soja 100% naturais, \u00e9 ideal para manter o sabor dos seus produtos de padaria e pastelaria t\u00e3o fresco como no dia em que foram feitos.<\/p>\n","protected":false},"featured_media":48054,"comment_status":"open","ping_status":"closed","template":"","meta":{"_acf_changed":false},"pwb-brand":[],"product_brand":[],"product_cat":[1832,2997,3018,1901,1902,1844,3034,1961,2999,2996],"product_tag":[],"class_list":{"0":"post-390223","1":"product","2":"type-product","3":"status-publish","4":"has-post-thumbnail","6":"product_cat-diestas-especiales","7":"product_cat-halal","8":"product_cat-ingredientes-de-pastelaria-2","9":"product_cat-dieta-halal","10":"product_cat-dieta-kosher","11":"product_cat-ingredientes-reposteria","12":"product_cat-ingredientes-tecnicos-2","13":"product_cat-ingredientes-tecnicos","14":"product_cat-kosher-2","15":"product_cat-produtos-vegetarianos","17":"first","18":"outofstock","19":"taxable","20":"shipping-taxable","21":"purchasable","22":"product-type-simple"},"acf":[],"df_price":3.58,"df_sale_price":"","df_regular_price":3.58,"df_image_link":"https:\/\/glotomania.com\/wp-content\/uploads\/2024\/11\/img_25524_29e1bd5e8f102f4f3339d21b858e2129_1-300x300.jpg","brands":[],"_links":{"self":[{"href":"https:\/\/glotomania.com\/pt-pt\/wp-json\/wp\/v2\/product\/390223","targetHints":{"allow":["GET"]}}],"collection":[{"href":"https:\/\/glotomania.com\/pt-pt\/wp-json\/wp\/v2\/product"}],"about":[{"href":"https:\/\/glotomania.com\/pt-pt\/wp-json\/wp\/v2\/types\/product"}],"replies":[{"embeddable":true,"href":"https:\/\/glotomania.com\/pt-pt\/wp-json\/wp\/v2\/comments?post=390223"}],"wp:featuredmedia":[{"embeddable":true,"href":"https:\/\/glotomania.com\/pt-pt\/wp-json\/wp\/v2\/media\/48054"}],"wp:attachment":[{"href":"https:\/\/glotomania.com\/pt-pt\/wp-json\/wp\/v2\/media?parent=390223"}],"wp:term":[{"taxonomy":"pwb-brand","embeddable":true,"href":"https:\/\/glotomania.com\/pt-pt\/wp-json\/wp\/v2\/pwb-brand?post=390223"},{"taxonomy":"product_brand","embeddable":true,"href":"https:\/\/glotomania.com\/pt-pt\/wp-json\/wp\/v2\/product_brand?post=390223"},{"taxonomy":"product_cat","embeddable":true,"href":"https:\/\/glotomania.com\/pt-pt\/wp-json\/wp\/v2\/product_cat?post=390223"},{"taxonomy":"product_tag","embeddable":true,"href":"https:\/\/glotomania.com\/pt-pt\/wp-json\/wp\/v2\/product_tag?post=390223"}],"curies":[{"name":"wp","href":"https:\/\/api.w.org\/{rel}","templated":true}]}}