{"id":390224,"date":"2025-09-02T11:00:49","date_gmt":"2025-09-02T11:00:49","guid":{"rendered":"https:\/\/glotomania.com\/p\/glicerina-vegetal-lorann-473-ml-2\/"},"modified":"2026-03-11T02:10:50","modified_gmt":"2026-03-11T02:10:50","slug":"glicerina-vegetal-lorann-473-ml-2","status":"publish","type":"product","link":"https:\/\/glotomania.com\/pt-pt\/p\/glicerina-vegetal-lorann-473-ml-2\/","title":{"rendered":"Glicerina Vegetal Lorann &#8211; 473 Ml"},"content":{"rendered":"<p>&nbsp;<\/p>\n<p><span style=\"font-size: 14px\">A glicerina &eacute; especialmente &uacute;til na confeitaria, pois<strong>&nbsp;evita a cristaliza&ccedil;&atilde;o do a&ccedil;&uacute;car<\/strong>, garantindo texturas perfeitas. D&ecirc; um toque brilhante &agrave;s suas coberturas com a glicerina LorAnn, que tamb&eacute;m actua para evitar que endure&ccedil;am,&nbsp;<strong>melhorando a apresenta&ccedil;&atilde;o das suas cria&ccedil;&otilde;es.&nbsp;<\/strong><\/span><\/p>\n<p><span style=\"font-size: 14px\">Para al&eacute;m dos seus benef&iacute;cios na cozinha, a glicerina vegetal &eacute; um&nbsp;<strong>excelente hidratante para a pele<\/strong>, perfeito para sabonetes e outras aplica&ccedil;&otilde;es cosm&eacute;ticas. Com<strong>&nbsp;propriedades de limpeza e suaviza&ccedil;&atilde;o<\/strong>, &eacute; ideal para o cuidado do corpo.<\/span><\/p>\n<p><span style=\"font-size: 14px\">Tire partido das m&uacute;ltiplas utiliza&ccedil;&otilde;es da glicerina vegetal LorAnn e transforme as suas receitas e produtos de cuidados pessoais em experi&ecirc;ncias ainda mais satisfat&oacute;rias.<\/span><\/p>\n","protected":false},"excerpt":{"rendered":"<p>A glicerina vegetal LorAnn \u00e9 um ingrediente vers\u00e1til e natural, cuja principal fun\u00e7\u00e3o \u00e9 ajudar a reter a humidade nos alimentos, mantendo-os macios e frescos.<\/p>\n","protected":false},"featured_media":49728,"comment_status":"open","ping_status":"closed","template":"","meta":{"_acf_changed":false,"_joinchat":[]},"pwb-brand":[],"product_brand":[],"product_cat":[3018,3034,2996,3001,3004,1832,1844,1845,1833,1961],"product_tag":[],"class_list":{"0":"post-390224","1":"product","2":"type-product","3":"status-publish","4":"has-post-thumbnail","6":"product_cat-ingredientes-de-pastelaria-2","7":"product_cat-ingredientes-tecnicos-2","8":"product_cat-produtos-vegetarianos","9":"product_cat-sem-e-171-2","10":"product_cat-sem-gluten-2","11":"product_cat-diestas-especiales","12":"product_cat-ingredientes-reposteria","13":"product_cat-dieta-sin-e-171","14":"product_cat-dieta-sin-gluten","15":"product_cat-ingredientes-tecnicos","17":"first","18":"instock","19":"taxable","20":"shipping-taxable","21":"purchasable","22":"product-type-simple"},"acf":[],"df_price":16.15,"df_sale_price":"","df_regular_price":16.15,"df_image_link":"https:\/\/e622tfk5wxd.exactdn.com\/wp-content\/uploads\/2024\/12\/img_25525_bdbd2c1c1c46bc2d584aef2852a36124_1-300x300.jpg?strip=all","brands":[],"_links":{"self":[{"href":"https:\/\/glotomania.com\/pt-pt\/wp-json\/wp\/v2\/product\/390224","targetHints":{"allow":["GET"]}}],"collection":[{"href":"https:\/\/glotomania.com\/pt-pt\/wp-json\/wp\/v2\/product"}],"about":[{"href":"https:\/\/glotomania.com\/pt-pt\/wp-json\/wp\/v2\/types\/product"}],"replies":[{"embeddable":true,"href":"https:\/\/glotomania.com\/pt-pt\/wp-json\/wp\/v2\/comments?post=390224"}],"wp:featuredmedia":[{"embeddable":true,"href":"https:\/\/glotomania.com\/pt-pt\/wp-json\/wp\/v2\/media\/49728"}],"wp:attachment":[{"href":"https:\/\/glotomania.com\/pt-pt\/wp-json\/wp\/v2\/media?parent=390224"}],"wp:term":[{"taxonomy":"pwb-brand","embeddable":true,"href":"https:\/\/glotomania.com\/pt-pt\/wp-json\/wp\/v2\/pwb-brand?post=390224"},{"taxonomy":"product_brand","embeddable":true,"href":"https:\/\/glotomania.com\/pt-pt\/wp-json\/wp\/v2\/product_brand?post=390224"},{"taxonomy":"product_cat","embeddable":true,"href":"https:\/\/glotomania.com\/pt-pt\/wp-json\/wp\/v2\/product_cat?post=390224"},{"taxonomy":"product_tag","embeddable":true,"href":"https:\/\/glotomania.com\/pt-pt\/wp-json\/wp\/v2\/product_tag?post=390224"}],"curies":[{"name":"wp","href":"https:\/\/api.w.org\/{rel}","templated":true}]}}