{"id":390225,"date":"2025-09-02T11:00:50","date_gmt":"2025-09-02T11:00:50","guid":{"rendered":"https:\/\/glotomania.com\/p\/inhibidor-de-moho-preserve-it-lorann-30-ml-2\/"},"modified":"2026-03-11T02:10:53","modified_gmt":"2026-03-11T02:10:53","slug":"inhibidor-de-moho-preserve-it-lorann-30-ml-2","status":"publish","type":"product","link":"https:\/\/glotomania.com\/pt-pt\/p\/inhibidor-de-moho-preserve-it-lorann-30-ml-2\/","title":{"rendered":"Inibidor De Bolores &#8220;preserve-it&#8221; Lorann &#8211; 30 Ml"},"content":{"rendered":"<p>&nbsp;<\/p>\n<p><span style=\"font-size:14px\">Este produto &eacute; ideal para manter todos os seus doces, sobremesas e bolos frescos. Pode desfrutar de produtos de pastelaria e guloseimas com um prazo de validade mais longo, garantindo que mant&ecirc;m o seu sabor e textura frescos durante mais tempo, evitando o crescimento indesejado de bolor a partir do interior.<\/span><\/p>\n<p><span style=\"font-size:14px\">Perfeito para uso profissional, basta adicionar 2 colheres de ch&aacute; deste inibidor por aproximadamente 2 kg da sua mistura total.&nbsp;<\/span><\/p>\n","protected":false},"excerpt":{"rendered":"<p>O inibidor de bolores LorAnn&#8217;s Preserve-It \u00e9 um conservante pr\u00e1tico e eficaz concebido para prevenir o crescimento de bolores e a fermenta\u00e7\u00e3o numa variedade de alimentos.<\/p>\n","protected":false},"featured_media":48055,"comment_status":"open","ping_status":"closed","template":"","meta":{"_acf_changed":false},"pwb-brand":[],"product_brand":[],"product_cat":[1832,2997,3018,1901,1902,1844,1896,1833,3034,1961,2999,2996,3002,3004],"product_tag":[],"class_list":{"0":"post-390225","1":"product","2":"type-product","3":"status-publish","4":"has-post-thumbnail","6":"product_cat-diestas-especiales","7":"product_cat-halal","8":"product_cat-ingredientes-de-pastelaria-2","9":"product_cat-dieta-halal","10":"product_cat-dieta-kosher","11":"product_cat-ingredientes-reposteria","12":"product_cat-dieta-sin-azucar","13":"product_cat-dieta-sin-gluten","14":"product_cat-ingredientes-tecnicos-2","15":"product_cat-ingredientes-tecnicos","16":"product_cat-kosher-2","17":"product_cat-produtos-vegetarianos","18":"product_cat-sem-acucar","19":"product_cat-sem-gluten-2","21":"first","22":"instock","23":"taxable","24":"shipping-taxable","25":"purchasable","26":"product-type-simple"},"acf":[],"df_price":5.37,"df_sale_price":"","df_regular_price":5.37,"df_image_link":"https:\/\/glotomania.com\/wp-content\/uploads\/2024\/11\/img_25526_e91a94b7c55844571f185411059dc53a_1-300x300.jpg","brands":[],"_links":{"self":[{"href":"https:\/\/glotomania.com\/pt-pt\/wp-json\/wp\/v2\/product\/390225","targetHints":{"allow":["GET"]}}],"collection":[{"href":"https:\/\/glotomania.com\/pt-pt\/wp-json\/wp\/v2\/product"}],"about":[{"href":"https:\/\/glotomania.com\/pt-pt\/wp-json\/wp\/v2\/types\/product"}],"replies":[{"embeddable":true,"href":"https:\/\/glotomania.com\/pt-pt\/wp-json\/wp\/v2\/comments?post=390225"}],"wp:featuredmedia":[{"embeddable":true,"href":"https:\/\/glotomania.com\/pt-pt\/wp-json\/wp\/v2\/media\/48055"}],"wp:attachment":[{"href":"https:\/\/glotomania.com\/pt-pt\/wp-json\/wp\/v2\/media?parent=390225"}],"wp:term":[{"taxonomy":"pwb-brand","embeddable":true,"href":"https:\/\/glotomania.com\/pt-pt\/wp-json\/wp\/v2\/pwb-brand?post=390225"},{"taxonomy":"product_brand","embeddable":true,"href":"https:\/\/glotomania.com\/pt-pt\/wp-json\/wp\/v2\/product_brand?post=390225"},{"taxonomy":"product_cat","embeddable":true,"href":"https:\/\/glotomania.com\/pt-pt\/wp-json\/wp\/v2\/product_cat?post=390225"},{"taxonomy":"product_tag","embeddable":true,"href":"https:\/\/glotomania.com\/pt-pt\/wp-json\/wp\/v2\/product_tag?post=390225"}],"curies":[{"name":"wp","href":"https:\/\/api.w.org\/{rel}","templated":true}]}}