{"id":390231,"date":"2025-09-02T11:00:58","date_gmt":"2025-09-02T11:00:58","guid":{"rendered":"https:\/\/glotomania.com\/p\/extracto-natural-de-almendra-amarga-eurovanille-40-g-2\/"},"modified":"2026-04-22T06:46:02","modified_gmt":"2026-04-22T06:46:02","slug":"extracto-natural-de-almendra-amarga-eurovanille-40-g-2","status":"publish","type":"product","link":"https:\/\/glotomania.com\/pt-pt\/p\/extracto-natural-de-almendra-amarga-eurovanille-40-g-2\/","title":{"rendered":"Extracto Natural De Am\u00candoa Amarga Eurovanille &#8211; 40 G"},"content":{"rendered":"<p>&nbsp;<\/p>\n<p><span style=\"color:#000000\"><span style=\"font-size:14px\">O seu aroma &eacute; real&ccedil;ado por notas de horchata, cereja e um toque ligeiramente fumado, o que o torna um ingrediente vers&aacute;til para v&aacute;rias aplica&ccedil;&otilde;es culin&aacute;rias. Ideal para a elabora&ccedil;&atilde;o de macarons, biscoitos, entremets, gelados, frangipane,&#8230;<\/span><\/span><\/p>\n<p><span style=\"color:#000000\"><span style=\"font-size:14px\"><strong>Utiliza&ccedil;&atilde;o recomendada:<\/strong><\/span><\/span><\/p>\n<ul>\n<li><span style=\"color:#000000\"><span style=\"font-size:14px\"><strong>Dosagem recomendada: <\/strong>2 a 3 gotas por kg de massa.<\/span><\/span><\/li>\n<li><span style=\"color:#000000\"><span style=\"font-size:14px\">Este extrato deve ser utilizado com modera&ccedil;&atilde;o, seguindo a dosagem recomendada.<\/span><\/span><\/li>\n<li><span style=\"color:#000000\"><span style=\"font-size:14px\"><span style=\"font-size:14px\">N&atilde;o utilizar se o l&iacute;quido n&atilde;o for l&iacute;mpido.<\/span><\/span><\/span><\/li>\n<\/ul>\n<table align=\"center\" border=\"1\" cellpadding=\"1\" cellspacing=\"1\" style=\"width: 500px\">\n<tbody>\n\t<\/tbody>\n<caption><span style=\"color:#000000\"><span style=\"font-size: 14px\"><strong>DOSES RECOMENDADAS<\/strong><\/span><\/span><\/caption>\n<thead>\n<tr>\n<th scope=\"col\"><span style=\"font-size:14px\"><span style=\"color:#000000\">ELABORA&Ccedil;&Atilde;O<\/span><\/span><\/th>\n<th scope=\"col\"><span style=\"font-size:14px\"><span style=\"color:#000000\">DOSE M&Iacute;N.<\/span><\/span><\/th>\n<th scope=\"col\"><span style=\"font-size:14px\"><span style=\"color:#000000\">DOSE M&Aacute;X.<\/span><\/span><\/th>\n<\/tr>\n<\/thead>\n<tbody>\n<tr>\n<td style=\"text-align: center\"><span style=\"font-size:14px\"><span style=\"color:#000000\"><strong>Pastelaria<\/strong><\/span><\/span><\/td>\n<td style=\"text-align: center\"><span style=\"font-size:14px\"><span style=\"color:#000000\">2<\/span><\/span><\/td>\n<td style=\"text-align: center\"><span style=\"font-size:14px\"><span style=\"color:#000000\">3 gotas \/ kg<\/span><\/span><\/td>\n<\/tr>\n<tr>\n<td style=\"text-align: center\"><span style=\"font-size:14px\"><span style=\"color:#000000\"><strong>Cremes<\/strong><\/span><\/span><\/td>\n<td style=\"text-align: center\"><span style=\"font-size:14px\"><span style=\"color:#000000\">0,12<\/span><\/span><\/td>\n<td style=\"text-align: center\"><span style=\"font-size:14px\"><span style=\"color:#000000\">5 %<\/span><\/span><\/td>\n<\/tr>\n<tr>\n<td style=\"text-align: center\"><span style=\"font-size:14px\"><span style=\"color:#000000\"><strong style=\"text-align: center\">Pastelaria<\/strong><strong> \/ Bolachas<\/strong><\/span><\/span><\/td>\n<td style=\"text-align: center\"><span style=\"color:#000000\"><span style=\"font-size: 14px\">0,12 %<\/span><\/span><\/td>\n<td>&nbsp;<\/td>\n<\/tr>\n<tr>\n<td style=\"text-align: center\"><span style=\"color:#000000\"><span style=\"font-size: 14px\"><strong>Recheios gordos<\/strong><\/span><\/span><\/td>\n<td style=\"text-align: center\"><span style=\"color:#000000\"><span style=\"font-size: 14px\">0,05 %<\/span><\/span><\/td>\n<\/tr>\n<\/tbody>\n<\/table>\n","protected":false},"excerpt":{"rendered":"<p>O extrato natural de am\u00eandoa amarga da Eurovanille \u00e9 ideal para todos os tipos de prepara\u00e7\u00f5es culin\u00e1rias e de pastelaria, pois n\u00e3o tem um sabor amargo, mas oferece notas de sabor frutado.<\/p>\n","protected":false},"featured_media":49119,"comment_status":"open","ping_status":"closed","template":"","meta":{"_acf_changed":false},"pwb-brand":[],"product_brand":[],"product_cat":[2943,2950,1831,1830],"product_tag":[],"class_list":{"0":"post-390231","1":"product","2":"type-product","3":"status-publish","4":"has-post-thumbnail","6":"product_cat-aromas-e-extractos","7":"product_cat-aromas-liquidos-2","8":"product_cat-aroma-liquido","9":"product_cat-aromas-y-extractos","11":"first","12":"outofstock","13":"taxable","14":"shipping-taxable","15":"purchasable","16":"product-type-simple"},"acf":[],"df_price":26.79,"df_sale_price":"","df_regular_price":26.79,"df_image_link":"https:\/\/glotomania.com\/wp-content\/uploads\/2024\/12\/img_25548_b1131c31e78fa21ddb8a480b02b49254_1-300x300.jpg","brands":[],"_links":{"self":[{"href":"https:\/\/glotomania.com\/pt-pt\/wp-json\/wp\/v2\/product\/390231","targetHints":{"allow":["GET"]}}],"collection":[{"href":"https:\/\/glotomania.com\/pt-pt\/wp-json\/wp\/v2\/product"}],"about":[{"href":"https:\/\/glotomania.com\/pt-pt\/wp-json\/wp\/v2\/types\/product"}],"replies":[{"embeddable":true,"href":"https:\/\/glotomania.com\/pt-pt\/wp-json\/wp\/v2\/comments?post=390231"}],"wp:featuredmedia":[{"embeddable":true,"href":"https:\/\/glotomania.com\/pt-pt\/wp-json\/wp\/v2\/media\/49119"}],"wp:attachment":[{"href":"https:\/\/glotomania.com\/pt-pt\/wp-json\/wp\/v2\/media?parent=390231"}],"wp:term":[{"taxonomy":"pwb-brand","embeddable":true,"href":"https:\/\/glotomania.com\/pt-pt\/wp-json\/wp\/v2\/pwb-brand?post=390231"},{"taxonomy":"product_brand","embeddable":true,"href":"https:\/\/glotomania.com\/pt-pt\/wp-json\/wp\/v2\/product_brand?post=390231"},{"taxonomy":"product_cat","embeddable":true,"href":"https:\/\/glotomania.com\/pt-pt\/wp-json\/wp\/v2\/product_cat?post=390231"},{"taxonomy":"product_tag","embeddable":true,"href":"https:\/\/glotomania.com\/pt-pt\/wp-json\/wp\/v2\/product_tag?post=390231"}],"curies":[{"name":"wp","href":"https:\/\/api.w.org\/{rel}","templated":true}]}}