{"id":390232,"date":"2025-09-02T11:00:59","date_gmt":"2025-09-02T11:00:59","guid":{"rendered":"https:\/\/glotomania.com\/p\/decoraciones-de-azucar-funcakes-lazos-2\/"},"modified":"2026-04-14T17:29:26","modified_gmt":"2026-04-14T17:29:26","slug":"decoraciones-de-azucar-funcakes-lazos-2","status":"publish","type":"product","link":"https:\/\/glotomania.com\/pt-pt\/p\/decoraciones-de-azucar-funcakes-lazos-2\/","title":{"rendered":"Decora\u00c7\u00d5es De A\u00c7\u00dacar Funcakes &#8211; La\u00c7os"},"content":{"rendered":"<p>\n<span style=\"font-size:14px\">Perfeitos para qualquer celebra&ccedil;&atilde;o, desde anivers&aacute;rios e ch&aacute;s de beb&eacute; a casamentos, estes la&ccedil;os comest&iacute;veis s&atilde;o a escolha ideal para adicionar um detalhe festivo e atraente &agrave;s suas cria&ccedil;&otilde;es.<\/span><\/p>\n<p><span style=\"font-size:14px\">O conjunto inclui 8 pe&ccedil;as, 2 tipos de la&ccedil;os em cor-de-rosa e branco.<\/span><\/p>\n","protected":false},"excerpt":{"rendered":"<p>Transforme os seus doces em obras de arte com estes 8 la\u00e7os de a\u00e7\u00facar FunCakes em delicados tons de rosa e branco.<\/p>\n","protected":false},"featured_media":49228,"comment_status":"open","ping_status":"closed","template":"","meta":{"_acf_changed":false},"pwb-brand":[],"product_brand":[],"product_cat":[2908,2911,2979,2907,2988,2996,3001,3004,1839,1832,1999,1845,1833,1862,1885,1849],"product_tag":[],"class_list":{"0":"post-390232","1":"product","2":"type-product","3":"status-publish","4":"has-post-thumbnail","6":"product_cat-batizados","7":"product_cat-comunhoes","8":"product_cat-decoracoes-comestiveis-2","9":"product_cat-festas","10":"product_cat-figuras-de-acucar-comestiveis-2","11":"product_cat-produtos-vegetarianos","12":"product_cat-sem-e-171-2","13":"product_cat-sem-gluten-2","14":"product_cat-decoracion-comestible","15":"product_cat-diestas-especiales","16":"product_cat-figuras-de-azucar","17":"product_cat-dieta-sin-e-171","18":"product_cat-dieta-sin-gluten","19":"product_cat-comuniones","20":"product_cat-bautizos","21":"product_cat-fiestas","23":"first","24":"instock","25":"taxable","26":"shipping-taxable","27":"purchasable","28":"product-type-simple"},"acf":[],"df_price":2.95,"df_sale_price":"","df_regular_price":2.95,"df_image_link":"https:\/\/glotomania.com\/wp-content\/uploads\/2024\/12\/img_25563_0d3cf8212e235c6ad140d8aacc434d74_1-300x300.jpg","brands":[],"_links":{"self":[{"href":"https:\/\/glotomania.com\/pt-pt\/wp-json\/wp\/v2\/product\/390232","targetHints":{"allow":["GET"]}}],"collection":[{"href":"https:\/\/glotomania.com\/pt-pt\/wp-json\/wp\/v2\/product"}],"about":[{"href":"https:\/\/glotomania.com\/pt-pt\/wp-json\/wp\/v2\/types\/product"}],"replies":[{"embeddable":true,"href":"https:\/\/glotomania.com\/pt-pt\/wp-json\/wp\/v2\/comments?post=390232"}],"wp:featuredmedia":[{"embeddable":true,"href":"https:\/\/glotomania.com\/pt-pt\/wp-json\/wp\/v2\/media\/49228"}],"wp:attachment":[{"href":"https:\/\/glotomania.com\/pt-pt\/wp-json\/wp\/v2\/media?parent=390232"}],"wp:term":[{"taxonomy":"pwb-brand","embeddable":true,"href":"https:\/\/glotomania.com\/pt-pt\/wp-json\/wp\/v2\/pwb-brand?post=390232"},{"taxonomy":"product_brand","embeddable":true,"href":"https:\/\/glotomania.com\/pt-pt\/wp-json\/wp\/v2\/product_brand?post=390232"},{"taxonomy":"product_cat","embeddable":true,"href":"https:\/\/glotomania.com\/pt-pt\/wp-json\/wp\/v2\/product_cat?post=390232"},{"taxonomy":"product_tag","embeddable":true,"href":"https:\/\/glotomania.com\/pt-pt\/wp-json\/wp\/v2\/product_tag?post=390232"}],"curies":[{"name":"wp","href":"https:\/\/api.w.org\/{rel}","templated":true}]}}