{"id":390233,"date":"2025-09-02T11:00:59","date_gmt":"2025-09-02T11:00:59","guid":{"rendered":"https:\/\/glotomania.com\/p\/decoraciones-de-azucar-funcakes-dulces-celebraciones-2\/"},"modified":"2026-04-17T10:22:41","modified_gmt":"2026-04-17T10:22:41","slug":"decoraciones-de-azucar-funcakes-dulces-celebraciones-2","status":"publish","type":"product","link":"https:\/\/glotomania.com\/pt-pt\/p\/decoraciones-de-azucar-funcakes-dulces-celebraciones-2\/","title":{"rendered":"Decora\u00c7\u00d5es De A\u00c7\u00dacar Funcakes &#8211; Doces Celebra\u00c7\u00d5es"},"content":{"rendered":"<p>&nbsp;<\/p>\n<p><span style=\"font-size:14px\">Este conjunto divertido inclui 2 cupcakes, 2 arco-&iacute;ris, 2 rebu&ccedil;ados, 1 gelado e 1 donut&#8230; ideal para dar vida a bolos, cupcakes e outras iguarias.<\/span><\/p>\n","protected":false},"excerpt":{"rendered":"<p>Conjunto de 8 decora\u00e7\u00f5es em a\u00e7\u00facar Funcakes perfeitas para dar um toque alegre a qualquer anivers\u00e1rio ou festa infantil.<\/p>\n","protected":false},"featured_media":49229,"comment_status":"open","ping_status":"closed","template":"","meta":{"_acf_changed":false},"pwb-brand":[],"product_brand":[],"product_cat":[1839,2979,1832,2907,2988,1999,1845,1833,2996,1849,3001,3004],"product_tag":[],"class_list":{"0":"post-390233","1":"product","2":"type-product","3":"status-publish","4":"has-post-thumbnail","6":"product_cat-decoracion-comestible","7":"product_cat-decoracoes-comestiveis-2","8":"product_cat-diestas-especiales","9":"product_cat-festas","10":"product_cat-figuras-de-acucar-comestiveis-2","11":"product_cat-figuras-de-azucar","12":"product_cat-dieta-sin-e-171","13":"product_cat-dieta-sin-gluten","14":"product_cat-produtos-vegetarianos","15":"product_cat-fiestas","16":"product_cat-sem-e-171-2","17":"product_cat-sem-gluten-2","19":"first","20":"instock","21":"taxable","22":"shipping-taxable","23":"purchasable","24":"product-type-simple"},"acf":[],"df_price":3.75,"df_sale_price":"","df_regular_price":3.75,"df_image_link":"https:\/\/glotomania.com\/wp-content\/uploads\/2024\/12\/img_25566_c874ff83a1b09d18a4ba54f73eb54d10_1-300x300.jpg","brands":[],"_links":{"self":[{"href":"https:\/\/glotomania.com\/pt-pt\/wp-json\/wp\/v2\/product\/390233","targetHints":{"allow":["GET"]}}],"collection":[{"href":"https:\/\/glotomania.com\/pt-pt\/wp-json\/wp\/v2\/product"}],"about":[{"href":"https:\/\/glotomania.com\/pt-pt\/wp-json\/wp\/v2\/types\/product"}],"replies":[{"embeddable":true,"href":"https:\/\/glotomania.com\/pt-pt\/wp-json\/wp\/v2\/comments?post=390233"}],"wp:featuredmedia":[{"embeddable":true,"href":"https:\/\/glotomania.com\/pt-pt\/wp-json\/wp\/v2\/media\/49229"}],"wp:attachment":[{"href":"https:\/\/glotomania.com\/pt-pt\/wp-json\/wp\/v2\/media?parent=390233"}],"wp:term":[{"taxonomy":"pwb-brand","embeddable":true,"href":"https:\/\/glotomania.com\/pt-pt\/wp-json\/wp\/v2\/pwb-brand?post=390233"},{"taxonomy":"product_brand","embeddable":true,"href":"https:\/\/glotomania.com\/pt-pt\/wp-json\/wp\/v2\/product_brand?post=390233"},{"taxonomy":"product_cat","embeddable":true,"href":"https:\/\/glotomania.com\/pt-pt\/wp-json\/wp\/v2\/product_cat?post=390233"},{"taxonomy":"product_tag","embeddable":true,"href":"https:\/\/glotomania.com\/pt-pt\/wp-json\/wp\/v2\/product_tag?post=390233"}],"curies":[{"name":"wp","href":"https:\/\/api.w.org\/{rel}","templated":true}]}}