{"id":390259,"date":"2025-09-02T11:01:27","date_gmt":"2025-09-02T11:01:27","guid":{"rendered":"https:\/\/glotomania.com\/p\/set-herramientas-de-corte-y-modelado-2\/"},"modified":"2026-03-31T14:23:06","modified_gmt":"2026-03-31T14:23:06","slug":"set-herramientas-de-corte-y-modelado-2","status":"publish","type":"product","link":"https:\/\/glotomania.com\/pt-pt\/p\/set-herramientas-de-corte-y-modelado-2\/","title":{"rendered":"Conjunto De Ferramentas De Corte E Modela\u00c7\u00c3o"},"content":{"rendered":"<p>&nbsp;<\/p>\n<p><span style=\"font-size: 14px\">Feitos de pl&aacute;stico de qualidade alimentar, estes utens&iacute;lios s&atilde;o duradouros e resistir&atilde;o ao teste do tempo. Com pegas coloridas e antiderrapantes, oferecem-lhe uma<strong>&nbsp;ader&ecirc;ncia confort&aacute;vel e segura<\/strong>&nbsp;enquanto trabalha nas suas deliciosas obras de arte, tornando-os a escolha perfeita tanto para principiantes como para profissionais.&nbsp;<\/span><\/p>\n<p><span style=\"font-size: 14px\">Este conjunto inclui ferramentas especialmente concebidas para<strong>&nbsp;diferentes t&eacute;cnicas de decora&ccedil;&atilde;o,<\/strong>&nbsp;ideais para uma variedade de aplica&ccedil;&otilde;es, desde a modela&ccedil;&atilde;o de pastas de a&ccedil;&uacute;car e barro at&eacute; &agrave; escultura de bolos.<\/span><\/p>\n<p><span style=\"font-size: 14px\"><strong>Dimens&otilde;es aproximadas:<\/strong>&nbsp;14 &#8211; 17 cm de comprimento &#8211; cabo &Oslash; 1 cm.<\/span><\/p>\n","protected":false},"excerpt":{"rendered":"<p>Leve a sua pastelaria para o pr\u00f3ximo n\u00edvel com o nosso conjunto de 10 ferramentas de corte e modela\u00e7\u00e3o! Perfeitas para todos os n\u00edveis, estas ferramentas permitem-lhe esculpir e decorar as suas cria\u00e7\u00f5es com facilidade e estilo.<\/p>\n","protected":false},"featured_media":49731,"comment_status":"open","ping_status":"closed","template":"","meta":{"_acf_changed":false},"pwb-brand":[],"product_brand":[],"product_cat":[3106,3124,3087,1820,1823,1767],"product_tag":[],"class_list":{"0":"post-390259","1":"product","2":"type-product","3":"status-publish","4":"has-post-thumbnail","6":"product_cat-basicos-de-pastelaria","7":"product_cat-ferramentas-de-corte-e-modelacao-2","8":"product_cat-ordem-e-armazenamento","9":"product_cat-basicos","10":"product_cat-herramientas-corte-y-modelado","11":"product_cat-utensilios","13":"first","14":"instock","15":"taxable","16":"shipping-taxable","17":"purchasable","18":"product-type-simple"},"acf":[],"df_price":4.5,"df_sale_price":"","df_regular_price":4.5,"df_image_link":"https:\/\/glotomania.com\/wp-content\/uploads\/2024\/12\/img_25640_be454dada7a7294a1d4778311ffaf2dd_1-300x300.jpg","brands":[],"_links":{"self":[{"href":"https:\/\/glotomania.com\/pt-pt\/wp-json\/wp\/v2\/product\/390259","targetHints":{"allow":["GET"]}}],"collection":[{"href":"https:\/\/glotomania.com\/pt-pt\/wp-json\/wp\/v2\/product"}],"about":[{"href":"https:\/\/glotomania.com\/pt-pt\/wp-json\/wp\/v2\/types\/product"}],"replies":[{"embeddable":true,"href":"https:\/\/glotomania.com\/pt-pt\/wp-json\/wp\/v2\/comments?post=390259"}],"wp:featuredmedia":[{"embeddable":true,"href":"https:\/\/glotomania.com\/pt-pt\/wp-json\/wp\/v2\/media\/49731"}],"wp:attachment":[{"href":"https:\/\/glotomania.com\/pt-pt\/wp-json\/wp\/v2\/media?parent=390259"}],"wp:term":[{"taxonomy":"pwb-brand","embeddable":true,"href":"https:\/\/glotomania.com\/pt-pt\/wp-json\/wp\/v2\/pwb-brand?post=390259"},{"taxonomy":"product_brand","embeddable":true,"href":"https:\/\/glotomania.com\/pt-pt\/wp-json\/wp\/v2\/product_brand?post=390259"},{"taxonomy":"product_cat","embeddable":true,"href":"https:\/\/glotomania.com\/pt-pt\/wp-json\/wp\/v2\/product_cat?post=390259"},{"taxonomy":"product_tag","embeddable":true,"href":"https:\/\/glotomania.com\/pt-pt\/wp-json\/wp\/v2\/product_tag?post=390259"}],"curies":[{"name":"wp","href":"https:\/\/api.w.org\/{rel}","templated":true}]}}