{"id":390261,"date":"2025-09-02T11:01:28","date_gmt":"2025-09-02T11:01:28","guid":{"rendered":"https:\/\/glotomania.com\/p\/bisturi-de-precision-5-hojas-de-corte-de-respuesto-2\/"},"modified":"2026-04-22T15:35:10","modified_gmt":"2026-04-22T15:35:10","slug":"bisturi-de-precision-5-hojas-de-corte-de-respuesto-2","status":"publish","type":"product","link":"https:\/\/glotomania.com\/pt-pt\/p\/bisturi-de-precision-5-hojas-de-corte-de-respuesto-2\/","title":{"rendered":"Bisturi De Precis\u00c3o + 5 L\u00c2minas De Corte De Substitui\u00c7\u00c3o"},"content":{"rendered":"<p>&nbsp;<\/p>\n<p><span style=\"font-size:14px\">Com um total de 6 l&acirc;minas met&aacute;licas, tem tudo o que precisa para adaptar os seus cortes ao pormenor e &agrave; complexidade do seu desenho. Troque rapidamente as l&acirc;minas para manter sempre a qualidade do seu trabalho.<\/span><\/p>\n<p><span style=\"font-size:14px\">O bisturi tem um comprimento de 11,5 cm (aprox. 14 cm com a l&acirc;mina), o que o torna f&aacute;cil de manusear e perfeito para trabalhar em pormenores. A sua estrutura leve e ergon&oacute;mica permitir-lhe-&aacute; desfrutar de longas sess&otilde;es de modelagem sem desconforto.<\/span><\/p>\n<p><span style=\"font-size:14px\">Ideal n&atilde;o s&oacute; para cozer, mas tamb&eacute;m para modelar barro e outros materiais, este bisturi &eacute; uma ferramenta indispens&aacute;vel para artistas e profissionais.<\/span><\/p>\n<p><em><span style=\"font-size:14px\">Inclui bisturi com l&acirc;mina de corte + 5 l&acirc;minas sobresselentes.&nbsp;<\/span><\/em><\/p>\n","protected":false},"excerpt":{"rendered":"<p>Fabricado em a\u00e7o inoxid\u00e1vel de alta qualidade, este bisturi foi concebido para efetuar cortes limpos e precisos. Inclui 5 l\u00e2minas de substitui\u00e7\u00e3o para al\u00e9m da que j\u00e1 vem inclu\u00edda com o bisturi.<\/p>\n","protected":false},"featured_media":52304,"comment_status":"open","ping_status":"closed","template":"","meta":{"_acf_changed":false},"pwb-brand":[],"product_brand":[],"product_cat":[3106,1820,3124,1823,3087,1767],"product_tag":[],"class_list":{"0":"post-390261","1":"product","2":"type-product","3":"status-publish","4":"has-post-thumbnail","6":"product_cat-basicos-de-pastelaria","7":"product_cat-basicos","8":"product_cat-ferramentas-de-corte-e-modelacao-2","9":"product_cat-herramientas-corte-y-modelado","10":"product_cat-ordem-e-armazenamento","11":"product_cat-utensilios","13":"first","14":"instock","15":"taxable","16":"shipping-taxable","17":"purchasable","18":"product-type-simple"},"acf":[],"df_price":1.95,"df_sale_price":"","df_regular_price":1.95,"df_image_link":"https:\/\/glotomania.com\/wp-content\/uploads\/2025\/01\/img_25643_89eafeed0911c7b8aefc09fa8d8b0309_1-300x300.jpg","brands":[],"_links":{"self":[{"href":"https:\/\/glotomania.com\/pt-pt\/wp-json\/wp\/v2\/product\/390261","targetHints":{"allow":["GET"]}}],"collection":[{"href":"https:\/\/glotomania.com\/pt-pt\/wp-json\/wp\/v2\/product"}],"about":[{"href":"https:\/\/glotomania.com\/pt-pt\/wp-json\/wp\/v2\/types\/product"}],"replies":[{"embeddable":true,"href":"https:\/\/glotomania.com\/pt-pt\/wp-json\/wp\/v2\/comments?post=390261"}],"wp:featuredmedia":[{"embeddable":true,"href":"https:\/\/glotomania.com\/pt-pt\/wp-json\/wp\/v2\/media\/52304"}],"wp:attachment":[{"href":"https:\/\/glotomania.com\/pt-pt\/wp-json\/wp\/v2\/media?parent=390261"}],"wp:term":[{"taxonomy":"pwb-brand","embeddable":true,"href":"https:\/\/glotomania.com\/pt-pt\/wp-json\/wp\/v2\/pwb-brand?post=390261"},{"taxonomy":"product_brand","embeddable":true,"href":"https:\/\/glotomania.com\/pt-pt\/wp-json\/wp\/v2\/product_brand?post=390261"},{"taxonomy":"product_cat","embeddable":true,"href":"https:\/\/glotomania.com\/pt-pt\/wp-json\/wp\/v2\/product_cat?post=390261"},{"taxonomy":"product_tag","embeddable":true,"href":"https:\/\/glotomania.com\/pt-pt\/wp-json\/wp\/v2\/product_tag?post=390261"}],"curies":[{"name":"wp","href":"https:\/\/api.w.org\/{rel}","templated":true}]}}