{"id":390264,"date":"2025-09-02T11:01:31","date_gmt":"2025-09-02T11:01:31","guid":{"rendered":"https:\/\/glotomania.com\/p\/bandeja-extensible-para-galletas-tradition-37-52-cm-dr-oetker-2\/"},"modified":"2026-04-19T00:04:17","modified_gmt":"2026-04-19T00:04:17","slug":"bandeja-extensible-para-galletas-tradition-37-52-cm-dr-oetker-2","status":"publish","type":"product","link":"https:\/\/glotomania.com\/pt-pt\/p\/bandeja-extensible-para-galletas-tradition-37-52-cm-dr-oetker-2\/","title":{"rendered":"Tabuleiro Extens\u00cdvel Para Biscoitos \u201ctradi\u00c7\u00c3o\u201d (37 &#8211; 52 Cm) &#8211; Dr.oetker"},"content":{"rendered":"<p>&nbsp;<\/p>\n<p><span style=\"font-size:14px\">Tabuleiro de cozedura em <strong>a&ccedil;o revestido a antiaderente<\/strong>, adequado para uso alimentar. A condu&ccedil;&atilde;o uniforme do calor garante um dourado intenso das suas cria&ccedil;&otilde;es.&nbsp;<\/span><\/p>\n<p><span style=\"font-size:14px\">Resistente ao calor at&eacute; 230&ordm;C.<\/span><\/p>\n<p><span style=\"font-size:14px\">N&atilde;o pode ser lavado na m&aacute;quina de lavar loi&ccedil;a. F&aacute;cil de limpar.<\/span><\/p>\n<p><span style=\"font-size:14px\"><strong>Medidas<\/strong>: <u>Largura<\/u> 33 cm &#8211; <u>Comprimento<\/u> de 37 a 52 cm &#8211; <u>Espessura<\/u> 1,5 cm.<\/span><\/p>\n<p><span style=\"font-size:14px\"><strong>Dr. Oetker <\/strong>&eacute; sin&oacute;nimo de 125 anos de qualidade garantida e produtos inovadores. S&oacute; s&atilde;o utilizados os melhores materiais e todos os produtos s&atilde;o cuidadosamente testados na cozinha de testes da <strong>Dr. Oetker.<\/strong><\/span><\/p>\n","protected":false},"excerpt":{"rendered":"<p>Tabuleiro de a\u00e7o revestido a antiaderente Dr. Oetker para biscoitos perfeitos gra\u00e7as \u00e0 sua condu\u00e7\u00e3o de calor.<\/p>\n","protected":false},"featured_media":50623,"comment_status":"open","ping_status":"closed","template":"","meta":{"_acf_changed":false},"pwb-brand":[],"product_brand":[],"product_cat":[3106,3087,3112,3231,1892,1820,1994,1767],"product_tag":[],"class_list":{"0":"post-390264","1":"product","2":"type-product","3":"status-publish","4":"has-post-thumbnail","6":"product_cat-basicos-de-pastelaria","7":"product_cat-ordem-e-armazenamento","8":"product_cat-tabuleiros-e-acessorios-2","9":"product_cat-utensilios-para-bolachas","10":"product_cat-bandejas-horno","11":"product_cat-basicos","12":"product_cat-utensilios-galletas","13":"product_cat-utensilios","15":"first","16":"instock","17":"taxable","18":"shipping-taxable","19":"purchasable","20":"product-type-simple"},"acf":[],"df_price":16.46,"df_sale_price":16.46,"df_regular_price":23.5,"df_image_link":"https:\/\/glotomania.com\/wp-content\/uploads\/2025\/01\/img_25653_8e99ba737af5299a58c1e36e95143665_1-300x300.jpg","brands":[],"_links":{"self":[{"href":"https:\/\/glotomania.com\/pt-pt\/wp-json\/wp\/v2\/product\/390264","targetHints":{"allow":["GET"]}}],"collection":[{"href":"https:\/\/glotomania.com\/pt-pt\/wp-json\/wp\/v2\/product"}],"about":[{"href":"https:\/\/glotomania.com\/pt-pt\/wp-json\/wp\/v2\/types\/product"}],"replies":[{"embeddable":true,"href":"https:\/\/glotomania.com\/pt-pt\/wp-json\/wp\/v2\/comments?post=390264"}],"wp:featuredmedia":[{"embeddable":true,"href":"https:\/\/glotomania.com\/pt-pt\/wp-json\/wp\/v2\/media\/50623"}],"wp:attachment":[{"href":"https:\/\/glotomania.com\/pt-pt\/wp-json\/wp\/v2\/media?parent=390264"}],"wp:term":[{"taxonomy":"pwb-brand","embeddable":true,"href":"https:\/\/glotomania.com\/pt-pt\/wp-json\/wp\/v2\/pwb-brand?post=390264"},{"taxonomy":"product_brand","embeddable":true,"href":"https:\/\/glotomania.com\/pt-pt\/wp-json\/wp\/v2\/product_brand?post=390264"},{"taxonomy":"product_cat","embeddable":true,"href":"https:\/\/glotomania.com\/pt-pt\/wp-json\/wp\/v2\/product_cat?post=390264"},{"taxonomy":"product_tag","embeddable":true,"href":"https:\/\/glotomania.com\/pt-pt\/wp-json\/wp\/v2\/product_tag?post=390264"}],"curies":[{"name":"wp","href":"https:\/\/api.w.org\/{rel}","templated":true}]}}