{"id":390265,"date":"2025-09-02T11:01:32","date_gmt":"2025-09-02T11:01:32","guid":{"rendered":"https:\/\/glotomania.com\/p\/bandeja-para-galletas-elite-loyal-34-x-43-cm-2\/"},"modified":"2026-04-14T17:06:53","modified_gmt":"2026-04-14T17:06:53","slug":"bandeja-para-galletas-elite-loyal-34-x-43-cm-2","status":"publish","type":"product","link":"https:\/\/glotomania.com\/pt-pt\/p\/bandeja-para-galletas-elite-loyal-34-x-43-cm-2\/","title":{"rendered":"Tabuleiro Para Biscoitos \u201celite\u201d Loyal &#8211; 34 X 43 Cm"},"content":{"rendered":"<p>&nbsp;<\/p>\n<p><span style=\"font-size:14px\">Fabricado em alum&iacute;nio anodizado de 2,0 mm, permite um aquecimento homog&eacute;neo e um arrefecimento r&aacute;pido, garantindo uma cozedura homog&eacute;nea. O seu design com arestas abertas maximiza a superf&iacute;cie &uacute;til do forno e a sua resist&ecirc;ncia &agrave; ferrugem e &agrave;s incrusta&ccedil;&otilde;es garante uma pe&ccedil;a duradoura, apoiada para toda a vida pela garantia Loyal.<\/span><\/p>\n<p><span style=\"font-size:14px\">Para prolongar a sua vida &uacute;til, recomenda-se lavar e enxaguar &agrave; m&atilde;o este tabuleiro resistente, que suporta sem esfor&ccedil;o temperaturas at&eacute; 285&deg;C.<br \/>\n&nbsp;<br \/>\n<strong>Dimens&otilde;es aproximadas: <\/strong>34 x 43 x 2,5 cm<\/span><\/p>\n<p>&nbsp;<\/p>\n","protected":false},"excerpt":{"rendered":"<p>Esta bandeja de qualidade profissional da Loyal \u00e9 o aliado perfeito na sua cozinha, adequada n\u00e3o s\u00f3 para biscoitos, mas tamb\u00e9m para bolachas, bolos e outras iguarias.<\/p>\n","protected":false},"featured_media":50624,"comment_status":"open","ping_status":"closed","template":"","meta":{"_acf_changed":false},"pwb-brand":[],"product_brand":[],"product_cat":[1892,3106,1820,3087,3112,3231,1994,1767],"product_tag":[],"class_list":{"0":"post-390265","1":"product","2":"type-product","3":"status-publish","4":"has-post-thumbnail","6":"product_cat-bandejas-horno","7":"product_cat-basicos-de-pastelaria","8":"product_cat-basicos","9":"product_cat-ordem-e-armazenamento","10":"product_cat-tabuleiros-e-acessorios-2","11":"product_cat-utensilios-para-bolachas","12":"product_cat-utensilios-galletas","13":"product_cat-utensilios","15":"first","16":"instock","17":"taxable","18":"shipping-taxable","19":"purchasable","20":"product-type-simple"},"acf":[],"df_price":26.95,"df_sale_price":"","df_regular_price":26.95,"df_image_link":"https:\/\/glotomania.com\/wp-content\/uploads\/2025\/01\/img_25659_3623a062159f50969e4a87ebf9345e2c_1-300x300.jpg","brands":[],"_links":{"self":[{"href":"https:\/\/glotomania.com\/pt-pt\/wp-json\/wp\/v2\/product\/390265","targetHints":{"allow":["GET"]}}],"collection":[{"href":"https:\/\/glotomania.com\/pt-pt\/wp-json\/wp\/v2\/product"}],"about":[{"href":"https:\/\/glotomania.com\/pt-pt\/wp-json\/wp\/v2\/types\/product"}],"replies":[{"embeddable":true,"href":"https:\/\/glotomania.com\/pt-pt\/wp-json\/wp\/v2\/comments?post=390265"}],"wp:featuredmedia":[{"embeddable":true,"href":"https:\/\/glotomania.com\/pt-pt\/wp-json\/wp\/v2\/media\/50624"}],"wp:attachment":[{"href":"https:\/\/glotomania.com\/pt-pt\/wp-json\/wp\/v2\/media?parent=390265"}],"wp:term":[{"taxonomy":"pwb-brand","embeddable":true,"href":"https:\/\/glotomania.com\/pt-pt\/wp-json\/wp\/v2\/pwb-brand?post=390265"},{"taxonomy":"product_brand","embeddable":true,"href":"https:\/\/glotomania.com\/pt-pt\/wp-json\/wp\/v2\/product_brand?post=390265"},{"taxonomy":"product_cat","embeddable":true,"href":"https:\/\/glotomania.com\/pt-pt\/wp-json\/wp\/v2\/product_cat?post=390265"},{"taxonomy":"product_tag","embeddable":true,"href":"https:\/\/glotomania.com\/pt-pt\/wp-json\/wp\/v2\/product_tag?post=390265"}],"curies":[{"name":"wp","href":"https:\/\/api.w.org\/{rel}","templated":true}]}}