{"id":390266,"date":"2025-09-02T11:01:33","date_gmt":"2025-09-02T11:01:33","guid":{"rendered":"https:\/\/glotomania.com\/p\/pasta-de-vainilla-organica-lorann-118-ml-2\/"},"modified":"2026-03-11T02:12:49","modified_gmt":"2026-03-11T02:12:49","slug":"pasta-de-vainilla-organica-lorann-118-ml-2","status":"publish","type":"product","link":"https:\/\/glotomania.com\/pt-pt\/p\/pasta-de-vainilla-organica-lorann-118-ml-2\/","title":{"rendered":"Pasta De Baunilha Biol\u00d3gica Lorann &#8211; 118 Ml"},"content":{"rendered":"<p>&nbsp;<\/p>\n<p><span style=\"font-size: 14px\">Perfeita para substituir o extrato de baunilha, esta pasta &eacute; ideal para real&ccedil;ar o sabor e o aspeto das suas receitas. Ideal para uma grande variedade de sobremesas, desde gelados a cr&egrave;me br&ucirc;l&eacute;e e muito mais.&nbsp;<strong>Com verdadeiras sementes de fava de baunilha<\/strong>, proporciona um atrativo visual nos seus pratos.<\/span><\/p>\n<p><span style=\"font-size: 14px\"><strong>Com certifica&ccedil;&atilde;o biol&oacute;gica da USDA<\/strong>, garante um produto natural de qualidade superior.<\/span><\/p>\n<p><span style=\"font-size: 14px\">1 colher de sopa equivale ao sabor de uma fava de baunilha inteira ou a uma colher de sopa de extrato de baunilha.&nbsp;<\/span><\/p>\n","protected":false},"excerpt":{"rendered":"<p>Fabricada a partir de favas de baunilha Bourbon biol\u00f3gica de Madag\u00e1scar, esta pasta oferece todo o aroma e as manchas carater\u00edsticas das verdadeiras favas de baunilha.<\/p>\n","protected":false},"featured_media":50622,"comment_status":"open","ping_status":"closed","template":"","meta":{"_acf_changed":false},"pwb-brand":[],"product_brand":[],"product_cat":[2943,2945,1834,1830,1832,1902,1930,1833,2999,2996,3004],"product_tag":[],"class_list":{"0":"post-390266","1":"product","2":"type-product","3":"status-publish","4":"has-post-thumbnail","6":"product_cat-aromas-e-extractos","7":"product_cat-aromas-em-pasta","8":"product_cat-aroma-pasta","9":"product_cat-aromas-y-extractos","10":"product_cat-diestas-especiales","11":"product_cat-dieta-kosher","12":"product_cat-ingredientes-organicos-para-reposteria","13":"product_cat-dieta-sin-gluten","14":"product_cat-kosher-2","15":"product_cat-produtos-vegetarianos","16":"product_cat-sem-gluten-2","18":"first","19":"instock","20":"taxable","21":"shipping-taxable","22":"purchasable","23":"product-type-simple"},"acf":[],"df_price":20.45,"df_sale_price":"","df_regular_price":20.45,"df_image_link":"https:\/\/glotomania.com\/wp-content\/uploads\/2025\/01\/img_25660_047b91868dc693b444fa9f426759253a_1-300x300.jpg","brands":[],"_links":{"self":[{"href":"https:\/\/glotomania.com\/pt-pt\/wp-json\/wp\/v2\/product\/390266","targetHints":{"allow":["GET"]}}],"collection":[{"href":"https:\/\/glotomania.com\/pt-pt\/wp-json\/wp\/v2\/product"}],"about":[{"href":"https:\/\/glotomania.com\/pt-pt\/wp-json\/wp\/v2\/types\/product"}],"replies":[{"embeddable":true,"href":"https:\/\/glotomania.com\/pt-pt\/wp-json\/wp\/v2\/comments?post=390266"}],"wp:featuredmedia":[{"embeddable":true,"href":"https:\/\/glotomania.com\/pt-pt\/wp-json\/wp\/v2\/media\/50622"}],"wp:attachment":[{"href":"https:\/\/glotomania.com\/pt-pt\/wp-json\/wp\/v2\/media?parent=390266"}],"wp:term":[{"taxonomy":"pwb-brand","embeddable":true,"href":"https:\/\/glotomania.com\/pt-pt\/wp-json\/wp\/v2\/pwb-brand?post=390266"},{"taxonomy":"product_brand","embeddable":true,"href":"https:\/\/glotomania.com\/pt-pt\/wp-json\/wp\/v2\/product_brand?post=390266"},{"taxonomy":"product_cat","embeddable":true,"href":"https:\/\/glotomania.com\/pt-pt\/wp-json\/wp\/v2\/product_cat?post=390266"},{"taxonomy":"product_tag","embeddable":true,"href":"https:\/\/glotomania.com\/pt-pt\/wp-json\/wp\/v2\/product_tag?post=390266"}],"curies":[{"name":"wp","href":"https:\/\/api.w.org\/{rel}","templated":true}]}}