{"id":390284,"date":"2025-09-02T11:01:54","date_gmt":"2025-09-02T11:01:54","guid":{"rendered":"https:\/\/glotomania.com\/p\/200-laminas-papel-de-azucar-pastkolor-sin-e-171-super-71\/"},"modified":"2026-04-28T15:17:54","modified_gmt":"2026-04-28T15:17:54","slug":"200-laminas-papel-de-azucar-pastkolor-sin-e-171-super-71","status":"publish","type":"product","link":"https:\/\/glotomania.com\/pt-pt\/p\/200-laminas-papel-de-azucar-pastkolor-sin-e-171-super-71\/","title":{"rendered":"200 Folhas De Papel De A\u00c7\u00dacar Pastkolor (sem E-171) &#8211; Super (7+1)"},"content":{"rendered":"<p>&nbsp;<\/p>\n<p><span style=\"font-size:14px\">Folhas de papel adequadas para utiliza&ccedil;&atilde;o em bases de creme animal e vegetal e de pasta de a&ccedil;&uacute;car. Obt&eacute;m-se um melhor resultado em cria&ccedil;&otilde;es &agrave; base de buttercream ou fondant.<\/span><\/p>\n<p><span style=\"font-size:14px\"><strong>A sua utiliza&ccedil;&atilde;o n&atilde;o &eacute; recomendada em bases oleosas, como o chocolate<\/strong>, pois pode absorver o &oacute;leo, alterando o resultado final.<\/span><\/p>\n<p><span style=\"font-size:14px\">Para obter melhores resultados, <strong>recomenda-se cobrir o bolo com chocolate branco ou creme de manteiga<\/strong>, de modo a isolar a folha de alum&iacute;nio na parte inferior.<\/span><\/p>\n<p><strong><span style=\"font-size:14px\">Modo de utiliza&ccedil;&atilde;o:<\/span><\/strong><\/p>\n<ul>\n<li><span style=\"font-size:14px\">Imprimir a folha e esperar que a cor seque (normalmente alguns minutos, tempo m&aacute;ximo 2 h).<\/span><\/li>\n<li><span style=\"font-size:14px\">Colocar a folha de papel sobre o bolo, certificando-se de que est&aacute; totalmente aderente.&nbsp;<\/span><\/li>\n<li><span style=\"font-size:14px\">Se pretender uma impress&atilde;o mais brilhante, pode aplicar uma camada fina de revestimento brilhante na superf&iacute;cie.<\/span><\/li>\n<li><span style=\"font-size:14px\">Manter o produto final <strong>no frigor&iacute;fico durante o menor tempo poss&iacute;vel<\/strong> para evitar a absor&ccedil;&atilde;o de humidade.<\/span><\/li>\n<\/ul>\n<p><em><span style=\"font-size:14px\">Caixa completa com 8 pacotes (25 unidades por pacote), com 200 folhas no total.<\/span><\/em><\/p>\n","protected":false},"excerpt":{"rendered":"<p>Caixa completa com 8 pacotes (25 unidades por pacote) de folhas de papel de a\u00e7\u00facar comest\u00edvel tamanho A4, perfeito para fazer impress\u00f5es.<\/p>\n","protected":false},"featured_media":50621,"comment_status":"open","ping_status":"closed","template":"","meta":{"_acf_changed":false},"pwb-brand":[],"product_brand":[],"product_cat":[1832,1841,2925,1845,1833,2929,1877,2927,1903,2996,3001,3004],"product_tag":[],"class_list":{"0":"post-390284","1":"product","2":"type-product","3":"status-publish","4":"has-post-thumbnail","6":"product_cat-diestas-especiales","7":"product_cat-impresiones","8":"product_cat-impressoes-comestiveis","9":"product_cat-dieta-sin-e-171","10":"product_cat-dieta-sin-gluten","11":"product_cat-papel-com-acucar-comestivel","12":"product_cat-papel-comestible","13":"product_cat-papel-comestivel","14":"product_cat-papel-azucar","15":"product_cat-produtos-vegetarianos","16":"product_cat-sem-e-171-2","17":"product_cat-sem-gluten-2","19":"first","20":"instock","21":"taxable","22":"shipping-taxable","23":"purchasable","24":"product-type-simple"},"acf":[],"df_price":222.1,"df_sale_price":"","df_regular_price":222.1,"df_image_link":"https:\/\/glotomania.com\/wp-content\/uploads\/2025\/01\/img_25682_61af4d3e3ebc97bdb0810f3e528a1538_1-300x300.jpg","brands":[],"_links":{"self":[{"href":"https:\/\/glotomania.com\/pt-pt\/wp-json\/wp\/v2\/product\/390284","targetHints":{"allow":["GET"]}}],"collection":[{"href":"https:\/\/glotomania.com\/pt-pt\/wp-json\/wp\/v2\/product"}],"about":[{"href":"https:\/\/glotomania.com\/pt-pt\/wp-json\/wp\/v2\/types\/product"}],"replies":[{"embeddable":true,"href":"https:\/\/glotomania.com\/pt-pt\/wp-json\/wp\/v2\/comments?post=390284"}],"wp:featuredmedia":[{"embeddable":true,"href":"https:\/\/glotomania.com\/pt-pt\/wp-json\/wp\/v2\/media\/50621"}],"wp:attachment":[{"href":"https:\/\/glotomania.com\/pt-pt\/wp-json\/wp\/v2\/media?parent=390284"}],"wp:term":[{"taxonomy":"pwb-brand","embeddable":true,"href":"https:\/\/glotomania.com\/pt-pt\/wp-json\/wp\/v2\/pwb-brand?post=390284"},{"taxonomy":"product_brand","embeddable":true,"href":"https:\/\/glotomania.com\/pt-pt\/wp-json\/wp\/v2\/product_brand?post=390284"},{"taxonomy":"product_cat","embeddable":true,"href":"https:\/\/glotomania.com\/pt-pt\/wp-json\/wp\/v2\/product_cat?post=390284"},{"taxonomy":"product_tag","embeddable":true,"href":"https:\/\/glotomania.com\/pt-pt\/wp-json\/wp\/v2\/product_tag?post=390284"}],"curies":[{"name":"wp","href":"https:\/\/api.w.org\/{rel}","templated":true}]}}