{"id":390286,"date":"2025-09-02T11:01:55","date_gmt":"2025-09-02T11:01:55","guid":{"rendered":"https:\/\/glotomania.com\/p\/60-palitos-de-madera-para-algodon-de-azucar-2\/"},"modified":"2026-04-24T11:26:19","modified_gmt":"2026-04-24T11:26:19","slug":"60-palitos-de-madera-para-algodon-de-azucar-2","status":"publish","type":"product","link":"https:\/\/glotomania.com\/pt-pt\/p\/60-palitos-de-madera-para-algodon-de-azucar-2\/","title":{"rendered":"60 Paus De Madeira Para Algod\u00c3o Doce"},"content":{"rendered":"<p>&nbsp;<\/p>\n<p><span style=\"font-size:14px\">Conjunto de 60 paus de madeira de excelente qualidade, perfeitos para fazer algod&atilde;o doce e ma&ccedil;&atilde;s caramelizadas.<\/span><\/p>\n<p><span style=\"font-size:14px\">S&atilde;o ideais para fazer espetos de rebu&ccedil;ados, chupa-chupas, bolachas ou qualquer tipo de doces.&nbsp;<\/span><\/p>\n<p><span style=\"font-size:14px\"><strong>Medidas<\/strong>: Comprimento 28 cm &#8211; Largura 0,4 cm.<\/span><\/p>\n","protected":false},"excerpt":{"rendered":"<p>Inclui 60 paus de madeira quadrados, ideais para ma\u00e7\u00e3s caramelizadas e algod\u00e3o doce.<\/p>\n","protected":false},"featured_media":50703,"comment_status":"open","ping_status":"closed","template":"","meta":{"_acf_changed":false},"pwb-brand":[],"product_brand":[],"product_cat":[3106,3087,3128,1820,1990,1767],"product_tag":[],"class_list":{"0":"post-390286","1":"product","2":"type-product","3":"status-publish","4":"has-post-thumbnail","6":"product_cat-basicos-de-pastelaria","7":"product_cat-ordem-e-armazenamento","8":"product_cat-palitos-de-madeira-2","9":"product_cat-basicos","10":"product_cat-palitos-madera-tartas","11":"product_cat-utensilios","13":"first","14":"instock","15":"taxable","16":"shipping-taxable","17":"purchasable","18":"product-type-simple"},"acf":[],"df_price":9.95,"df_sale_price":"","df_regular_price":9.95,"df_image_link":"https:\/\/glotomania.com\/wp-content\/uploads\/2025\/01\/img_25689_0eb81374ad9e6c89d058119aa27553e7_1-300x300.jpg","brands":[],"_links":{"self":[{"href":"https:\/\/glotomania.com\/pt-pt\/wp-json\/wp\/v2\/product\/390286","targetHints":{"allow":["GET"]}}],"collection":[{"href":"https:\/\/glotomania.com\/pt-pt\/wp-json\/wp\/v2\/product"}],"about":[{"href":"https:\/\/glotomania.com\/pt-pt\/wp-json\/wp\/v2\/types\/product"}],"replies":[{"embeddable":true,"href":"https:\/\/glotomania.com\/pt-pt\/wp-json\/wp\/v2\/comments?post=390286"}],"wp:featuredmedia":[{"embeddable":true,"href":"https:\/\/glotomania.com\/pt-pt\/wp-json\/wp\/v2\/media\/50703"}],"wp:attachment":[{"href":"https:\/\/glotomania.com\/pt-pt\/wp-json\/wp\/v2\/media?parent=390286"}],"wp:term":[{"taxonomy":"pwb-brand","embeddable":true,"href":"https:\/\/glotomania.com\/pt-pt\/wp-json\/wp\/v2\/pwb-brand?post=390286"},{"taxonomy":"product_brand","embeddable":true,"href":"https:\/\/glotomania.com\/pt-pt\/wp-json\/wp\/v2\/product_brand?post=390286"},{"taxonomy":"product_cat","embeddable":true,"href":"https:\/\/glotomania.com\/pt-pt\/wp-json\/wp\/v2\/product_cat?post=390286"},{"taxonomy":"product_tag","embeddable":true,"href":"https:\/\/glotomania.com\/pt-pt\/wp-json\/wp\/v2\/product_tag?post=390286"}],"curies":[{"name":"wp","href":"https:\/\/api.w.org\/{rel}","templated":true}]}}