{"id":390289,"date":"2025-09-02T11:02:00","date_gmt":"2025-09-02T11:02:00","guid":{"rendered":"https:\/\/glotomania.com\/p\/bolsas-para-dulces-wilton-corazones-de-caramelo-20-u-2\/"},"modified":"2026-04-19T00:04:17","modified_gmt":"2026-04-19T00:04:17","slug":"bolsas-para-dulces-wilton-corazones-de-caramelo-20-u-2","status":"publish","type":"product","link":"https:\/\/glotomania.com\/pt-pt\/p\/bolsas-para-dulces-wilton-corazones-de-caramelo-20-u-2\/","title":{"rendered":"Sacos De Doces Wilton &#8211; Doces De Cora\u00c7oes (20 U)"},"content":{"rendered":"<p>&nbsp;<\/p>\n<p><span style=\"font-size:14px\">Cont&eacute;m 20 sacos e 20 fitas de fecho.<\/span><\/p>\n<p><span style=\"font-size:14px\"><strong>Dimens&otilde;es aproximadas:<\/strong> 10 x 5 x 24 cm.<\/span><\/p>\n","protected":false},"excerpt":{"rendered":"<p>Estes divertidos sacos de doces Wilton s\u00e3o perfeitos para as ocasi\u00f5es mais especiais! Pode utiliz\u00e1-los para embrulhar bolachas, rebu\u00e7ados e outros doces.<\/p>\n","protected":false},"featured_media":51101,"comment_status":"open","ping_status":"closed","template":"","meta":{"_acf_changed":false},"pwb-brand":[],"product_brand":[],"product_cat":[1852,2006,2005,2907,3087,1849,3149,3153,2924,1767],"product_tag":[],"class_list":{"0":"post-390289","1":"product","2":"type-product","3":"status-publish","4":"has-post-thumbnail","6":"product_cat-san-valentin","7":"product_cat-bolsas-dulces","8":"product_cat-bolsas","9":"product_cat-festas","10":"product_cat-ordem-e-armazenamento","11":"product_cat-fiestas","12":"product_cat-sacos-de-pastelaria-2","13":"product_cat-sacos-para-doces-2","14":"product_cat-sao-valentim-2","15":"product_cat-utensilios","17":"first","18":"instock","19":"taxable","20":"shipping-taxable","21":"purchasable","22":"product-type-simple"},"acf":[],"df_price":1.66,"df_sale_price":1.66,"df_regular_price":2.37,"df_image_link":"https:\/\/glotomania.com\/wp-content\/uploads\/2025\/01\/img_25717_5e49b173c17c634eb7c671d2b7da6957_1-300x300.jpg","brands":[],"_links":{"self":[{"href":"https:\/\/glotomania.com\/pt-pt\/wp-json\/wp\/v2\/product\/390289","targetHints":{"allow":["GET"]}}],"collection":[{"href":"https:\/\/glotomania.com\/pt-pt\/wp-json\/wp\/v2\/product"}],"about":[{"href":"https:\/\/glotomania.com\/pt-pt\/wp-json\/wp\/v2\/types\/product"}],"replies":[{"embeddable":true,"href":"https:\/\/glotomania.com\/pt-pt\/wp-json\/wp\/v2\/comments?post=390289"}],"wp:featuredmedia":[{"embeddable":true,"href":"https:\/\/glotomania.com\/pt-pt\/wp-json\/wp\/v2\/media\/51101"}],"wp:attachment":[{"href":"https:\/\/glotomania.com\/pt-pt\/wp-json\/wp\/v2\/media?parent=390289"}],"wp:term":[{"taxonomy":"pwb-brand","embeddable":true,"href":"https:\/\/glotomania.com\/pt-pt\/wp-json\/wp\/v2\/pwb-brand?post=390289"},{"taxonomy":"product_brand","embeddable":true,"href":"https:\/\/glotomania.com\/pt-pt\/wp-json\/wp\/v2\/product_brand?post=390289"},{"taxonomy":"product_cat","embeddable":true,"href":"https:\/\/glotomania.com\/pt-pt\/wp-json\/wp\/v2\/product_cat?post=390289"},{"taxonomy":"product_tag","embeddable":true,"href":"https:\/\/glotomania.com\/pt-pt\/wp-json\/wp\/v2\/product_tag?post=390289"}],"curies":[{"name":"wp","href":"https:\/\/api.w.org\/{rel}","templated":true}]}}