{"id":390291,"date":"2025-09-02T11:02:01","date_gmt":"2025-09-02T11:02:01","guid":{"rendered":"https:\/\/glotomania.com\/p\/molde-de-acero-bundt-wilton-corazon-20-cm-2\/"},"modified":"2026-03-11T02:14:13","modified_gmt":"2026-03-11T02:14:13","slug":"molde-de-acero-bundt-wilton-corazon-20-cm-2","status":"publish","type":"product","link":"https:\/\/glotomania.com\/pt-pt\/p\/molde-de-acero-bundt-wilton-corazon-20-cm-2\/","title":{"rendered":"Forma De A\u00c7o &#8220;bundt&#8221; Wilton &#8211; Cora\u00c7\u00c3o (20 Cm)"},"content":{"rendered":"<p>&nbsp;<\/p>\n<p><span style=\"font-size:14px\">Ideal para celebrar momentos especiais como o Dia dos Namorados e o Dia da M&atilde;e, esta forma d&aacute; um toque doce a qualquer ocasi&atilde;o. Com o seu design pr&aacute;tico, pode desenformar facilmente e, para maior comodidade,<strong> pode ser lavada na m&aacute;quina de lavar lou&ccedil;a.&nbsp;<\/strong><\/span><\/p>\n<p><span style=\"font-size:14px\">Fabricada em<strong> a&ccedil;o laminado a frio<\/strong>, &eacute; resistente e duradoura, garantindo resultados perfeitos em cada cozedura.&nbsp;<\/span><\/p>\n<p><span style=\"font-size:14px\"><strong>Dimens&otilde;es aproximadas: <\/strong>20 x 7,5 cm.<\/span><\/p>\n","protected":false},"excerpt":{"rendered":"<p>Deixe o seu amor brilhar na cozinha com o molde de cora\u00e7\u00e3o em tubo canelado da Wilton! Perfeita para fazer deliciosos bolos em forma de cora\u00e7\u00e3o de uma forma f\u00e1cil e divertida.<\/p>\n","protected":false},"featured_media":51103,"comment_status":"open","ping_status":"closed","template":"","meta":{"_acf_changed":false,"_joinchat":[]},"pwb-brand":[],"product_brand":[],"product_cat":[2913,2907,3217,3214,3087,2924,1852,1802,1801,1851,1849,1767],"product_tag":[],"class_list":{"0":"post-390291","1":"product","2":"type-product","3":"status-publish","4":"has-post-thumbnail","6":"product_cat-dia-das-maes","7":"product_cat-festas","8":"product_cat-moldes-de-formas-especiais","9":"product_cat-moldes-de-pastelaria","10":"product_cat-ordem-e-armazenamento","11":"product_cat-sao-valentim-2","12":"product_cat-san-valentin","13":"product_cat-moldes-metal","14":"product_cat-moldes","15":"product_cat-dia-de-la-madre","16":"product_cat-fiestas","17":"product_cat-utensilios","19":"first","20":"instock","21":"taxable","22":"shipping-taxable","23":"purchasable","24":"product-type-simple"},"acf":[],"df_price":12.5,"df_sale_price":"","df_regular_price":12.5,"df_image_link":"https:\/\/glotomania.com\/wp-content\/uploads\/2025\/01\/img_25719_0a4ec8159420d828b9db9f3d66eb4ed2_1-300x300.jpg","brands":[],"_links":{"self":[{"href":"https:\/\/glotomania.com\/pt-pt\/wp-json\/wp\/v2\/product\/390291","targetHints":{"allow":["GET"]}}],"collection":[{"href":"https:\/\/glotomania.com\/pt-pt\/wp-json\/wp\/v2\/product"}],"about":[{"href":"https:\/\/glotomania.com\/pt-pt\/wp-json\/wp\/v2\/types\/product"}],"replies":[{"embeddable":true,"href":"https:\/\/glotomania.com\/pt-pt\/wp-json\/wp\/v2\/comments?post=390291"}],"wp:featuredmedia":[{"embeddable":true,"href":"https:\/\/glotomania.com\/pt-pt\/wp-json\/wp\/v2\/media\/51103"}],"wp:attachment":[{"href":"https:\/\/glotomania.com\/pt-pt\/wp-json\/wp\/v2\/media?parent=390291"}],"wp:term":[{"taxonomy":"pwb-brand","embeddable":true,"href":"https:\/\/glotomania.com\/pt-pt\/wp-json\/wp\/v2\/pwb-brand?post=390291"},{"taxonomy":"product_brand","embeddable":true,"href":"https:\/\/glotomania.com\/pt-pt\/wp-json\/wp\/v2\/product_brand?post=390291"},{"taxonomy":"product_cat","embeddable":true,"href":"https:\/\/glotomania.com\/pt-pt\/wp-json\/wp\/v2\/product_cat?post=390291"},{"taxonomy":"product_tag","embeddable":true,"href":"https:\/\/glotomania.com\/pt-pt\/wp-json\/wp\/v2\/product_tag?post=390291"}],"curies":[{"name":"wp","href":"https:\/\/api.w.org\/{rel}","templated":true}]}}