{"id":390293,"date":"2025-09-02T11:02:03","date_gmt":"2025-09-02T11:02:03","guid":{"rendered":"https:\/\/glotomania.com\/p\/soporte-extension-reversible-de-caja-para-tarta-275-cm-2\/"},"modified":"2026-03-11T02:14:18","modified_gmt":"2026-03-11T02:14:18","slug":"soporte-extension-reversible-de-caja-para-tarta-275-cm-2","status":"publish","type":"product","link":"https:\/\/glotomania.com\/pt-pt\/p\/soporte-extension-reversible-de-caja-para-tarta-275-cm-2\/","title":{"rendered":"Suporte Extens\u00cdvel Revers\u00cdvel Para Caixas De Bolos &#8211; 27,5 Cm"},"content":{"rendered":"<p>&nbsp;<\/p>\n<p><span style=\"font-size: 14px\">Quer se trate de um bolo de anivers&aacute;rio, de um bolo de casamento ou de qualquer celebra&ccedil;&atilde;o especial, este suporte garante que a sua guloseima se destaca e permanece protegida.&nbsp;<strong>Aumenta a altura<\/strong>&nbsp;das suas caixas para bolos, melhorando a apresenta&ccedil;&atilde;o das suas sobremesas de uma forma pr&aacute;tica e simples.<\/span><\/p>\n<p><span style=\"font-size: 14px\">Fabricado em cart&atilde;o resistente e de qualidade alimentar.&nbsp;<strong>Revers&iacute;vel<\/strong>&nbsp;e elegante, escolha entre o&nbsp;<strong>branco<\/strong>&nbsp;sofisticado ou o&nbsp;<strong>kraft<\/strong>&nbsp;quente, consoante a ocasi&atilde;o.<\/span><\/p>\n<p><span style=\"font-size: 14px\"><strong>Dimens&otilde;es aproximadas:<\/strong>&nbsp;27,5 x 27,5 cm &#8211; Altura 30 cm.<\/span><\/p>\n<p><em><span style=\"font-size: 14px\">Adapta-se perfeitamente &agrave;s caixas de 28&nbsp;cm.<\/span><\/em><\/p>\n","protected":false},"excerpt":{"rendered":"<p>Concebida para encaixar perfeitamente entre a base e a tampa da sua caixa, esta pe\u00e7a proporciona uma extens\u00e3o em altura nos quatro lados, tornando as suas cria\u00e7\u00f5es ainda mais impressionantes e bem apresentadas.<\/p>\n","protected":false},"featured_media":51562,"comment_status":"open","ping_status":"closed","template":"","meta":{"_acf_changed":false},"pwb-brand":[],"product_brand":[],"product_cat":[3158,3178,1782,1783,1925,3189,3087,1767],"product_tag":[],"class_list":{"0":"post-390293","1":"product","2":"type-product","3":"status-publish","4":"has-post-thumbnail","6":"product_cat-caixas-de-pastelaria","7":"product_cat-caixas-para-bolos-2","8":"product_cat-cajas","9":"product_cat-cajas-tartas","10":"product_cat-extensiones-cajas","11":"product_cat-extensoes-para-caixas-3","12":"product_cat-ordem-e-armazenamento","13":"product_cat-utensilios","15":"first","16":"instock","17":"taxable","18":"shipping-taxable","19":"purchasable","20":"product-type-simple"},"acf":[],"df_price":1.45,"df_sale_price":"","df_regular_price":1.45,"df_image_link":"https:\/\/glotomania.com\/wp-content\/uploads\/2025\/01\/img_25727_9920094f520df79b7c3074548ce6b1c6_1-300x300.jpg","brands":[],"_links":{"self":[{"href":"https:\/\/glotomania.com\/pt-pt\/wp-json\/wp\/v2\/product\/390293","targetHints":{"allow":["GET"]}}],"collection":[{"href":"https:\/\/glotomania.com\/pt-pt\/wp-json\/wp\/v2\/product"}],"about":[{"href":"https:\/\/glotomania.com\/pt-pt\/wp-json\/wp\/v2\/types\/product"}],"replies":[{"embeddable":true,"href":"https:\/\/glotomania.com\/pt-pt\/wp-json\/wp\/v2\/comments?post=390293"}],"wp:featuredmedia":[{"embeddable":true,"href":"https:\/\/glotomania.com\/pt-pt\/wp-json\/wp\/v2\/media\/51562"}],"wp:attachment":[{"href":"https:\/\/glotomania.com\/pt-pt\/wp-json\/wp\/v2\/media?parent=390293"}],"wp:term":[{"taxonomy":"pwb-brand","embeddable":true,"href":"https:\/\/glotomania.com\/pt-pt\/wp-json\/wp\/v2\/pwb-brand?post=390293"},{"taxonomy":"product_brand","embeddable":true,"href":"https:\/\/glotomania.com\/pt-pt\/wp-json\/wp\/v2\/product_brand?post=390293"},{"taxonomy":"product_cat","embeddable":true,"href":"https:\/\/glotomania.com\/pt-pt\/wp-json\/wp\/v2\/product_cat?post=390293"},{"taxonomy":"product_tag","embeddable":true,"href":"https:\/\/glotomania.com\/pt-pt\/wp-json\/wp\/v2\/product_tag?post=390293"}],"curies":[{"name":"wp","href":"https:\/\/api.w.org\/{rel}","templated":true}]}}