{"id":390297,"date":"2025-09-02T11:02:07","date_gmt":"2025-09-02T11:02:07","guid":{"rendered":"https:\/\/glotomania.com\/p\/caja-para-dulces-kraft-con-ventana-corazones-2\/"},"modified":"2026-03-11T02:14:28","modified_gmt":"2026-03-11T02:14:28","slug":"caja-para-dulces-kraft-con-ventana-corazones-2","status":"publish","type":"product","link":"https:\/\/glotomania.com\/pt-pt\/p\/caja-para-dulces-kraft-con-ventana-corazones-2\/","title":{"rendered":"Caixa Kraft Para Rebu\u00c7ados Com Janela De Cora\u00c7\u00d5es"},"content":{"rendered":"<p>&nbsp;<\/p>\n<p><span style=\"font-size:14px\">Ideal para apresentar macarons, biscoitos, past&eacute;is de nata,&#8230; e at&eacute; receitas salgadas de uma forma elegante e segura.&nbsp;<\/span><\/p>\n<p><span style=\"font-size:14px\">Combinando estilo e funcionalidade num design encantador que n&atilde;o passar&aacute; despercebido, com a textura quente do kraft e uma janela em forma de cora&ccedil;&atilde;o, os seus doces ser&atilde;o um verdadeiro chamariz. D&ecirc; um toque rom&acirc;ntico aos seus presentes ou utilize esta caixa para se destacar nas suas vendas.&nbsp;<\/span><\/p>\n<p><span style=\"font-size:14px\">Fabricada em cart&atilde;o alimentar e janela em acetato.<\/span><\/p>\n<p><span style=\"font-size:14px\"><strong>Dimens&otilde;es aproximadas: <\/strong>14 x 6,5 x 5,5 cm.<\/span><\/p>\n","protected":false},"excerpt":{"rendered":"<p>Caixa de cart\u00e3o kraft original com janela em forma de cora\u00e7\u00e3o, perfeita para o Dia dos Namorados! O embrulho perfeito para partilhar o amor em cada dentada.<\/p>\n","protected":false},"featured_media":51566,"comment_status":"open","ping_status":"closed","template":"","meta":{"_acf_changed":false},"pwb-brand":[],"product_brand":[],"product_cat":[1852,3158,3168,3174,1785,1786,1782,2907,3087,1849,2924,1767],"product_tag":[],"class_list":{"0":"post-390297","1":"product","2":"type-product","3":"status-publish","4":"has-post-thumbnail","6":"product_cat-san-valentin","7":"product_cat-caixas-de-pastelaria","8":"product_cat-caixas-para-bolachas-2","9":"product_cat-caixas-para-macarons-2","10":"product_cat-cajas-galletas","11":"product_cat-cajas-macarons","12":"product_cat-cajas","13":"product_cat-festas","14":"product_cat-ordem-e-armazenamento","15":"product_cat-fiestas","16":"product_cat-sao-valentim-2","17":"product_cat-utensilios","19":"first","20":"instock","21":"taxable","22":"shipping-taxable","23":"purchasable","24":"product-type-simple"},"acf":[],"df_price":0.27,"df_sale_price":"","df_regular_price":0.27,"df_image_link":"https:\/\/glotomania.com\/wp-content\/uploads\/2025\/01\/img_25751_a15e7794f6da4e7937caa626234b9bea_1-300x300.jpg","brands":[],"_links":{"self":[{"href":"https:\/\/glotomania.com\/pt-pt\/wp-json\/wp\/v2\/product\/390297","targetHints":{"allow":["GET"]}}],"collection":[{"href":"https:\/\/glotomania.com\/pt-pt\/wp-json\/wp\/v2\/product"}],"about":[{"href":"https:\/\/glotomania.com\/pt-pt\/wp-json\/wp\/v2\/types\/product"}],"replies":[{"embeddable":true,"href":"https:\/\/glotomania.com\/pt-pt\/wp-json\/wp\/v2\/comments?post=390297"}],"wp:featuredmedia":[{"embeddable":true,"href":"https:\/\/glotomania.com\/pt-pt\/wp-json\/wp\/v2\/media\/51566"}],"wp:attachment":[{"href":"https:\/\/glotomania.com\/pt-pt\/wp-json\/wp\/v2\/media?parent=390297"}],"wp:term":[{"taxonomy":"pwb-brand","embeddable":true,"href":"https:\/\/glotomania.com\/pt-pt\/wp-json\/wp\/v2\/pwb-brand?post=390297"},{"taxonomy":"product_brand","embeddable":true,"href":"https:\/\/glotomania.com\/pt-pt\/wp-json\/wp\/v2\/product_brand?post=390297"},{"taxonomy":"product_cat","embeddable":true,"href":"https:\/\/glotomania.com\/pt-pt\/wp-json\/wp\/v2\/product_cat?post=390297"},{"taxonomy":"product_tag","embeddable":true,"href":"https:\/\/glotomania.com\/pt-pt\/wp-json\/wp\/v2\/product_tag?post=390297"}],"curies":[{"name":"wp","href":"https:\/\/api.w.org\/{rel}","templated":true}]}}