{"id":390298,"date":"2025-09-02T11:02:09","date_gmt":"2025-09-02T11:02:09","guid":{"rendered":"https:\/\/glotomania.com\/p\/cortador-metalico-para-galletas-corazon-7-cm-2\/"},"modified":"2026-03-11T02:14:35","modified_gmt":"2026-03-11T02:14:35","slug":"cortador-metalico-para-galletas-corazon-7-cm-2","status":"publish","type":"product","link":"https:\/\/glotomania.com\/pt-pt\/p\/cortador-metalico-para-galletas-corazon-7-cm-2\/","title":{"rendered":"Cortador De Biscoitos De Metal &#8211; Cora\u00c7\u00c3o (7 Cm)"},"content":{"rendered":"<p>&nbsp;<\/p>\n<p><span style=\"font-size:14px\">Feito de metal de alta qualidade, seguro para alimentos, f&aacute;cil de limpar.&nbsp;<br \/>\n<strong>Medidas<\/strong>: 7 x 5 cm.<\/span><\/p>\n<p>&nbsp;<\/p>\n","protected":false},"excerpt":{"rendered":"<p>Cortador de metal em forma de cora\u00e7\u00e3o com um cora\u00e7\u00e3o central mais pequeno, perfeito para as ocasi\u00f5es mais rom\u00e2nticas!<\/p>\n","protected":false},"featured_media":51987,"comment_status":"open","ping_status":"closed","template":"","meta":{"_acf_changed":false},"pwb-brand":[],"product_brand":[],"product_cat":[1852,1788,3199,2907,3087,1849,2924,1767],"product_tag":[],"class_list":{"0":"post-390298","1":"product","2":"type-product","3":"status-publish","4":"has-post-thumbnail","6":"product_cat-san-valentin","7":"product_cat-cortadores-de-cobre","8":"product_cat-cortadores-de-metal","9":"product_cat-festas","10":"product_cat-ordem-e-armazenamento","11":"product_cat-fiestas","12":"product_cat-sao-valentim-2","13":"product_cat-utensilios","15":"first","16":"instock","17":"taxable","18":"shipping-taxable","19":"purchasable","20":"product-type-simple"},"acf":[],"df_price":5.95,"df_sale_price":"","df_regular_price":5.95,"df_image_link":"https:\/\/glotomania.com\/wp-content\/uploads\/2025\/01\/img_25756_62b1fb92eec84525dc5c913b576a8cd6_1-300x300.jpg","brands":[],"_links":{"self":[{"href":"https:\/\/glotomania.com\/pt-pt\/wp-json\/wp\/v2\/product\/390298","targetHints":{"allow":["GET"]}}],"collection":[{"href":"https:\/\/glotomania.com\/pt-pt\/wp-json\/wp\/v2\/product"}],"about":[{"href":"https:\/\/glotomania.com\/pt-pt\/wp-json\/wp\/v2\/types\/product"}],"replies":[{"embeddable":true,"href":"https:\/\/glotomania.com\/pt-pt\/wp-json\/wp\/v2\/comments?post=390298"}],"wp:featuredmedia":[{"embeddable":true,"href":"https:\/\/glotomania.com\/pt-pt\/wp-json\/wp\/v2\/media\/51987"}],"wp:attachment":[{"href":"https:\/\/glotomania.com\/pt-pt\/wp-json\/wp\/v2\/media?parent=390298"}],"wp:term":[{"taxonomy":"pwb-brand","embeddable":true,"href":"https:\/\/glotomania.com\/pt-pt\/wp-json\/wp\/v2\/pwb-brand?post=390298"},{"taxonomy":"product_brand","embeddable":true,"href":"https:\/\/glotomania.com\/pt-pt\/wp-json\/wp\/v2\/product_brand?post=390298"},{"taxonomy":"product_cat","embeddable":true,"href":"https:\/\/glotomania.com\/pt-pt\/wp-json\/wp\/v2\/product_cat?post=390298"},{"taxonomy":"product_tag","embeddable":true,"href":"https:\/\/glotomania.com\/pt-pt\/wp-json\/wp\/v2\/product_tag?post=390298"}],"curies":[{"name":"wp","href":"https:\/\/api.w.org\/{rel}","templated":true}]}}