{"id":390304,"date":"2025-09-02T11:02:13","date_gmt":"2025-09-02T11:02:13","guid":{"rendered":"https:\/\/glotomania.com\/p\/rodillo-de-acero-inoxidable-con-anillos-espaciadores-patisse-2\/"},"modified":"2026-03-25T05:55:53","modified_gmt":"2026-03-25T05:55:53","slug":"rodillo-de-acero-inoxidable-con-anillos-espaciadores-patisse-2","status":"publish","type":"product","link":"https:\/\/glotomania.com\/pt-pt\/p\/rodillo-de-acero-inoxidable-con-anillos-espaciadores-patisse-2\/","title":{"rendered":"Rolo De Massa Em A\u00c7o Inoxid\u00c1vel Com An\u00c9is Espa\u00c7adores &#8211; Patisse"},"content":{"rendered":"<p>&nbsp;<\/p>\n<p><span style=\"font-size:14px\">Este rolo de massa n&atilde;o s&oacute; combina funcionalidade e estilo, como tamb&eacute;m &eacute; perfeito para obter a massa ideal para todas as suas receitas, desde biscoitos a tartes e pizzas. Com as <strong>medidas gravadas em cent&iacute;metros<\/strong> ao longo do comprimento do rolo, pode trabalhar com confian&ccedil;a e obter resultados consistentes em cada utiliza&ccedil;&atilde;o.<\/span><\/p>\n<p><span style=\"font-size:14px\">O a&ccedil;o inoxid&aacute;vel garante durabilidade e facilidade de limpeza, enquanto o design ergon&oacute;mico assegura um trabalho confort&aacute;vel durante longas sess&otilde;es de trabalho.<\/span><\/p>\n<p><span style=\"font-size:14px\"><strong>Dimens&otilde;es aproximadas:<\/strong> Comprimento 35 cm.<\/span><\/p>\n<p><span style=\"font-size:14px\">Cont&eacute;m 4 an&eacute;is distanciadores de <strong>diferentes espessuras<\/strong> para diferentes receitas:<\/span><\/p>\n<ul>\n<li><span style=\"font-size:14px\"><strong>2 mm <\/strong>: ideal para diferentes tipos de pastelaria, e para a receita t&iacute;pica da Als&aacute;cia conhecida como &ldquo;Flammkuchen&rdquo; (bolo flamejante), semelhante &agrave; pizza italiana,&#8230;<\/span><\/li>\n<li><span style=\"font-size:14px\"><strong>3 mm <\/strong>: ideal para biscoitos, bolos finos, pastelaria,&#8230;<\/span><\/li>\n<li><span style=\"font-size:14px\"><strong>6 mm<\/strong> : ideal para biscoitos, bolos de a&ccedil;&uacute;car, croissants,&#8230;&nbsp;<\/span><\/li>\n<li><span style=\"font-size:14px\"><strong>10 mm <\/strong>: ideal para pizzas, tartes, biscoitos duros,&#8230;<\/span><\/li>\n<\/ul>\n","protected":false},"excerpt":{"rendered":"<p>Rolo de a\u00e7o inoxid\u00e1vel da Patisse, com an\u00e9is espa\u00e7adores de diferentes tamanhos que nos permitem ajustar a espessura da massa de forma f\u00e1cil e uniforme.<\/p>\n","protected":false},"featured_media":51986,"comment_status":"open","ping_status":"closed","template":"","meta":{"_acf_changed":false},"pwb-brand":[],"product_brand":[],"product_cat":[3106,3087,3139,1820,1827,1767],"product_tag":[],"class_list":{"0":"post-390304","1":"product","2":"type-product","3":"status-publish","4":"has-post-thumbnail","6":"product_cat-basicos-de-pastelaria","7":"product_cat-ordem-e-armazenamento","8":"product_cat-rolos-de-massa-e-acessorios-2","9":"product_cat-basicos","10":"product_cat-rodillos","11":"product_cat-utensilios","13":"first","14":"instock","15":"taxable","16":"shipping-taxable","17":"purchasable","18":"product-type-simple"},"acf":[],"df_price":13.5,"df_sale_price":"","df_regular_price":13.5,"df_image_link":"https:\/\/glotomania.com\/wp-content\/uploads\/2025\/01\/img_25770_c674c0d54e41a783e365421fcc14d0af_1-300x300.jpg","brands":[],"_links":{"self":[{"href":"https:\/\/glotomania.com\/pt-pt\/wp-json\/wp\/v2\/product\/390304","targetHints":{"allow":["GET"]}}],"collection":[{"href":"https:\/\/glotomania.com\/pt-pt\/wp-json\/wp\/v2\/product"}],"about":[{"href":"https:\/\/glotomania.com\/pt-pt\/wp-json\/wp\/v2\/types\/product"}],"replies":[{"embeddable":true,"href":"https:\/\/glotomania.com\/pt-pt\/wp-json\/wp\/v2\/comments?post=390304"}],"wp:featuredmedia":[{"embeddable":true,"href":"https:\/\/glotomania.com\/pt-pt\/wp-json\/wp\/v2\/media\/51986"}],"wp:attachment":[{"href":"https:\/\/glotomania.com\/pt-pt\/wp-json\/wp\/v2\/media?parent=390304"}],"wp:term":[{"taxonomy":"pwb-brand","embeddable":true,"href":"https:\/\/glotomania.com\/pt-pt\/wp-json\/wp\/v2\/pwb-brand?post=390304"},{"taxonomy":"product_brand","embeddable":true,"href":"https:\/\/glotomania.com\/pt-pt\/wp-json\/wp\/v2\/product_brand?post=390304"},{"taxonomy":"product_cat","embeddable":true,"href":"https:\/\/glotomania.com\/pt-pt\/wp-json\/wp\/v2\/product_cat?post=390304"},{"taxonomy":"product_tag","embeddable":true,"href":"https:\/\/glotomania.com\/pt-pt\/wp-json\/wp\/v2\/product_tag?post=390304"}],"curies":[{"name":"wp","href":"https:\/\/api.w.org\/{rel}","templated":true}]}}