{"id":390305,"date":"2025-09-02T11:02:14","date_gmt":"2025-09-02T11:02:14","guid":{"rendered":"https:\/\/glotomania.com\/p\/bandeja-para-hornear-perforada-silver-top-patisse-40-x-30-cm-2\/"},"modified":"2026-04-23T18:10:07","modified_gmt":"2026-04-23T18:10:07","slug":"bandeja-para-hornear-perforada-silver-top-patisse-40-x-30-cm-2","status":"publish","type":"product","link":"https:\/\/glotomania.com\/pt-pt\/p\/bandeja-para-hornear-perforada-silver-top-patisse-40-x-30-cm-2\/","title":{"rendered":"Tabuleiro Perfurado Patisse \u201csilver &#8211; Top\u201d &#8211; 40 X 30 Cm"},"content":{"rendered":"<p>&nbsp;<\/p>\n<p><span style=\"font-size:14px\">Fabricado em<strong> a&ccedil;o ECCS<\/strong> de alta qualidade com uma<strong> espessura de 0,60 mm,<\/strong> garante uma cozedura homog&eacute;nea das nossas receitas. Com<strong> revestimento antiaderente &ldquo;Whitford Skandia&rdquo;, <\/strong>assegura que as cria&ccedil;&otilde;es s&atilde;o f&aacute;ceis de retirar do tabuleiro e f&aacute;ceis de limpar, permitindo-lhe desfrutar de cada passo do processo sem preocupa&ccedil;&otilde;es.<\/span><\/p>\n<p><span style=\"font-size:14px\">Resistente ao calor<strong> at&eacute; 230&deg;C<\/strong>, esta frigideira &eacute; vers&aacute;til e adequada para cozer uma grande variedade de receitas, desde biscoitos estaladi&ccedil;os a p&atilde;es fofos e pizzas douradas. Al&eacute;m disso, o seu design plano <strong>facilita a arruma&ccedil;&atilde;o<\/strong>, ocupando um espa&ccedil;o m&iacute;nimo na sua cozinha.<\/span><\/p>\n<p><span style=\"font-size:14px\"><strong>Dimens&otilde;es aproximadas: <\/strong>40 x 30 cm.<\/span><\/p>\n","protected":false},"excerpt":{"rendered":"<p>Este tabuleiro de a\u00e7o perfurado da Patisse assegura uma distribui\u00e7\u00e3o uniforme do calor para que os nossos produtos de pastelaria sejam cozinhados na perfei\u00e7\u00e3o.<\/p>\n","protected":false},"featured_media":52303,"comment_status":"open","ping_status":"closed","template":"","meta":{"_acf_changed":false},"pwb-brand":[],"product_brand":[],"product_cat":[3106,3087,3112,1892,1820,1767],"product_tag":[],"class_list":{"0":"post-390305","1":"product","2":"type-product","3":"status-publish","4":"has-post-thumbnail","6":"product_cat-basicos-de-pastelaria","7":"product_cat-ordem-e-armazenamento","8":"product_cat-tabuleiros-e-acessorios-2","9":"product_cat-bandejas-horno","10":"product_cat-basicos","11":"product_cat-utensilios","13":"first","14":"instock","15":"taxable","16":"shipping-taxable","17":"purchasable","18":"product-type-simple"},"acf":[],"df_price":12.5,"df_sale_price":"","df_regular_price":12.5,"df_image_link":"https:\/\/glotomania.com\/wp-content\/uploads\/2025\/01\/img_25773_195b246e454a3a07c6b88a773a797f6e_1-300x300.jpg","brands":[],"_links":{"self":[{"href":"https:\/\/glotomania.com\/pt-pt\/wp-json\/wp\/v2\/product\/390305","targetHints":{"allow":["GET"]}}],"collection":[{"href":"https:\/\/glotomania.com\/pt-pt\/wp-json\/wp\/v2\/product"}],"about":[{"href":"https:\/\/glotomania.com\/pt-pt\/wp-json\/wp\/v2\/types\/product"}],"replies":[{"embeddable":true,"href":"https:\/\/glotomania.com\/pt-pt\/wp-json\/wp\/v2\/comments?post=390305"}],"wp:featuredmedia":[{"embeddable":true,"href":"https:\/\/glotomania.com\/pt-pt\/wp-json\/wp\/v2\/media\/52303"}],"wp:attachment":[{"href":"https:\/\/glotomania.com\/pt-pt\/wp-json\/wp\/v2\/media?parent=390305"}],"wp:term":[{"taxonomy":"pwb-brand","embeddable":true,"href":"https:\/\/glotomania.com\/pt-pt\/wp-json\/wp\/v2\/pwb-brand?post=390305"},{"taxonomy":"product_brand","embeddable":true,"href":"https:\/\/glotomania.com\/pt-pt\/wp-json\/wp\/v2\/product_brand?post=390305"},{"taxonomy":"product_cat","embeddable":true,"href":"https:\/\/glotomania.com\/pt-pt\/wp-json\/wp\/v2\/product_cat?post=390305"},{"taxonomy":"product_tag","embeddable":true,"href":"https:\/\/glotomania.com\/pt-pt\/wp-json\/wp\/v2\/product_tag?post=390305"}],"curies":[{"name":"wp","href":"https:\/\/api.w.org\/{rel}","templated":true}]}}