{"id":390312,"date":"2025-09-02T11:02:20","date_gmt":"2025-09-02T11:02:20","guid":{"rendered":"https:\/\/glotomania.com\/p\/tubo-escritor-choco-writer-funcakes-azul-cielo-25-g-2\/"},"modified":"2026-03-11T02:15:26","modified_gmt":"2026-03-11T02:15:26","slug":"tubo-escritor-choco-writer-funcakes-azul-cielo-25-g-2","status":"publish","type":"product","link":"https:\/\/glotomania.com\/pt-pt\/p\/tubo-escritor-choco-writer-funcakes-azul-cielo-25-g-2\/","title":{"rendered":"Tubo \u201cchoco Writer\u201d Funcakes &#8211; Azul Ceu (25 G)"},"content":{"rendered":"<p>\n<span style=\"font-size: 14px\">Com um delicioso sabor a baunilha, cada Choco Writer seca em apenas alguns minutos, garantindo que os seus desenhos permanecem perfeitos. Se precisar de mais criatividade, n&atilde;o se preocupe, eles podem ser derretidos novamente para uma utiliza&ccedil;&atilde;o cont&iacute;nua!<\/span><\/p>\n<p><strong><span style=\"font-size: 14px\">Modo de utiliza&ccedil;&atilde;o:<\/span><\/strong><\/p>\n<ul>\n<li><span style=\"font-size: 14px\">Aque&ccedil;a a &aacute;gua a 35-42 &deg;C e mergulhe o tubo durante 10 minutos.<\/span><\/li>\n<li><span style=\"font-size: 14px\">Aperte o tubo para se certificar de que o conte&uacute;do est&aacute; completamente derretido.<\/span><\/li>\n<li><span style=\"font-size: 14px\">Pode utiliz&aacute;-lo sobre um tapete de cozinha, papel vegetal ou diretamente sobre o produto acabado.<\/span><\/li>\n<li><span style=\"font-size: 14px\">Dica: coloque as suas cria&ccedil;&otilde;es no frigor&iacute;fico para secar ainda mais depressa.<\/span><\/li>\n<\/ul>\n","protected":false},"excerpt":{"rendered":"<p>Estes inovadores tubos de chocolate permitem-lhe escrever mensagens e criar belas decora\u00e7\u00f5es em biscoitos, cupcakes, bolos&#8230; e muito mais! de forma r\u00e1pida e f\u00e1cil.<\/p>\n","protected":false},"featured_media":51994,"comment_status":"open","ping_status":"closed","template":"","meta":{"_acf_changed":false},"pwb-brand":[],"product_brand":[],"product_cat":[2908,2975,2952,2952,2911,2979,2984,2979,2984,2996,2907,2997,2997,3001,2921,2996,2911,2908,2907,2921,2975,3001],"product_tag":[],"class_list":{"0":"post-390312","1":"product","2":"type-product","3":"status-publish","4":"has-post-thumbnail","6":"product_cat-batizados","7":"product_cat-canetas-alimentares-2","8":"product_cat-coberturas-2","10":"product_cat-comunhoes","11":"product_cat-decoracoes-comestiveis-2","12":"product_cat-decoracoes-de-chocolate-2","15":"product_cat-produtos-vegetarianos","16":"product_cat-festas","17":"product_cat-halal","19":"product_cat-sem-e-171-2","20":"product_cat-pascoa","29":"first","30":"instock","31":"taxable","32":"shipping-taxable","33":"purchasable","34":"product-type-simple"},"acf":[],"df_price":2.99,"df_sale_price":"","df_regular_price":2.99,"df_image_link":"https:\/\/glotomania.com\/wp-content\/uploads\/2025\/01\/img_25794_734ccb60b8c9021db0c8f5ba7ab97dce_1-300x300.jpg","brands":[],"_links":{"self":[{"href":"https:\/\/glotomania.com\/pt-pt\/wp-json\/wp\/v2\/product\/390312","targetHints":{"allow":["GET"]}}],"collection":[{"href":"https:\/\/glotomania.com\/pt-pt\/wp-json\/wp\/v2\/product"}],"about":[{"href":"https:\/\/glotomania.com\/pt-pt\/wp-json\/wp\/v2\/types\/product"}],"replies":[{"embeddable":true,"href":"https:\/\/glotomania.com\/pt-pt\/wp-json\/wp\/v2\/comments?post=390312"}],"wp:featuredmedia":[{"embeddable":true,"href":"https:\/\/glotomania.com\/pt-pt\/wp-json\/wp\/v2\/media\/51994"}],"wp:attachment":[{"href":"https:\/\/glotomania.com\/pt-pt\/wp-json\/wp\/v2\/media?parent=390312"}],"wp:term":[{"taxonomy":"pwb-brand","embeddable":true,"href":"https:\/\/glotomania.com\/pt-pt\/wp-json\/wp\/v2\/pwb-brand?post=390312"},{"taxonomy":"product_brand","embeddable":true,"href":"https:\/\/glotomania.com\/pt-pt\/wp-json\/wp\/v2\/product_brand?post=390312"},{"taxonomy":"product_cat","embeddable":true,"href":"https:\/\/glotomania.com\/pt-pt\/wp-json\/wp\/v2\/product_cat?post=390312"},{"taxonomy":"product_tag","embeddable":true,"href":"https:\/\/glotomania.com\/pt-pt\/wp-json\/wp\/v2\/product_tag?post=390312"}],"curies":[{"name":"wp","href":"https:\/\/api.w.org\/{rel}","templated":true}]}}