{"id":390314,"date":"2025-09-02T11:02:28","date_gmt":"2025-09-02T11:02:28","guid":{"rendered":"https:\/\/glotomania.com\/p\/flor-de-oblea-gigante-dekora-nenufar-rosa-2\/"},"modified":"2026-03-11T02:15:37","modified_gmt":"2026-03-11T02:15:37","slug":"flor-de-oblea-gigante-dekora-nenufar-rosa-2","status":"publish","type":"product","link":"https:\/\/glotomania.com\/pt-pt\/p\/flor-de-oblea-gigante-dekora-nenufar-rosa-2\/","title":{"rendered":"Flor Gigante Em Folha De Wafer Dekora &#8211; Nenufaro Rosa"},"content":{"rendered":"<p>&nbsp;<\/p>\n<p><span style=\"font-size: 14px\"><strong>Dim. aproximada:<\/strong>&nbsp;14&nbsp;cm.<\/span><\/p>\n<p><em><span style=\"font-size: 14px\">Inclui 1 flor.<\/span><\/em><\/p>\n","protected":false},"excerpt":{"rendered":"<p>Decorar facilmente com esta flore gigante de wafer, perfeitas para dar um toque elegante e floral \u00e0s nossas elabora\u00e7\u00f5es.<\/p>\n","protected":false},"featured_media":52313,"comment_status":"open","ping_status":"closed","template":"","meta":{"_acf_changed":false},"pwb-brand":[],"product_brand":[],"product_cat":[1852,1839,2979,2913,1832,2907,1996,2990,1997,2992,1896,1845,1833,2921,2996,1851,1849,1858,2924,3002,3001,3004],"product_tag":[],"class_list":{"0":"post-390314","1":"product","2":"type-product","3":"status-publish","4":"has-post-thumbnail","6":"product_cat-san-valentin","7":"product_cat-decoracion-comestible","8":"product_cat-decoracoes-comestiveis-2","9":"product_cat-dia-das-maes","10":"product_cat-diestas-especiales","11":"product_cat-festas","12":"product_cat-flores","13":"product_cat-flores-comestiveis-para-bolos-2","14":"product_cat-flores-oblea","15":"product_cat-flores-de-wafer","16":"product_cat-dieta-sin-azucar","17":"product_cat-dieta-sin-e-171","18":"product_cat-dieta-sin-gluten","19":"product_cat-pascoa","20":"product_cat-produtos-vegetarianos","21":"product_cat-dia-de-la-madre","22":"product_cat-fiestas","23":"product_cat-pascua","24":"product_cat-sao-valentim-2","25":"product_cat-sem-acucar","26":"product_cat-sem-e-171-2","27":"product_cat-sem-gluten-2","29":"first","30":"instock","31":"taxable","32":"shipping-taxable","33":"purchasable","34":"product-type-simple"},"acf":[],"df_price":6.65,"df_sale_price":"","df_regular_price":6.65,"df_image_link":"https:\/\/glotomania.com\/wp-content\/uploads\/2025\/02\/img_25880_982ca7f0a56bc1c26a6a47939967adc1_1-300x300.jpg","brands":[],"_links":{"self":[{"href":"https:\/\/glotomania.com\/pt-pt\/wp-json\/wp\/v2\/product\/390314","targetHints":{"allow":["GET"]}}],"collection":[{"href":"https:\/\/glotomania.com\/pt-pt\/wp-json\/wp\/v2\/product"}],"about":[{"href":"https:\/\/glotomania.com\/pt-pt\/wp-json\/wp\/v2\/types\/product"}],"replies":[{"embeddable":true,"href":"https:\/\/glotomania.com\/pt-pt\/wp-json\/wp\/v2\/comments?post=390314"}],"wp:featuredmedia":[{"embeddable":true,"href":"https:\/\/glotomania.com\/pt-pt\/wp-json\/wp\/v2\/media\/52313"}],"wp:attachment":[{"href":"https:\/\/glotomania.com\/pt-pt\/wp-json\/wp\/v2\/media?parent=390314"}],"wp:term":[{"taxonomy":"pwb-brand","embeddable":true,"href":"https:\/\/glotomania.com\/pt-pt\/wp-json\/wp\/v2\/pwb-brand?post=390314"},{"taxonomy":"product_brand","embeddable":true,"href":"https:\/\/glotomania.com\/pt-pt\/wp-json\/wp\/v2\/product_brand?post=390314"},{"taxonomy":"product_cat","embeddable":true,"href":"https:\/\/glotomania.com\/pt-pt\/wp-json\/wp\/v2\/product_cat?post=390314"},{"taxonomy":"product_tag","embeddable":true,"href":"https:\/\/glotomania.com\/pt-pt\/wp-json\/wp\/v2\/product_tag?post=390314"}],"curies":[{"name":"wp","href":"https:\/\/api.w.org\/{rel}","templated":true}]}}