{"id":390315,"date":"2025-09-02T11:02:29","date_gmt":"2025-09-02T11:02:29","guid":{"rendered":"https:\/\/glotomania.com\/p\/flor-de-oblea-gigante-dekora-roja-2\/"},"modified":"2026-03-11T02:15:40","modified_gmt":"2026-03-11T02:15:40","slug":"flor-de-oblea-gigante-dekora-roja-2","status":"publish","type":"product","link":"https:\/\/glotomania.com\/pt-pt\/p\/flor-de-oblea-gigante-dekora-roja-2\/","title":{"rendered":"Flor Gigante Em Folha De Wafer Dekora &#8211; Vermelho"},"content":{"rendered":"<p>&nbsp;<\/p>\n<p><span style=\"font-size: 14px\"><strong>Dim. aproximada:<\/strong>&nbsp;13&nbsp;cm.<\/span><\/p>\n<p><em><span style=\"font-size: 14px\">Inclui 1 flor.<\/span><\/em><\/p>\n","protected":false},"excerpt":{"rendered":"<p>Decorar facilmente com esta flore gigante de wafer, perfeitas para dar um toque elegante e floral \u00e0s nossas elabora\u00e7\u00f5es.<\/p>\n","protected":false},"featured_media":52314,"comment_status":"open","ping_status":"closed","template":"","meta":{"_acf_changed":false},"pwb-brand":[],"product_brand":[],"product_cat":[2979,2913,2907,2990,2992,2921,2996,2924,3002,3001,3004,1852,1839,1832,1996,1997,1896,1845,1833,1851,1849,1858],"product_tag":[],"class_list":{"0":"post-390315","1":"product","2":"type-product","3":"status-publish","4":"has-post-thumbnail","6":"product_cat-decoracoes-comestiveis-2","7":"product_cat-dia-das-maes","8":"product_cat-festas","9":"product_cat-flores-comestiveis-para-bolos-2","10":"product_cat-flores-de-wafer","11":"product_cat-pascoa","12":"product_cat-produtos-vegetarianos","13":"product_cat-sao-valentim-2","14":"product_cat-sem-acucar","15":"product_cat-sem-e-171-2","16":"product_cat-sem-gluten-2","17":"product_cat-san-valentin","18":"product_cat-decoracion-comestible","19":"product_cat-diestas-especiales","20":"product_cat-flores","21":"product_cat-flores-oblea","22":"product_cat-dieta-sin-azucar","23":"product_cat-dieta-sin-e-171","24":"product_cat-dieta-sin-gluten","25":"product_cat-dia-de-la-madre","26":"product_cat-fiestas","27":"product_cat-pascua","29":"first","30":"instock","31":"taxable","32":"shipping-taxable","33":"purchasable","34":"product-type-simple"},"acf":[],"df_price":5.37,"df_sale_price":"","df_regular_price":5.37,"df_image_link":"https:\/\/glotomania.com\/wp-content\/uploads\/2025\/02\/img_25881_667e394e55c44f4ef54a0bbf732a0b00_1-300x300.jpg","brands":[],"_links":{"self":[{"href":"https:\/\/glotomania.com\/pt-pt\/wp-json\/wp\/v2\/product\/390315","targetHints":{"allow":["GET"]}}],"collection":[{"href":"https:\/\/glotomania.com\/pt-pt\/wp-json\/wp\/v2\/product"}],"about":[{"href":"https:\/\/glotomania.com\/pt-pt\/wp-json\/wp\/v2\/types\/product"}],"replies":[{"embeddable":true,"href":"https:\/\/glotomania.com\/pt-pt\/wp-json\/wp\/v2\/comments?post=390315"}],"wp:featuredmedia":[{"embeddable":true,"href":"https:\/\/glotomania.com\/pt-pt\/wp-json\/wp\/v2\/media\/52314"}],"wp:attachment":[{"href":"https:\/\/glotomania.com\/pt-pt\/wp-json\/wp\/v2\/media?parent=390315"}],"wp:term":[{"taxonomy":"pwb-brand","embeddable":true,"href":"https:\/\/glotomania.com\/pt-pt\/wp-json\/wp\/v2\/pwb-brand?post=390315"},{"taxonomy":"product_brand","embeddable":true,"href":"https:\/\/glotomania.com\/pt-pt\/wp-json\/wp\/v2\/product_brand?post=390315"},{"taxonomy":"product_cat","embeddable":true,"href":"https:\/\/glotomania.com\/pt-pt\/wp-json\/wp\/v2\/product_cat?post=390315"},{"taxonomy":"product_tag","embeddable":true,"href":"https:\/\/glotomania.com\/pt-pt\/wp-json\/wp\/v2\/product_tag?post=390315"}],"curies":[{"name":"wp","href":"https:\/\/api.w.org\/{rel}","templated":true}]}}