{"id":390317,"date":"2025-09-02T11:02:31","date_gmt":"2025-09-02T11:02:31","guid":{"rendered":"https:\/\/glotomania.com\/p\/figura-para-tarta-comunion-nina-con-falda-rosa-2\/"},"modified":"2026-03-11T02:15:44","modified_gmt":"2026-03-11T02:15:44","slug":"figura-para-tarta-comunion-nina-con-falda-rosa-2","status":"publish","type":"product","link":"https:\/\/glotomania.com\/pt-pt\/p\/figura-para-tarta-comunion-nina-con-falda-rosa-2\/","title":{"rendered":"Figura Para Bolo &#8211; Menina Saia Rosa"},"content":{"rendered":"<p>\n<span style=\"font-size: 14px\"><span>Figura n&atilde;o comest&iacute;vel, deve ser removida antes de se consumir o bolo.&nbsp;<br \/>\nFeito de base PET, polyresin.<\/span><\/span><\/p>\n<p><span style=\"font-size: 14px\"><span>Regulamento (UE)<strong>&nbsp;10\/2011<\/strong>: materiais e objectos de pl&aacute;stico destinados a entrar em contacto com os alimentos.&nbsp;<\/span><\/span><\/p>\n<p><span style=\"font-size: 14px\"><span><strong>Medidas:&nbsp; <\/strong>16<span>&nbsp;cm.<\/span><\/span><\/span><\/p>\n<p><span style=\"font-size: 14px\"><span><u><strong>Conserva&ccedil;&atilde;o:<\/strong><\/u>&nbsp;&eacute; essencial mant&ecirc;-la na sua embalagem original e caixa durante o armazenamento.<\/span><\/span><\/p>\n","protected":false},"excerpt":{"rendered":"<p>Figura n\u00e3o comest\u00edvel, ideal para as nossas celebra\u00e7\u00f5es mais especiais.<\/p>\n","protected":false},"featured_media":52305,"comment_status":"open","ping_status":"closed","template":"","meta":{"_acf_changed":false},"pwb-brand":[],"product_brand":[],"product_cat":[2911,1792,3200,2907,3202,3207,1861,1860,3087,1862,1849,1767],"product_tag":[],"class_list":{"0":"post-390317","1":"product","2":"type-product","3":"status-publish","4":"has-post-thumbnail","6":"product_cat-comunhoes","7":"product_cat-decoracion-no-comestible","8":"product_cat-decoracoes-nao-comestiveis","9":"product_cat-festas","10":"product_cat-figuras-para-bolos","11":"product_cat-figuras-para-comunhoes","12":"product_cat-figuras-comuniones","13":"product_cat-figuras-tartas","14":"product_cat-ordem-e-armazenamento","15":"product_cat-comuniones","16":"product_cat-fiestas","17":"product_cat-utensilios","19":"first","20":"instock","21":"taxable","22":"shipping-taxable","23":"purchasable","24":"product-type-simple"},"acf":[],"df_price":8.51,"df_sale_price":"","df_regular_price":8.51,"df_image_link":"https:\/\/glotomania.com\/wp-content\/uploads\/2025\/01\/img_25883_1c40c951c8e151dfcac5853679212009_1-300x300.jpg","brands":[],"_links":{"self":[{"href":"https:\/\/glotomania.com\/pt-pt\/wp-json\/wp\/v2\/product\/390317","targetHints":{"allow":["GET"]}}],"collection":[{"href":"https:\/\/glotomania.com\/pt-pt\/wp-json\/wp\/v2\/product"}],"about":[{"href":"https:\/\/glotomania.com\/pt-pt\/wp-json\/wp\/v2\/types\/product"}],"replies":[{"embeddable":true,"href":"https:\/\/glotomania.com\/pt-pt\/wp-json\/wp\/v2\/comments?post=390317"}],"wp:featuredmedia":[{"embeddable":true,"href":"https:\/\/glotomania.com\/pt-pt\/wp-json\/wp\/v2\/media\/52305"}],"wp:attachment":[{"href":"https:\/\/glotomania.com\/pt-pt\/wp-json\/wp\/v2\/media?parent=390317"}],"wp:term":[{"taxonomy":"pwb-brand","embeddable":true,"href":"https:\/\/glotomania.com\/pt-pt\/wp-json\/wp\/v2\/pwb-brand?post=390317"},{"taxonomy":"product_brand","embeddable":true,"href":"https:\/\/glotomania.com\/pt-pt\/wp-json\/wp\/v2\/product_brand?post=390317"},{"taxonomy":"product_cat","embeddable":true,"href":"https:\/\/glotomania.com\/pt-pt\/wp-json\/wp\/v2\/product_cat?post=390317"},{"taxonomy":"product_tag","embeddable":true,"href":"https:\/\/glotomania.com\/pt-pt\/wp-json\/wp\/v2\/product_tag?post=390317"}],"curies":[{"name":"wp","href":"https:\/\/api.w.org\/{rel}","templated":true}]}}