{"id":390319,"date":"2025-09-02T11:02:32","date_gmt":"2025-09-02T11:02:32","guid":{"rendered":"https:\/\/glotomania.com\/p\/figura-para-tarta-comunion-nino-con-traje-azul-y-rosario-2\/"},"modified":"2026-04-17T10:15:56","modified_gmt":"2026-04-17T10:15:56","slug":"figura-para-tarta-comunion-nino-con-traje-azul-y-rosario-2","status":"publish","type":"product","link":"https:\/\/glotomania.com\/pt-pt\/p\/figura-para-tarta-comunion-nino-con-traje-azul-y-rosario-2\/","title":{"rendered":"Figura Para Bolo &#8211; Menino De Azul E Ter\u00c7o"},"content":{"rendered":"<p>\n<span style=\"font-size: 14px\"><span>Figura n&atilde;o comest&iacute;vel, deve ser removida antes de se consumir o bolo.&nbsp;<br \/>\nFeito de base PET, polyresin.<\/span><\/span><\/p>\n<p><span style=\"font-size: 14px\"><span>Regulamento (UE)<strong>&nbsp;10\/2011<\/strong>: materiais e objectos de pl&aacute;stico destinados a entrar em contacto com os alimentos.&nbsp;<\/span><\/span><\/p>\n<p><span style=\"font-size: 14px\"><span><strong>Medidas:&nbsp;<\/strong>&nbsp;<\/span><\/span><span style=\"font-size: 14px\">16&nbsp;cm<\/span><\/p>\n<p><span style=\"font-size: 14px\"><span><u><strong>Conserva&ccedil;&atilde;o:<\/strong><\/u>&nbsp;&eacute; essencial mant&ecirc;-la na sua embalagem original e caixa durante o armazenamento.<\/span><\/span><\/p>\n","protected":false},"excerpt":{"rendered":"<p>Figura n\u00e3o comest\u00edvel, ideal para as nossas celebra\u00e7\u00f5es mais especiais.<\/p>\n","protected":false},"featured_media":52307,"comment_status":"open","ping_status":"closed","template":"","meta":{"_acf_changed":false},"pwb-brand":[],"product_brand":[],"product_cat":[2911,3200,3200,2907,3202,3207,3207,3202,3087,2911,2907,3087],"product_tag":[],"class_list":{"0":"post-390319","1":"product","2":"type-product","3":"status-publish","4":"has-post-thumbnail","6":"product_cat-comunhoes","7":"product_cat-decoracoes-nao-comestiveis","9":"product_cat-festas","10":"product_cat-figuras-para-bolos","11":"product_cat-figuras-para-comunhoes","14":"product_cat-ordem-e-armazenamento","19":"first","20":"instock","21":"taxable","22":"shipping-taxable","23":"purchasable","24":"product-type-simple"},"acf":[],"df_price":9.75,"df_sale_price":"","df_regular_price":9.75,"df_image_link":"https:\/\/glotomania.com\/wp-content\/uploads\/2025\/01\/img_25892_b7533c35e0b18939a4b4d97962dbe938_1-300x300.jpg","brands":[],"_links":{"self":[{"href":"https:\/\/glotomania.com\/pt-pt\/wp-json\/wp\/v2\/product\/390319","targetHints":{"allow":["GET"]}}],"collection":[{"href":"https:\/\/glotomania.com\/pt-pt\/wp-json\/wp\/v2\/product"}],"about":[{"href":"https:\/\/glotomania.com\/pt-pt\/wp-json\/wp\/v2\/types\/product"}],"replies":[{"embeddable":true,"href":"https:\/\/glotomania.com\/pt-pt\/wp-json\/wp\/v2\/comments?post=390319"}],"wp:featuredmedia":[{"embeddable":true,"href":"https:\/\/glotomania.com\/pt-pt\/wp-json\/wp\/v2\/media\/52307"}],"wp:attachment":[{"href":"https:\/\/glotomania.com\/pt-pt\/wp-json\/wp\/v2\/media?parent=390319"}],"wp:term":[{"taxonomy":"pwb-brand","embeddable":true,"href":"https:\/\/glotomania.com\/pt-pt\/wp-json\/wp\/v2\/pwb-brand?post=390319"},{"taxonomy":"product_brand","embeddable":true,"href":"https:\/\/glotomania.com\/pt-pt\/wp-json\/wp\/v2\/product_brand?post=390319"},{"taxonomy":"product_cat","embeddable":true,"href":"https:\/\/glotomania.com\/pt-pt\/wp-json\/wp\/v2\/product_cat?post=390319"},{"taxonomy":"product_tag","embeddable":true,"href":"https:\/\/glotomania.com\/pt-pt\/wp-json\/wp\/v2\/product_tag?post=390319"}],"curies":[{"name":"wp","href":"https:\/\/api.w.org\/{rel}","templated":true}]}}