{"id":390321,"date":"2025-09-02T11:02:34","date_gmt":"2025-09-02T11:02:34","guid":{"rendered":"https:\/\/glotomania.com\/p\/velas-cumpleanos-burbujas-doradas-2\/"},"modified":"2026-03-17T14:59:29","modified_gmt":"2026-03-17T14:59:29","slug":"velas-cumpleanos-burbujas-doradas-2","status":"publish","type":"product","link":"https:\/\/glotomania.com\/pt-pt\/p\/velas-cumpleanos-burbujas-doradas-2\/","title":{"rendered":"Velas De Anivers\u00c1rio Com Bolhas &#8211; Douradas"},"content":{"rendered":"<p>&nbsp;<\/p>\n<p><span style=\"font-size:14px\">Feitas de<strong> parafina sem perfume<\/strong>, estas velas garantem uma experi&ecirc;ncia de cheiro neutro, permitindo que o aroma espetacular dos seus bolos transpare&ccedil;a. O pavio sem <strong>chumbo garante uma queima limpa e segura<\/strong>, enquanto a<strong> tinta de revestimento de alta qualidade<\/strong> mant&eacute;m o seu acabamento dourado cintilante.<\/span><\/p>\n<p><span style=\"font-size:14px\">Perfeitamente seguras para contacto com alimentos, as nossas velas incluem uma base de pl&aacute;stico concebida especialmente para utiliza&ccedil;&atilde;o em bolos.<\/span><\/p>\n<p><span style=\"font-size:14px\"><strong>Dimens&otilde;es aproximadas: <\/strong>14 cm.<\/span><\/p>\n<p><em><span style=\"font-size:14px\">Regulamento (UE) 10\/2011: materiais e objectos de pl&aacute;stico destinados a entrar em contacto com os alimentos.&nbsp;<\/span><\/em><\/p>\n","protected":false},"excerpt":{"rendered":"<p>Com um sofisticado padr\u00e3o de bolhas e acabamentos numa elegante cor dourada cintilante, estas velas transformar\u00e3o qualquer bolo no centro das aten\u00e7\u00f5es da festa.<\/p>\n","protected":false},"featured_media":52310,"comment_status":"open","ping_status":"closed","template":"","meta":{"_acf_changed":false},"pwb-brand":[],"product_brand":[],"product_cat":[3200,2907,3087,3211,3209,1792,1849,1767,1796,1795],"product_tag":[],"class_list":{"0":"post-390321","1":"product","2":"type-product","3":"status-publish","4":"has-post-thumbnail","6":"product_cat-decoracoes-nao-comestiveis","7":"product_cat-festas","8":"product_cat-ordem-e-armazenamento","9":"product_cat-velas-originais","10":"product_cat-velas-para-bolos","11":"product_cat-decoracion-no-comestible","12":"product_cat-fiestas","13":"product_cat-utensilios","14":"product_cat-velas-originales","15":"product_cat-velas","17":"first","18":"instock","19":"taxable","20":"shipping-taxable","21":"purchasable","22":"product-type-simple"},"acf":[],"df_price":2.95,"df_sale_price":"","df_regular_price":2.95,"df_image_link":"https:\/\/glotomania.com\/wp-content\/uploads\/2025\/01\/img_25902_91956635959fd4c38021ee9f6de06f6e_1-300x300.jpg","brands":[],"_links":{"self":[{"href":"https:\/\/glotomania.com\/pt-pt\/wp-json\/wp\/v2\/product\/390321","targetHints":{"allow":["GET"]}}],"collection":[{"href":"https:\/\/glotomania.com\/pt-pt\/wp-json\/wp\/v2\/product"}],"about":[{"href":"https:\/\/glotomania.com\/pt-pt\/wp-json\/wp\/v2\/types\/product"}],"replies":[{"embeddable":true,"href":"https:\/\/glotomania.com\/pt-pt\/wp-json\/wp\/v2\/comments?post=390321"}],"wp:featuredmedia":[{"embeddable":true,"href":"https:\/\/glotomania.com\/pt-pt\/wp-json\/wp\/v2\/media\/52310"}],"wp:attachment":[{"href":"https:\/\/glotomania.com\/pt-pt\/wp-json\/wp\/v2\/media?parent=390321"}],"wp:term":[{"taxonomy":"pwb-brand","embeddable":true,"href":"https:\/\/glotomania.com\/pt-pt\/wp-json\/wp\/v2\/pwb-brand?post=390321"},{"taxonomy":"product_brand","embeddable":true,"href":"https:\/\/glotomania.com\/pt-pt\/wp-json\/wp\/v2\/product_brand?post=390321"},{"taxonomy":"product_cat","embeddable":true,"href":"https:\/\/glotomania.com\/pt-pt\/wp-json\/wp\/v2\/product_cat?post=390321"},{"taxonomy":"product_tag","embeddable":true,"href":"https:\/\/glotomania.com\/pt-pt\/wp-json\/wp\/v2\/product_tag?post=390321"}],"curies":[{"name":"wp","href":"https:\/\/api.w.org\/{rel}","templated":true}]}}