{"id":390323,"date":"2025-09-02T11:02:36","date_gmt":"2025-09-02T11:02:36","guid":{"rendered":"https:\/\/glotomania.com\/p\/topper-para-tarta-dorado-dekora-a-minha-comunhao-2\/"},"modified":"2026-03-11T02:15:57","modified_gmt":"2026-03-11T02:15:57","slug":"topper-para-tarta-dorado-dekora-a-minha-comunhao-2","status":"publish","type":"product","link":"https:\/\/glotomania.com\/pt-pt\/p\/topper-para-tarta-dorado-dekora-a-minha-comunhao-2\/","title":{"rendered":"Cake Topper Dourado Dekora &#8211; \u201ca Minha Comunhao\u201d"},"content":{"rendered":"<p>&nbsp;<\/p>\n<p><span style=\"font-size:14px\">Figura n&atilde;o comest&iacute;vel, deve ser retirada antes de consumir o bolo.&nbsp;<br \/>\nProduto fabricado em pl&aacute;stico, PVC, com excelente acabamento.&nbsp;<\/span><\/p>\n<p><em><span style=\"font-size:14px\"><strong>Regulamento (UE) 1935\/2004<\/strong>: materiais e objectos destinados a entrar em contacto direto com os alimentos.&nbsp;<\/span><\/em><\/p>\n<p><span style=\"font-size:14px\"><strong>Medidas: <\/strong>16 x 9,5 cm.<\/span><\/p>\n<p><span style=\"font-size:14px\"><u><strong>Armazenamento<\/strong><\/u>: &eacute; essencial mant&ecirc;-lo na sua embalagem e caixa originais durante o armazenamento.<\/span><\/p>\n","protected":false},"excerpt":{"rendered":"<p>Elegante e bela decora\u00e7\u00e3o dourada para coroar os nossos bolos de comunh\u00e3o.<\/p>\n","protected":false},"featured_media":52309,"comment_status":"open","ping_status":"closed","template":"","meta":{"_acf_changed":false},"pwb-brand":[],"product_brand":[],"product_cat":[2911,1792,3200,2907,3087,1862,1849,3208,1793,1767],"product_tag":[],"class_list":{"0":"post-390323","1":"product","2":"type-product","3":"status-publish","4":"has-post-thumbnail","6":"product_cat-comunhoes","7":"product_cat-decoracion-no-comestible","8":"product_cat-decoracoes-nao-comestiveis","9":"product_cat-festas","10":"product_cat-ordem-e-armazenamento","11":"product_cat-comuniones","12":"product_cat-fiestas","13":"product_cat-toppers-para-bolos","14":"product_cat-toppers","15":"product_cat-utensilios","17":"first","18":"instock","19":"taxable","20":"shipping-taxable","21":"purchasable","22":"product-type-simple"},"acf":[],"df_price":2.13,"df_sale_price":"","df_regular_price":2.13,"df_image_link":"https:\/\/glotomania.com\/wp-content\/uploads\/2025\/01\/img_25907_047b546dff4096e39eddc938f84ce42b_1-300x300.jpg","brands":[],"_links":{"self":[{"href":"https:\/\/glotomania.com\/pt-pt\/wp-json\/wp\/v2\/product\/390323","targetHints":{"allow":["GET"]}}],"collection":[{"href":"https:\/\/glotomania.com\/pt-pt\/wp-json\/wp\/v2\/product"}],"about":[{"href":"https:\/\/glotomania.com\/pt-pt\/wp-json\/wp\/v2\/types\/product"}],"replies":[{"embeddable":true,"href":"https:\/\/glotomania.com\/pt-pt\/wp-json\/wp\/v2\/comments?post=390323"}],"wp:featuredmedia":[{"embeddable":true,"href":"https:\/\/glotomania.com\/pt-pt\/wp-json\/wp\/v2\/media\/52309"}],"wp:attachment":[{"href":"https:\/\/glotomania.com\/pt-pt\/wp-json\/wp\/v2\/media?parent=390323"}],"wp:term":[{"taxonomy":"pwb-brand","embeddable":true,"href":"https:\/\/glotomania.com\/pt-pt\/wp-json\/wp\/v2\/pwb-brand?post=390323"},{"taxonomy":"product_brand","embeddable":true,"href":"https:\/\/glotomania.com\/pt-pt\/wp-json\/wp\/v2\/product_brand?post=390323"},{"taxonomy":"product_cat","embeddable":true,"href":"https:\/\/glotomania.com\/pt-pt\/wp-json\/wp\/v2\/product_cat?post=390323"},{"taxonomy":"product_tag","embeddable":true,"href":"https:\/\/glotomania.com\/pt-pt\/wp-json\/wp\/v2\/product_tag?post=390323"}],"curies":[{"name":"wp","href":"https:\/\/api.w.org\/{rel}","templated":true}]}}