{"id":390340,"date":"2025-09-02T11:02:54","date_gmt":"2025-09-02T11:02:54","guid":{"rendered":"https:\/\/glotomania.com\/p\/set-cortadores-para-galletas-dr-oetker-familia-conejos-2\/"},"modified":"2026-03-11T02:16:37","modified_gmt":"2026-03-11T02:16:37","slug":"set-cortadores-para-galletas-dr-oetker-familia-conejos-2","status":"publish","type":"product","link":"https:\/\/glotomania.com\/pt-pt\/p\/set-cortadores-para-galletas-dr-oetker-familia-conejos-2\/","title":{"rendered":"Conjunto De Cortadores De Biscoitos Dr. Oetker &#8211; Familia Coelhos"},"content":{"rendered":"<p>&nbsp;<\/p>\n<p><span style=\"font-size:14px\">Fabricado em folha de alum&iacute;nio prateada de qualidade alimentar. F&aacute;cil de limpar &agrave; m&atilde;o ap&oacute;s cada utiliza&ccedil;&atilde;o.<\/span><\/p>\n<p><span style=\"font-size:14px\"><strong>Dimens&otilde;es aproximadas: <\/strong>7,5 &#8211; 15 cm x 4 &#8211; 9 cm x 2,5 cm.<\/span><\/p>\n","protected":false},"excerpt":{"rendered":"<p>Inclui 3 cortadores met\u00e1licos Dr. Oetker, ideais para fazer originais biscoitos de P\u00e1scoa com desenhos da fam\u00edlia dos coelhinhos.<\/p>\n","protected":false},"featured_media":54020,"comment_status":"open","ping_status":"closed","template":"","meta":{"_acf_changed":false},"pwb-brand":[],"product_brand":[],"product_cat":[1788,3199,2907,3087,2921,1849,1858,1767],"product_tag":[],"class_list":{"0":"post-390340","1":"product","2":"type-product","3":"status-publish","4":"has-post-thumbnail","6":"product_cat-cortadores-de-cobre","7":"product_cat-cortadores-de-metal","8":"product_cat-festas","9":"product_cat-ordem-e-armazenamento","10":"product_cat-pascoa","11":"product_cat-fiestas","12":"product_cat-pascua","13":"product_cat-utensilios","15":"first","16":"instock","17":"taxable","18":"shipping-taxable","19":"purchasable","20":"product-type-simple"},"acf":[],"df_price":7.5,"df_sale_price":"","df_regular_price":7.5,"df_image_link":"https:\/\/glotomania.com\/wp-content\/uploads\/2025\/02\/img_26041_2dd780002ae631ca3a3d2a6bcd43a351_1-300x300.jpg","brands":[],"_links":{"self":[{"href":"https:\/\/glotomania.com\/pt-pt\/wp-json\/wp\/v2\/product\/390340","targetHints":{"allow":["GET"]}}],"collection":[{"href":"https:\/\/glotomania.com\/pt-pt\/wp-json\/wp\/v2\/product"}],"about":[{"href":"https:\/\/glotomania.com\/pt-pt\/wp-json\/wp\/v2\/types\/product"}],"replies":[{"embeddable":true,"href":"https:\/\/glotomania.com\/pt-pt\/wp-json\/wp\/v2\/comments?post=390340"}],"wp:featuredmedia":[{"embeddable":true,"href":"https:\/\/glotomania.com\/pt-pt\/wp-json\/wp\/v2\/media\/54020"}],"wp:attachment":[{"href":"https:\/\/glotomania.com\/pt-pt\/wp-json\/wp\/v2\/media?parent=390340"}],"wp:term":[{"taxonomy":"pwb-brand","embeddable":true,"href":"https:\/\/glotomania.com\/pt-pt\/wp-json\/wp\/v2\/pwb-brand?post=390340"},{"taxonomy":"product_brand","embeddable":true,"href":"https:\/\/glotomania.com\/pt-pt\/wp-json\/wp\/v2\/product_brand?post=390340"},{"taxonomy":"product_cat","embeddable":true,"href":"https:\/\/glotomania.com\/pt-pt\/wp-json\/wp\/v2\/product_cat?post=390340"},{"taxonomy":"product_tag","embeddable":true,"href":"https:\/\/glotomania.com\/pt-pt\/wp-json\/wp\/v2\/product_tag?post=390340"}],"curies":[{"name":"wp","href":"https:\/\/api.w.org\/{rel}","templated":true}]}}