{"id":390348,"date":"2025-09-02T11:02:59","date_gmt":"2025-09-02T11:02:59","guid":{"rendered":"https:\/\/glotomania.com\/p\/molde-para-chocolate-3d-wilton-conejos-y-zanahorias-2\/"},"modified":"2026-03-24T17:38:39","modified_gmt":"2026-03-24T17:38:39","slug":"molde-para-chocolate-3d-wilton-conejos-y-zanahorias-2","status":"publish","type":"product","link":"https:\/\/glotomania.com\/pt-pt\/p\/molde-para-chocolate-3d-wilton-conejos-y-zanahorias-2\/","title":{"rendered":"Molde Para Chocolate (3d) Wilton &#8211; Coelhos E Cenouras"},"content":{"rendered":"<p>&nbsp;<\/p>\n<p><span style=\"font-size:14px\"><span style=\"color:#000000\">Fabricado em pl&aacute;stico transparente de alta qualidade e seguro para alimentos.<\/span><\/span><\/p>\n<p><span style=\"font-size:14px\"><span style=\"color:#000000\"><strong>Tem 24 cavidades com desenhos de coelhinhos e cenouras.<\/strong><\/span><\/span><\/p>\n<p><span style=\"font-size:14px\"><span style=\"color:#000000\"><strong>Dimens&otilde;es aproximadas:<\/strong> cavidade 3 cm.<\/span><\/span><\/p>\n<p><span style=\"font-size:14px\"><span style=\"color:#000000\"><em>N&atilde;o pode ser lavado na m&aacute;quina de lavar lou&ccedil;a. Lavar &agrave; m&atilde;o antes de utilizar com &aacute;gua e sab&atilde;o neutro.<\/em><\/span><\/span><\/p>\n","protected":false},"excerpt":{"rendered":"<p>Fa\u00e7a coelhinhos e cenouras 3D perfeitos para a P\u00e1scoa com este fant\u00e1stico molde de chocolate e doces da Wilton.<\/p>\n","protected":false},"featured_media":54023,"comment_status":"open","ping_status":"closed","template":"","meta":{"_acf_changed":false},"pwb-brand":[],"product_brand":[],"product_cat":[2907,3214,3221,3223,3087,2921,1918,1801,1884,1849,1858,1767],"product_tag":[],"class_list":{"0":"post-390348","1":"product","2":"type-product","3":"status-publish","4":"has-post-thumbnail","6":"product_cat-festas","7":"product_cat-moldes-de-pastelaria","8":"product_cat-moldes-de-plastico","9":"product_cat-moldes-para-chocolate","10":"product_cat-ordem-e-armazenamento","11":"product_cat-pascoa","12":"product_cat-moldes-plastico","13":"product_cat-moldes","14":"product_cat-moldes-chocolate","15":"product_cat-fiestas","16":"product_cat-pascua","17":"product_cat-utensilios","19":"first","20":"instock","21":"taxable","22":"shipping-taxable","23":"purchasable","24":"product-type-simple"},"acf":[],"df_price":2.37,"df_sale_price":"","df_regular_price":2.37,"df_image_link":"https:\/\/glotomania.com\/wp-content\/uploads\/2025\/02\/img_26057_ec702da9e40d2eca9e955363bddbfd61_1-300x300.jpg","brands":[],"_links":{"self":[{"href":"https:\/\/glotomania.com\/pt-pt\/wp-json\/wp\/v2\/product\/390348","targetHints":{"allow":["GET"]}}],"collection":[{"href":"https:\/\/glotomania.com\/pt-pt\/wp-json\/wp\/v2\/product"}],"about":[{"href":"https:\/\/glotomania.com\/pt-pt\/wp-json\/wp\/v2\/types\/product"}],"replies":[{"embeddable":true,"href":"https:\/\/glotomania.com\/pt-pt\/wp-json\/wp\/v2\/comments?post=390348"}],"wp:featuredmedia":[{"embeddable":true,"href":"https:\/\/glotomania.com\/pt-pt\/wp-json\/wp\/v2\/media\/54023"}],"wp:attachment":[{"href":"https:\/\/glotomania.com\/pt-pt\/wp-json\/wp\/v2\/media?parent=390348"}],"wp:term":[{"taxonomy":"pwb-brand","embeddable":true,"href":"https:\/\/glotomania.com\/pt-pt\/wp-json\/wp\/v2\/pwb-brand?post=390348"},{"taxonomy":"product_brand","embeddable":true,"href":"https:\/\/glotomania.com\/pt-pt\/wp-json\/wp\/v2\/product_brand?post=390348"},{"taxonomy":"product_cat","embeddable":true,"href":"https:\/\/glotomania.com\/pt-pt\/wp-json\/wp\/v2\/product_cat?post=390348"},{"taxonomy":"product_tag","embeddable":true,"href":"https:\/\/glotomania.com\/pt-pt\/wp-json\/wp\/v2\/product_tag?post=390348"}],"curies":[{"name":"wp","href":"https:\/\/api.w.org\/{rel}","templated":true}]}}