{"id":390350,"date":"2025-09-02T11:03:01","date_gmt":"2025-09-02T11:03:01","guid":{"rendered":"https:\/\/glotomania.com\/p\/molde-de-papel-multiporciones-4-porciones-500-g-2\/"},"modified":"2026-03-11T02:16:59","modified_gmt":"2026-03-11T02:16:59","slug":"molde-de-papel-multiporciones-4-porciones-500-g-2","status":"publish","type":"product","link":"https:\/\/glotomania.com\/pt-pt\/p\/molde-de-papel-multiporciones-4-porciones-500-g-2\/","title":{"rendered":"Forma De Papel Multi-servi\u00c7os &#8211; 4 Por\u00c7\u00d5es \/ 500 G"},"content":{"rendered":"<p>&nbsp;<\/p>\n<p><span style=\"color:#000000\"><span style=\"font-size:14px\">Feito com papel pr&oacute;prio para alimentos. Resistente a altas temperaturas do forno.<\/span><\/span><\/p>\n<p><span style=\"color:#000000\"><span style=\"font-size:14px\">Recomenda-se armazenar longe de locais poeirentos e da luz solar direta.<\/span><\/span><\/p>\n<p><span style=\"color:#000000\"><span style=\"font-size:14px\"><strong>Medidas aproximadas<\/strong>: Base 190 x 95 mm &#8211; Altura 40 mm.<\/span><\/span><\/p>\n<p><em><span style=\"color:#000000\"><span style=\"font-size:14px\">Forma para 4 doses (500 g).<\/span><\/span><\/em><\/p>\n","protected":false},"excerpt":{"rendered":"<p>Feita com papel resistente a altas temperaturas de forno, esta forma garante uma cozedura uniforme sem se preocupar com o desgaste e permite dividir as suas cria\u00e7\u00f5es em por\u00e7\u00f5es perfeitas.<\/p>\n","protected":false},"featured_media":55115,"comment_status":"open","ping_status":"closed","template":"","meta":{"_acf_changed":false},"pwb-brand":[],"product_brand":[],"product_cat":[3220,1808,3214,1801,3219,1807,3087,1767],"product_tag":[],"class_list":{"0":"post-390350","1":"product","2":"type-product","3":"status-publish","4":"has-post-thumbnail","6":"product_cat-moldes-de-papel-descartaveis","7":"product_cat-moldes-papel-desechable","8":"product_cat-moldes-de-pastelaria","9":"product_cat-moldes","10":"product_cat-moldes-multi-porcoes","11":"product_cat-moldes-multiporciones","12":"product_cat-ordem-e-armazenamento","13":"product_cat-utensilios","15":"first","16":"instock","17":"taxable","18":"shipping-taxable","19":"purchasable","20":"product-type-simple"},"acf":[],"df_price":0.95,"df_sale_price":"","df_regular_price":0.95,"df_image_link":"https:\/\/glotomania.com\/wp-content\/uploads\/2025\/02\/img_26066_d4ec6681e42475409d91ff8abc61080b_1-300x300.jpg","brands":[],"_links":{"self":[{"href":"https:\/\/glotomania.com\/pt-pt\/wp-json\/wp\/v2\/product\/390350","targetHints":{"allow":["GET"]}}],"collection":[{"href":"https:\/\/glotomania.com\/pt-pt\/wp-json\/wp\/v2\/product"}],"about":[{"href":"https:\/\/glotomania.com\/pt-pt\/wp-json\/wp\/v2\/types\/product"}],"replies":[{"embeddable":true,"href":"https:\/\/glotomania.com\/pt-pt\/wp-json\/wp\/v2\/comments?post=390350"}],"wp:featuredmedia":[{"embeddable":true,"href":"https:\/\/glotomania.com\/pt-pt\/wp-json\/wp\/v2\/media\/55115"}],"wp:attachment":[{"href":"https:\/\/glotomania.com\/pt-pt\/wp-json\/wp\/v2\/media?parent=390350"}],"wp:term":[{"taxonomy":"pwb-brand","embeddable":true,"href":"https:\/\/glotomania.com\/pt-pt\/wp-json\/wp\/v2\/pwb-brand?post=390350"},{"taxonomy":"product_brand","embeddable":true,"href":"https:\/\/glotomania.com\/pt-pt\/wp-json\/wp\/v2\/product_brand?post=390350"},{"taxonomy":"product_cat","embeddable":true,"href":"https:\/\/glotomania.com\/pt-pt\/wp-json\/wp\/v2\/product_cat?post=390350"},{"taxonomy":"product_tag","embeddable":true,"href":"https:\/\/glotomania.com\/pt-pt\/wp-json\/wp\/v2\/product_tag?post=390350"}],"curies":[{"name":"wp","href":"https:\/\/api.w.org\/{rel}","templated":true}]}}