{"id":390351,"date":"2025-09-02T11:03:02","date_gmt":"2025-09-02T11:03:02","guid":{"rendered":"https:\/\/glotomania.com\/p\/molde-de-papel-corazon-500-g-2\/"},"modified":"2026-04-07T17:13:24","modified_gmt":"2026-04-07T17:13:24","slug":"molde-de-papel-corazon-500-g-2","status":"publish","type":"product","link":"https:\/\/glotomania.com\/pt-pt\/p\/molde-de-papel-corazon-500-g-2\/","title":{"rendered":"Forma De Papel Cora\u00c7\u00c3o &#8211; 500 G"},"content":{"rendered":"<p>&nbsp;<\/p>\n<p><span style=\"color:#000000\"><span style=\"font-size:14px\">Feito com papel de qualidade alimentar. Resistente a altas temperaturas do forno.<\/span><\/span><\/p>\n<p><span style=\"color:#000000\"><span style=\"font-size:14px\">Recomenda-se armazenar longe de locais poeirentos e da luz solar direta.<\/span><\/span><\/p>\n<p><span style=\"color:#000000\"><span style=\"font-size:14px\"><strong>Medidas aproximadas:<\/strong> Base 174,5 x 175 mm &#8211; Altura 45 mm.<\/span><\/span><\/p>\n","protected":false},"excerpt":{"rendered":"<p>Feita com papel resistente a altas temperaturas de forno, esta forma garante uma cozedura uniforme sem se preocupar com o desgaste, para que possa criar cora\u00e7\u00f5es perfeitos para o Dia dos Namorados ou qualquer outra ocasi\u00e3o especial.<\/p>\n","protected":false},"featured_media":55123,"comment_status":"open","ping_status":"closed","template":"","meta":{"_acf_changed":false},"pwb-brand":[],"product_brand":[],"product_cat":[1852,2913,2907,3220,1808,3214,1801,3087,1851,1849,2924,1767],"product_tag":[],"class_list":{"0":"post-390351","1":"product","2":"type-product","3":"status-publish","4":"has-post-thumbnail","6":"product_cat-san-valentin","7":"product_cat-dia-das-maes","8":"product_cat-festas","9":"product_cat-moldes-de-papel-descartaveis","10":"product_cat-moldes-papel-desechable","11":"product_cat-moldes-de-pastelaria","12":"product_cat-moldes","13":"product_cat-ordem-e-armazenamento","14":"product_cat-dia-de-la-madre","15":"product_cat-fiestas","16":"product_cat-sao-valentim-2","17":"product_cat-utensilios","19":"first","20":"instock","21":"taxable","22":"shipping-taxable","23":"purchasable","24":"product-type-simple"},"acf":[],"df_price":1.1,"df_sale_price":"","df_regular_price":1.1,"df_image_link":"https:\/\/glotomania.com\/wp-content\/uploads\/2025\/02\/img_26068_6ecf24e4132523ba232c3dee40de110d_1-300x300.jpg","brands":[],"_links":{"self":[{"href":"https:\/\/glotomania.com\/pt-pt\/wp-json\/wp\/v2\/product\/390351","targetHints":{"allow":["GET"]}}],"collection":[{"href":"https:\/\/glotomania.com\/pt-pt\/wp-json\/wp\/v2\/product"}],"about":[{"href":"https:\/\/glotomania.com\/pt-pt\/wp-json\/wp\/v2\/types\/product"}],"replies":[{"embeddable":true,"href":"https:\/\/glotomania.com\/pt-pt\/wp-json\/wp\/v2\/comments?post=390351"}],"wp:featuredmedia":[{"embeddable":true,"href":"https:\/\/glotomania.com\/pt-pt\/wp-json\/wp\/v2\/media\/55123"}],"wp:attachment":[{"href":"https:\/\/glotomania.com\/pt-pt\/wp-json\/wp\/v2\/media?parent=390351"}],"wp:term":[{"taxonomy":"pwb-brand","embeddable":true,"href":"https:\/\/glotomania.com\/pt-pt\/wp-json\/wp\/v2\/pwb-brand?post=390351"},{"taxonomy":"product_brand","embeddable":true,"href":"https:\/\/glotomania.com\/pt-pt\/wp-json\/wp\/v2\/product_brand?post=390351"},{"taxonomy":"product_cat","embeddable":true,"href":"https:\/\/glotomania.com\/pt-pt\/wp-json\/wp\/v2\/product_cat?post=390351"},{"taxonomy":"product_tag","embeddable":true,"href":"https:\/\/glotomania.com\/pt-pt\/wp-json\/wp\/v2\/product_tag?post=390351"}],"curies":[{"name":"wp","href":"https:\/\/api.w.org\/{rel}","templated":true}]}}